{"id":343552,"date":"2026-03-05T14:06:29","date_gmt":"2026-03-05T13:06:29","guid":{"rendered":"http:\/\/rwp.rizoma.com\/negozio\/kit-de-montaje-side-mount-bs891\/"},"modified":"2026-03-05T14:07:35","modified_gmt":"2026-03-05T13:07:35","slug":"kit-de-montaje-side-mount-bs891","status":"publish","type":"product","link":"https:\/\/cycle.rizoma.com\/es\/negozio\/espejos-retrovisores\/BS891\/kit-de-montaje-side-mount-bs891\/","title":{"rendered":"Kit de montaje Side Mount"},"content":{"rendered":"<p>El adaptador Side Mount ha sido dise\u00f1ado para permitir el montaje de los espejos Rizoma. Siguiendo con armon\u00eda las l\u00edneas de los espejos garantiza la continuidad del dise\u00f1o, nada se deja al azar. Tambi\u00e9n est\u00e1 realizado en aluminio mecanizado a partir de un bloque macizo para conferir resistencia y durabilidad.<\/p>\n","protected":false},"excerpt":{"rendered":"<p>El adaptador Side Mount ha sido dise\u00f1ado para permitir el montaje de los espejos Rizoma. Siguiendo con armon\u00eda las l\u00edneas de los espejos garantiza la continuidad del dise\u00f1o, nada se deja al azar. Tambi\u00e9n est\u00e1 realizado en aluminio mecanizado a partir de un bloque macizo para conferir resistencia y durabilidad.<\/p>\n","protected":false},"featured_media":341515,"template":"","meta":{"_acf_changed":false},"rizoma_assembly_time":[42664],"rizoma_bike":[41925,42030,41926,41957,42097,42098,42187,42175,42188,42176,42031,41966,41927,42185,42032,42186,42050,42203,42511,42620,42205,42513,42623,42206,42514,42624,42438,42439,42627,42276,42440,42277,42278,42441,42628,42279,42204,42512,42270,42404,42271,42405,42621,42622,42272,42406,42273,42407,42274,42408,42275,42409,42556,43430,43427,43744,43429,42559,44408,44409,44411,44410,44412,42042,42020,41747],"rizoma_division":[42653],"rizoma_family":[42669],"rizoma_model_category":[],"rizoma_product_template":[],"product_brand":[],"product_cat":[43943],"product_tag":[],"class_list":{"0":"post-343552","1":"product","2":"type-product","3":"status-publish","4":"has-post-thumbnail","6":"rizoma_bike-africa-twin-crf-1000l-2016-17","7":"rizoma_bike-africa-twin-crf-1000l-2018-19","8":"rizoma_bike-africa-twin-crf-1000l-abs-2016-17","9":"rizoma_bike-africa-twin-crf-1000l-abs-travel-edition-2016-17","10":"rizoma_bike-africa-twin-crf-1000l-adventure-sports-2018-19","11":"rizoma_bike-africa-twin-crf-1000l-adventure-sports-dct-2018-19","12":"rizoma_bike-africa-twin-crf-1000l-adventure-sports-dct-desert-track-2019","13":"rizoma_bike-africa-twin-crf-1000l-adventure-sports-dct-travel-edition-2019","14":"rizoma_bike-africa-twin-crf-1000l-adventure-sports-desert-track-2019","15":"rizoma_bike-africa-twin-crf-1000l-adventure-sports-travel-edition-2019","16":"rizoma_bike-africa-twin-crf-1000l-dct-2018-19","17":"rizoma_bike-africa-twin-crf-1000l-dct-abs-2016-17","18":"rizoma_bike-africa-twin-crf-1000l-dct-abs-travel-edition-2016-17","19":"rizoma_bike-africa-twin-crf-1000l-dct-desert-track-2019-20","20":"rizoma_bike-africa-twin-crf-1000l-dct-travel-edition-2018-19","21":"rizoma_bike-africa-twin-crf-1000l-desert-track-2019-20","22":"rizoma_bike-africa-twin-crf-1000l-travel-edition-2018-19","23":"rizoma_bike-africa-twin-crf-1100l-2020-21","24":"rizoma_bike-africa-twin-crf-1100l-2022-23","25":"rizoma_bike-africa-twin-crf-1100l-2024-26","26":"rizoma_bike-africa-twin-crf-1100l-adventure-sports-2020-21","27":"rizoma_bike-africa-twin-crf-1100l-adventure-sports-2022-23","28":"rizoma_bike-africa-twin-crf-1100l-adventure-sports-2024-26","29":"rizoma_bike-africa-twin-crf-1100l-adventure-sports-dct-2020-21","30":"rizoma_bike-africa-twin-crf-1100l-adventure-sports-dct-2022-23","31":"rizoma_bike-africa-twin-crf-1100l-adventure-sports-dct-2024-26","32":"rizoma_bike-africa-twin-crf-1100l-adventure-sports-dct-desert-track-2022-23","33":"rizoma_bike-africa-twin-crf-1100l-adventure-sports-dct-travel-edition-2022-23","34":"rizoma_bike-africa-twin-crf-1100l-adventure-sports-dct-travel-edition-2024-26","35":"rizoma_bike-africa-twin-crf-1100l-adventure-sports-desert-track-2020-21","36":"rizoma_bike-africa-twin-crf-1100l-adventure-sports-desert-track-2022-23","37":"rizoma_bike-africa-twin-crf-1100l-adventure-sports-desert-track-dct-2020-21","38":"rizoma_bike-africa-twin-crf-1100l-adventure-sports-travel-edition-2020-21","39":"rizoma_bike-africa-twin-crf-1100l-adventure-sports-travel-edition-2022-23","40":"rizoma_bike-africa-twin-crf-1100l-adventure-sports-travel-edition-2024-26","41":"rizoma_bike-africa-twin-crf-1100l-adventure-sports-travel-edition-dct-2020-21","42":"rizoma_bike-africa-twin-crf-1100l-dct-2020-21","43":"rizoma_bike-africa-twin-crf-1100l-dct-2022-23","44":"rizoma_bike-africa-twin-crf-1100l-desert-track-2020-21","45":"rizoma_bike-africa-twin-crf-1100l-desert-track-2022-23","46":"rizoma_bike-africa-twin-crf-1100l-desert-track-dct-2020-21","47":"rizoma_bike-africa-twin-crf-1100l-desert-track-dct-2022-23","48":"rizoma_bike-africa-twin-crf-1100l-es-2024-26","49":"rizoma_bike-africa-twin-crf-1100l-es-dct-2024-26","50":"rizoma_bike-africa-twin-crf-1100l-travel-edition-2020-21","51":"rizoma_bike-africa-twin-crf-1100l-travel-edition-2022-23","52":"rizoma_bike-africa-twin-crf-1100l-travel-edition-dct-2020-21","53":"rizoma_bike-africa-twin-crf-1100l-travel-edition-dct-2022-23","54":"rizoma_bike-africa-twin-crf-1100l-urban-2020-21","55":"rizoma_bike-africa-twin-crf-1100l-urban-2022-23","56":"rizoma_bike-africa-twin-crf-1100l-urban-dct-2020-21","57":"rizoma_bike-africa-twin-crf-1100l-urban-dct-2022-23","58":"rizoma_bike-gts-2023-2025","59":"rizoma_bike-gts-310-2025","60":"rizoma_bike-gts-310-super-2025","61":"rizoma_bike-gts-310-super-tech-2025","62":"rizoma_bike-gts-310-supersport-2025","63":"rizoma_bike-gts-super-2023-2025","64":"rizoma_bike-tracer-9-2025-26","65":"rizoma_bike-tracer-9-gt-2025-26","66":"rizoma_bike-tracer-9-gt-y-amt-2025-26","67":"rizoma_bike-tracer-9-gtplus-y-amt-2025","68":"rizoma_bike-tracer-9-y-amt-2025-26","69":"rizoma_bike-versys-1000-2017-18","70":"rizoma_bike-versys-x-300-2017-20","71":"rizoma_bike-z-750-s-1","72":"product_cat-espejos-retrovisores","74":"first","75":"instock","76":"taxable","77":"shipping-taxable","78":"purchasable","79":"product-type-variable"},"acf":[],"_links":{"self":[{"href":"https:\/\/cycle.rizoma.com\/es\/wp-json\/wp\/v2\/product\/343552","targetHints":{"allow":["GET"]}}],"collection":[{"href":"https:\/\/cycle.rizoma.com\/es\/wp-json\/wp\/v2\/product"}],"about":[{"href":"https:\/\/cycle.rizoma.com\/es\/wp-json\/wp\/v2\/types\/product"}],"wp:featuredmedia":[{"embeddable":true,"href":"https:\/\/cycle.rizoma.com\/es\/wp-json\/wp\/v2\/media\/341515"}],"wp:attachment":[{"href":"https:\/\/cycle.rizoma.com\/es\/wp-json\/wp\/v2\/media?parent=343552"}],"wp:term":[{"taxonomy":"rizoma_assembly_time","embeddable":true,"href":"https:\/\/cycle.rizoma.com\/es\/wp-json\/wp\/v2\/rizoma_assembly_time?post=343552"},{"taxonomy":"rizoma_bike","embeddable":true,"href":"https:\/\/cycle.rizoma.com\/es\/wp-json\/wp\/v2\/rizoma_bike?post=343552"},{"taxonomy":"rizoma_division","embeddable":true,"href":"https:\/\/cycle.rizoma.com\/es\/wp-json\/wp\/v2\/rizoma_division?post=343552"},{"taxonomy":"rizoma_family","embeddable":true,"href":"https:\/\/cycle.rizoma.com\/es\/wp-json\/wp\/v2\/rizoma_family?post=343552"},{"taxonomy":"rizoma_model_category","embeddable":true,"href":"https:\/\/cycle.rizoma.com\/es\/wp-json\/wp\/v2\/rizoma_model_category?post=343552"},{"taxonomy":"rizoma_product_template","embeddable":true,"href":"https:\/\/cycle.rizoma.com\/es\/wp-json\/wp\/v2\/rizoma_product_template?post=343552"},{"taxonomy":"product_brand","embeddable":true,"href":"https:\/\/cycle.rizoma.com\/es\/wp-json\/wp\/v2\/product_brand?post=343552"},{"taxonomy":"product_cat","embeddable":true,"href":"https:\/\/cycle.rizoma.com\/es\/wp-json\/wp\/v2\/product_cat?post=343552"},{"taxonomy":"product_tag","embeddable":true,"href":"https:\/\/cycle.rizoma.com\/es\/wp-json\/wp\/v2\/product_tag?post=343552"}],"curies":[{"name":"wp","href":"https:\/\/api.w.org\/{rel}","templated":true}]}}