{"id":345964,"date":"2026-04-28T04:05:26","date_gmt":"2026-04-28T02:05:26","guid":{"rendered":"http:\/\/rwp.rizoma.com\/negozio\/soportes-estriberas-adicionales-para-off-road-hrc-pe670\/"},"modified":"2026-04-28T04:05:41","modified_gmt":"2026-04-28T02:05:41","slug":"soportes-estriberas-adicionales-para-off-road-hrc-pe670","status":"publish","type":"product","link":"https:\/\/cycle.rizoma.com\/es\/negozio\/estriberas\/HRC-PE670\/soportes-estriberas-adicionales-para-off-road-hrc-pe670\/","title":{"rendered":"Soportes estriberas adicionales para off-road"},"content":{"rendered":"<p>Los soportes de estriberas off-road, fabricados en aluminio mecanizado a partir de bloque macizo, evolucionan y perfeccionan el esp\u00edritu urban explorer del veh\u00edculo.<br \/>El kit permite la instalaci\u00f3n de estriberas adicionales que, gracias a su posici\u00f3n retrasada, permiten afrontar los recorridos off-road m\u00e1s exigentes en posici\u00f3n de conducci\u00f3n de pie. Esto no solo aumenta la diversi\u00f3n, sino tambi\u00e9n la seguridad, gracias a un mejor control del veh\u00edculo y una mejor distribuci\u00f3n de los pesos durante la conducci\u00f3n.<\/p>\n<p>Versatilidad y confort son los valores que definen este producto.<br \/>El profundo estudio ergon\u00f3mico no se ha centrado \u00fanicamente en el uso off-road, sino tambi\u00e9n en la practicidad en el uso diario: los soportes permiten plegar las estriberas, garantizando mayor comodidad en la conducci\u00f3n urbana.<\/p>\n<p>Con certificaci\u00f3n T\u00dcV.<\/p>\n","protected":false},"excerpt":{"rendered":"<p>Los soportes de estriberas off-road, fabricados en aluminio mecanizado a partir de bloque macizo, evolucionan y perfeccionan el esp\u00edritu urban explorer del veh\u00edculo.El kit permite la instalaci\u00f3n de estriberas adicionales que, gracias a su posici\u00f3n retrasada, permiten afrontar los recorridos off-road m\u00e1s exigentes en posici\u00f3n de conducci\u00f3n de pie. Esto no solo aumenta la diversi\u00f3n, [&hellip;]<\/p>\n","protected":false},"featured_media":293977,"template":"","meta":{"_acf_changed":false},"rizoma_assembly_time":[42753],"rizoma_bike":[42018,42112,42119,42068,42113],"rizoma_division":[42653],"rizoma_family":[42747],"rizoma_model_category":[],"rizoma_product_template":[],"product_brand":[],"product_cat":[42752],"product_tag":[],"class_list":{"0":"post-345964","1":"product","2":"type-product","3":"status-publish","4":"has-post-thumbnail","6":"rizoma_bike-x-adv-750-2017","7":"rizoma_bike-x-adv-750-2018-20","8":"rizoma_bike-x-adv-750-desert-track-2018-20","9":"rizoma_bike-x-adv-750-travel-edition-2017","10":"rizoma_bike-x-adv-750-travel-edition-2018-20","11":"product_cat-estriberas","13":"first","14":"outofstock","15":"sale","16":"taxable","17":"shipping-taxable","18":"purchasable","19":"product-type-variable"},"acf":[],"_links":{"self":[{"href":"https:\/\/cycle.rizoma.com\/es\/wp-json\/wp\/v2\/product\/345964","targetHints":{"allow":["GET"]}}],"collection":[{"href":"https:\/\/cycle.rizoma.com\/es\/wp-json\/wp\/v2\/product"}],"about":[{"href":"https:\/\/cycle.rizoma.com\/es\/wp-json\/wp\/v2\/types\/product"}],"wp:featuredmedia":[{"embeddable":true,"href":"https:\/\/cycle.rizoma.com\/es\/wp-json\/wp\/v2\/media\/293977"}],"wp:attachment":[{"href":"https:\/\/cycle.rizoma.com\/es\/wp-json\/wp\/v2\/media?parent=345964"}],"wp:term":[{"taxonomy":"rizoma_assembly_time","embeddable":true,"href":"https:\/\/cycle.rizoma.com\/es\/wp-json\/wp\/v2\/rizoma_assembly_time?post=345964"},{"taxonomy":"rizoma_bike","embeddable":true,"href":"https:\/\/cycle.rizoma.com\/es\/wp-json\/wp\/v2\/rizoma_bike?post=345964"},{"taxonomy":"rizoma_division","embeddable":true,"href":"https:\/\/cycle.rizoma.com\/es\/wp-json\/wp\/v2\/rizoma_division?post=345964"},{"taxonomy":"rizoma_family","embeddable":true,"href":"https:\/\/cycle.rizoma.com\/es\/wp-json\/wp\/v2\/rizoma_family?post=345964"},{"taxonomy":"rizoma_model_category","embeddable":true,"href":"https:\/\/cycle.rizoma.com\/es\/wp-json\/wp\/v2\/rizoma_model_category?post=345964"},{"taxonomy":"rizoma_product_template","embeddable":true,"href":"https:\/\/cycle.rizoma.com\/es\/wp-json\/wp\/v2\/rizoma_product_template?post=345964"},{"taxonomy":"product_brand","embeddable":true,"href":"https:\/\/cycle.rizoma.com\/es\/wp-json\/wp\/v2\/product_brand?post=345964"},{"taxonomy":"product_cat","embeddable":true,"href":"https:\/\/cycle.rizoma.com\/es\/wp-json\/wp\/v2\/product_cat?post=345964"},{"taxonomy":"product_tag","embeddable":true,"href":"https:\/\/cycle.rizoma.com\/es\/wp-json\/wp\/v2\/product_tag?post=345964"}],"curies":[{"name":"wp","href":"https:\/\/api.w.org\/{rel}","templated":true}]}}