{"id":314066,"date":"2024-11-21T16:12:46","date_gmt":"2024-11-21T15:12:46","guid":{"rendered":"https:\/\/rwp.rizoma.com\/negozio\/kit-de-montage-pour-repose-pieds-rizoma-pe754\/"},"modified":"2026-04-06T20:33:13","modified_gmt":"2026-04-06T18:33:13","slug":"kit-de-montage-pour-repose-pieds-rizoma-pe754","status":"publish","type":"product","link":"https:\/\/cycle.rizoma.com\/fr\/negozio\/repose-pieds\/PE754\/kit-de-montage-pour-repose-pieds-rizoma-pe754\/","title":{"rendered":"Kit de montage pour repose-pieds Rizoma"},"content":{"rendered":"<p>Tous les adaptateurs de repose-pieds sont taill\u00e9s dans la masse d\u2019aluminium et sp\u00e9cifiquement con\u00e7us pour les diff\u00e9rents mod\u00e8les de moto, ce qui garantit une compatibilit\u00e9 parfaite et une solution de fixation optimale. Les adaptateurs Rizoma permettent de monter les repose-pieds Rizoma sur les repose-pieds OEM. Adaptateurs certifi\u00e9s T\u00dcV.<\/p>\n","protected":false},"excerpt":{"rendered":"<p>Tous les adaptateurs de repose-pieds sont taill\u00e9s dans la masse d\u2019aluminium et sp\u00e9cifiquement con\u00e7us pour les diff\u00e9rents mod\u00e8les de moto, ce qui garantit une compatibilit\u00e9 parfaite et une solution de fixation optimale. Les adaptateurs Rizoma permettent de monter les repose-pieds Rizoma sur les repose-pieds OEM. Adaptateurs certifi\u00e9s T\u00dcV.<\/p>\n","protected":false},"featured_media":297147,"template":"","meta":{"_acf_changed":false},"rizoma_assembly_time":[42664],"rizoma_bike":[41745,41760,41787,41783,41759,41683,41684,41685,41934,41984,42367,42515,42613,41786,42048,42126,42572,43689,42117,42129,41954,42629,41985,42130,42368,42644,43688,41688,41791,42142,42209,42595,42614,42170,42254,42255,43972,41982,42596,43973,42597,42615,43974,42042,41773,41528,42051,41784,41846,42001,43993,44399,44400,42037,42237,42340,42502,43687,42464,42210,42256,42369,44370,44458,44460,44459,42581,44371,42582,41531,41800,41803,42038,42171,42238,42317,42500,43745,42465,42172,42318,42503,43746,42344,42173,42319,42343,43916,42174,42320,42083,42366,42504,42478,42104,42257,42258,42370,42505,42501,42443,43747,42583,43917],"rizoma_division":[42651],"rizoma_family":[42745],"rizoma_model_category":[],"rizoma_product_template":[],"product_brand":[],"product_cat":[42750],"product_tag":[],"class_list":{"0":"post-314066","1":"product","2":"type-product","3":"status-publish","4":"has-post-thumbnail","6":"rizoma_bike-er-6f-2009-11","7":"rizoma_bike-er-6f-2012-13","8":"rizoma_bike-er-6f-abs-2012-16","9":"rizoma_bike-er-6n-2012-13","10":"rizoma_bike-er-6n-abs-2012-16","11":"rizoma_bike-ninja-1000-zx-10r-2008-09","12":"rizoma_bike-ninja-1000-zx-10r-2010-11","13":"rizoma_bike-ninja-1000-zx-10r-2011-15","14":"rizoma_bike-ninja-1000-zx-10r-2016","15":"rizoma_bike-ninja-1000-zx-10r-2017-18","16":"rizoma_bike-ninja-1000-zx-10r-2021-22","17":"rizoma_bike-ninja-1000-zx-10r-2021-25","18":"rizoma_bike-ninja-1000-zx-10r-40th-anniversary-edition-2024","19":"rizoma_bike-ninja-1000-zx-10r-abs-2011-15","20":"rizoma_bike-ninja-1000-zx-10r-krt-replica-2017-18","21":"rizoma_bike-ninja-1000-zx-10r-krt-replica-2019-20","22":"rizoma_bike-ninja-1000-zx-10r-performance-2021-24","23":"rizoma_bike-ninja-1000-zx-10r-performance-2025","24":"rizoma_bike-ninja-1000-zx-10r-se-2018","25":"rizoma_bike-ninja-1000-zx-10r-se-2019-20","26":"rizoma_bike-ninja-1000-zx-10r-winter-edition-2016","27":"rizoma_bike-ninja-1000-zx-10rr-winter-test-limited-edition-2024","28":"rizoma_bike-ninja-1000-zx-10rr-2017-18","29":"rizoma_bike-ninja-1000-zx-10rr-2019-20","30":"rizoma_bike-ninja-1000-zx-10rr-2021-23","31":"rizoma_bike-ninja-1000-zx-10rr-2025","32":"rizoma_bike-ninja-1000-zx-10rr-performance-2025","33":"rizoma_bike-ninja-600-zx-6r-2009-16","34":"rizoma_bike-ninja-636-zx-6r-2013","35":"rizoma_bike-ninja-636-zx-6r-2019-20","36":"rizoma_bike-ninja-636-zx-6r-2020","37":"rizoma_bike-ninja-636-zx-6r-2024-26","38":"rizoma_bike-ninja-636-zx-6r-40th-anniversary-edition-2024","39":"rizoma_bike-ninja-636-zx-6r-krt-2019-20","40":"rizoma_bike-ninja-636-zx-6r-krt-performance-2019-20","41":"rizoma_bike-ninja-636-zx-6r-performance-2019-20","42":"rizoma_bike-ninja-636-zx-6r-performance-2025-26","43":"rizoma_bike-ninja-650-2017-19","44":"rizoma_bike-ninja-zx-4r-2024-26","45":"rizoma_bike-ninja-zx-4r-performance-2025-26","46":"rizoma_bike-ninja-zx-4rr-2024-26","47":"rizoma_bike-ninja-zx-4rr-40th-anniversay-edition-2024","48":"rizoma_bike-ninja-zx-4rr-performance-2025-26","49":"rizoma_bike-versys-1000-2017-18","50":"rizoma_bike-versys-1000-abs-2011-14","51":"rizoma_bike-z-1000-2010-13","52":"rizoma_bike-z-1000-2017-20","53":"rizoma_bike-z-1000-abs-2010-13","54":"rizoma_bike-z-1000-abs-2014-16","55":"rizoma_bike-z-1000-r-2017-20","56":"rizoma_bike-z-1000-sx-abs-2011-13","57":"rizoma_bike-z-1100-2026","58":"rizoma_bike-z-1100-se-2026","59":"rizoma_bike-z-650-2017-19","60":"rizoma_bike-z-650-2020","61":"rizoma_bike-z-650-2021-22","62":"rizoma_bike-z-650-2023-24","63":"rizoma_bike-z-650-2025-26","64":"rizoma_bike-z-650-50th-anniversary-2022-23","65":"rizoma_bike-z-650-performance-2019-20","66":"rizoma_bike-z-650-performance-2020","67":"rizoma_bike-z-650-performance-2021-24","68":"rizoma_bike-z-650-performance-arrow-2025-26","69":"rizoma_bike-z-650-rs-2022-24","70":"rizoma_bike-z-650-rs-2025-26","71":"rizoma_bike-z-650-rs-50th-anniversary-2022","72":"rizoma_bike-z-650-sport-2021-24","73":"rizoma_bike-z-650-sport-2025-26","74":"rizoma_bike-z-650-urban-2021-24","75":"rizoma_bike-z-750-r-abs-2011-12","76":"rizoma_bike-z-800-2012-13","77":"rizoma_bike-z-800-abs-2012-16","78":"rizoma_bike-z-900-2017-18","79":"rizoma_bike-z-900-2019","80":"rizoma_bike-z-900-2020-22","81":"rizoma_bike-z-900-2020","82":"rizoma_bike-z-900-2023-24","83":"rizoma_bike-z-900-2025-26","84":"rizoma_bike-z-900-50th-anniversary-2022-23","85":"rizoma_bike-z-900-a2-2019","86":"rizoma_bike-z-900-a2-2020","87":"rizoma_bike-z-900-a2-2021-24","88":"rizoma_bike-z-900-a2-2025-26","89":"rizoma_bike-z-900-a2-performance-2021-24","90":"rizoma_bike-z-900-performance-2019","91":"rizoma_bike-z-900-performance-2020","92":"rizoma_bike-z-900-performance-2021-24","93":"rizoma_bike-z-900-performance-2025-26","94":"rizoma_bike-z-900-performance-a2-2019","95":"rizoma_bike-z-900-performance-a2-2020","96":"rizoma_bike-z-900-rs-2018-20","97":"rizoma_bike-z-900-rs-2021","98":"rizoma_bike-z-900-rs-2022-25","99":"rizoma_bike-z-900-rs-50th-anniversary-2022","100":"rizoma_bike-z-900-rs-cafe-2018-21","101":"rizoma_bike-z-900-rs-cafe-performance-2020-21","102":"rizoma_bike-z-900-rs-performance-2020","103":"rizoma_bike-z-900-rs-performance-2021-22","104":"rizoma_bike-z-900-rs-se-2022-25","105":"rizoma_bike-z-900-se-2022-24","106":"rizoma_bike-z-900-se-2022","107":"rizoma_bike-z-900-se-2025-26","108":"rizoma_bike-z-900-se-performance-2023-24","109":"rizoma_bike-z-900-se-performance-2025-26","110":"product_cat-repose-pieds","112":"first","113":"instock","114":"taxable","115":"shipping-taxable","116":"purchasable","117":"product-type-variable"},"acf":[],"_links":{"self":[{"href":"https:\/\/cycle.rizoma.com\/fr\/wp-json\/wp\/v2\/product\/314066","targetHints":{"allow":["GET"]}}],"collection":[{"href":"https:\/\/cycle.rizoma.com\/fr\/wp-json\/wp\/v2\/product"}],"about":[{"href":"https:\/\/cycle.rizoma.com\/fr\/wp-json\/wp\/v2\/types\/product"}],"wp:featuredmedia":[{"embeddable":true,"href":"https:\/\/cycle.rizoma.com\/fr\/wp-json\/wp\/v2\/media\/297147"}],"wp:attachment":[{"href":"https:\/\/cycle.rizoma.com\/fr\/wp-json\/wp\/v2\/media?parent=314066"}],"wp:term":[{"taxonomy":"rizoma_assembly_time","embeddable":true,"href":"https:\/\/cycle.rizoma.com\/fr\/wp-json\/wp\/v2\/rizoma_assembly_time?post=314066"},{"taxonomy":"rizoma_bike","embeddable":true,"href":"https:\/\/cycle.rizoma.com\/fr\/wp-json\/wp\/v2\/rizoma_bike?post=314066"},{"taxonomy":"rizoma_division","embeddable":true,"href":"https:\/\/cycle.rizoma.com\/fr\/wp-json\/wp\/v2\/rizoma_division?post=314066"},{"taxonomy":"rizoma_family","embeddable":true,"href":"https:\/\/cycle.rizoma.com\/fr\/wp-json\/wp\/v2\/rizoma_family?post=314066"},{"taxonomy":"rizoma_model_category","embeddable":true,"href":"https:\/\/cycle.rizoma.com\/fr\/wp-json\/wp\/v2\/rizoma_model_category?post=314066"},{"taxonomy":"rizoma_product_template","embeddable":true,"href":"https:\/\/cycle.rizoma.com\/fr\/wp-json\/wp\/v2\/rizoma_product_template?post=314066"},{"taxonomy":"product_brand","embeddable":true,"href":"https:\/\/cycle.rizoma.com\/fr\/wp-json\/wp\/v2\/product_brand?post=314066"},{"taxonomy":"product_cat","embeddable":true,"href":"https:\/\/cycle.rizoma.com\/fr\/wp-json\/wp\/v2\/product_cat?post=314066"},{"taxonomy":"product_tag","embeddable":true,"href":"https:\/\/cycle.rizoma.com\/fr\/wp-json\/wp\/v2\/product_tag?post=314066"}],"curies":[{"name":"wp","href":"https:\/\/api.w.org\/{rel}","templated":true}]}}