{"id":314136,"date":"2024-11-21T16:14:14","date_gmt":"2024-11-21T15:14:14","guid":{"rendered":"https:\/\/rwp.rizoma.com\/negozio\/carter-de-courroie-zhd071\/"},"modified":"2025-12-18T00:38:20","modified_gmt":"2025-12-17T23:38:20","slug":"carter-de-courroie-zhd071","status":"publish","type":"product","link":"https:\/\/cycle.rizoma.com\/fr\/negozio\/plus-pour-votre-harley-davidson\/ZHD071\/carter-de-courroie-zhd071\/","title":{"rendered":"Carter de courroie"},"content":{"rendered":"<p>Le carter de courroie avant Rizoma en aluminium anodis\u00e9 (0,17 kg), dont le design a \u00e9t\u00e9 \u00e9tudi\u00e9 dans les moindres d\u00e9tails, compl\u00e8te la ligne d\u2019accessoires Rizoma pour le Sportster.<\/p>\n","protected":false},"excerpt":{"rendered":"<p>Le carter de courroie avant Rizoma en aluminium anodis\u00e9 (0,17 kg), dont le design a \u00e9t\u00e9 \u00e9tudi\u00e9 dans les moindres d\u00e9tails, compl\u00e8te la ligne d\u2019accessoires Rizoma pour le Sportster.<\/p>\n","protected":false},"featured_media":297697,"template":"","meta":{"_acf_changed":false},"rizoma_assembly_time":[42675],"rizoma_bike":[43777,43817,43794,43803,43805,43802,43822,43821,43779,43819,43782,43813,43790,43780,43791,43786,43793,43783,43789,43824],"rizoma_division":[42651],"rizoma_family":[],"rizoma_model_category":[],"rizoma_product_template":[],"product_brand":[],"product_cat":[42786],"product_tag":[],"class_list":{"0":"post-314136","1":"product","2":"type-product","3":"status-publish","4":"has-post-thumbnail","6":"rizoma_bike-1200-xl-sportster-low-2007","7":"rizoma_bike-1200c-sportster-custom-2005-06","8":"rizoma_bike-1200c-sportster-custom-2007","9":"rizoma_bike-1200c-sportster-custom-2008-12","10":"rizoma_bike-1200l-xl-sportster-low-2005-06","11":"rizoma_bike-1200l-xl-sportster-low-2008-09","12":"rizoma_bike-1200n-sportster-nightster-xl-2008-12","13":"rizoma_bike-883-sportester-r-2007","14":"rizoma_bike-883-sportster-custom-2006","15":"rizoma_bike-883-sportster-r-2006","16":"rizoma_bike-883-sportster-xl-2006","17":"rizoma_bike-883-sportster-xl-2007","18":"rizoma_bike-883-sportster-xl-2008-09","19":"rizoma_bike-883c-sportster-custom-xl-2007","20":"rizoma_bike-883c-sportster-custom-xl-2008-12","21":"rizoma_bike-883l-sportster-low-xl-2005","22":"rizoma_bike-883l-sportster-low-xl-2006","23":"rizoma_bike-883l-sportster-low-xl-2007","24":"rizoma_bike-883l-sportster-low-xl-2008-12","25":"rizoma_bike-883r-sportster-xl-2008-16","26":"product_cat-plus-pour-votre-harley-davidson","28":"first","29":"instock","30":"sale","31":"taxable","32":"shipping-taxable","33":"purchasable","34":"product-type-variable"},"acf":[],"_links":{"self":[{"href":"https:\/\/cycle.rizoma.com\/fr\/wp-json\/wp\/v2\/product\/314136","targetHints":{"allow":["GET"]}}],"collection":[{"href":"https:\/\/cycle.rizoma.com\/fr\/wp-json\/wp\/v2\/product"}],"about":[{"href":"https:\/\/cycle.rizoma.com\/fr\/wp-json\/wp\/v2\/types\/product"}],"wp:featuredmedia":[{"embeddable":true,"href":"https:\/\/cycle.rizoma.com\/fr\/wp-json\/wp\/v2\/media\/297697"}],"wp:attachment":[{"href":"https:\/\/cycle.rizoma.com\/fr\/wp-json\/wp\/v2\/media?parent=314136"}],"wp:term":[{"taxonomy":"rizoma_assembly_time","embeddable":true,"href":"https:\/\/cycle.rizoma.com\/fr\/wp-json\/wp\/v2\/rizoma_assembly_time?post=314136"},{"taxonomy":"rizoma_bike","embeddable":true,"href":"https:\/\/cycle.rizoma.com\/fr\/wp-json\/wp\/v2\/rizoma_bike?post=314136"},{"taxonomy":"rizoma_division","embeddable":true,"href":"https:\/\/cycle.rizoma.com\/fr\/wp-json\/wp\/v2\/rizoma_division?post=314136"},{"taxonomy":"rizoma_family","embeddable":true,"href":"https:\/\/cycle.rizoma.com\/fr\/wp-json\/wp\/v2\/rizoma_family?post=314136"},{"taxonomy":"rizoma_model_category","embeddable":true,"href":"https:\/\/cycle.rizoma.com\/fr\/wp-json\/wp\/v2\/rizoma_model_category?post=314136"},{"taxonomy":"rizoma_product_template","embeddable":true,"href":"https:\/\/cycle.rizoma.com\/fr\/wp-json\/wp\/v2\/rizoma_product_template?post=314136"},{"taxonomy":"product_brand","embeddable":true,"href":"https:\/\/cycle.rizoma.com\/fr\/wp-json\/wp\/v2\/product_brand?post=314136"},{"taxonomy":"product_cat","embeddable":true,"href":"https:\/\/cycle.rizoma.com\/fr\/wp-json\/wp\/v2\/product_cat?post=314136"},{"taxonomy":"product_tag","embeddable":true,"href":"https:\/\/cycle.rizoma.com\/fr\/wp-json\/wp\/v2\/product_tag?post=314136"}],"curies":[{"name":"wp","href":"https:\/\/api.w.org\/{rel}","templated":true}]}}