{"id":314211,"date":"2024-11-21T16:15:47","date_gmt":"2024-11-21T15:15:47","guid":{"rendered":"https:\/\/rwp.rizoma.com\/negozio\/kit-de-montage-saute-vent-zdm111\/"},"modified":"2025-12-18T00:36:35","modified_gmt":"2025-12-17T23:36:35","slug":"kit-de-montage-saute-vent-zdm111","status":"publish","type":"product","link":"https:\/\/cycle.rizoma.com\/fr\/negozio\/saute-vents\/ZDM111\/kit-de-montage-saute-vent-zdm111\/","title":{"rendered":"Kit de montage saute-vent"},"content":{"rendered":"<p>L\u2019adaptateur permet de monter le saute-vent Rizoma ZDM100 sur un guidon Rizoma ZDM207 et de r\u00e9gler l\u2019inclinaison du saute-vent. Chaque adaptateur est r\u00e9alis\u00e9 sp\u00e9cifiquement pour le mod\u00e8le de moto correspondant, afin de garantir une fixation optimale.<\/p>\n","protected":false},"excerpt":{"rendered":"<p>L\u2019adaptateur permet de monter le saute-vent Rizoma ZDM100 sur un guidon Rizoma ZDM207 et de r\u00e9gler l\u2019inclinaison du saute-vent. Chaque adaptateur est r\u00e9alis\u00e9 sp\u00e9cifiquement pour le mod\u00e8le de moto correspondant, afin de garantir une fixation optimale.<\/p>\n","protected":false},"featured_media":294722,"template":"","meta":{"_acf_changed":false},"rizoma_assembly_time":[42742],"rizoma_bike":[],"rizoma_division":[42651],"rizoma_family":[42822],"rizoma_model_category":[],"rizoma_product_template":[],"product_brand":[],"product_cat":[42827],"product_tag":[],"class_list":{"0":"post-314211","1":"product","2":"type-product","3":"status-publish","4":"has-post-thumbnail","6":"product_cat-saute-vents","8":"first","9":"instock","10":"sale","11":"taxable","12":"shipping-taxable","13":"purchasable","14":"product-type-variable"},"acf":[],"_links":{"self":[{"href":"https:\/\/cycle.rizoma.com\/fr\/wp-json\/wp\/v2\/product\/314211","targetHints":{"allow":["GET"]}}],"collection":[{"href":"https:\/\/cycle.rizoma.com\/fr\/wp-json\/wp\/v2\/product"}],"about":[{"href":"https:\/\/cycle.rizoma.com\/fr\/wp-json\/wp\/v2\/types\/product"}],"wp:featuredmedia":[{"embeddable":true,"href":"https:\/\/cycle.rizoma.com\/fr\/wp-json\/wp\/v2\/media\/294722"}],"wp:attachment":[{"href":"https:\/\/cycle.rizoma.com\/fr\/wp-json\/wp\/v2\/media?parent=314211"}],"wp:term":[{"taxonomy":"rizoma_assembly_time","embeddable":true,"href":"https:\/\/cycle.rizoma.com\/fr\/wp-json\/wp\/v2\/rizoma_assembly_time?post=314211"},{"taxonomy":"rizoma_bike","embeddable":true,"href":"https:\/\/cycle.rizoma.com\/fr\/wp-json\/wp\/v2\/rizoma_bike?post=314211"},{"taxonomy":"rizoma_division","embeddable":true,"href":"https:\/\/cycle.rizoma.com\/fr\/wp-json\/wp\/v2\/rizoma_division?post=314211"},{"taxonomy":"rizoma_family","embeddable":true,"href":"https:\/\/cycle.rizoma.com\/fr\/wp-json\/wp\/v2\/rizoma_family?post=314211"},{"taxonomy":"rizoma_model_category","embeddable":true,"href":"https:\/\/cycle.rizoma.com\/fr\/wp-json\/wp\/v2\/rizoma_model_category?post=314211"},{"taxonomy":"rizoma_product_template","embeddable":true,"href":"https:\/\/cycle.rizoma.com\/fr\/wp-json\/wp\/v2\/rizoma_product_template?post=314211"},{"taxonomy":"product_brand","embeddable":true,"href":"https:\/\/cycle.rizoma.com\/fr\/wp-json\/wp\/v2\/product_brand?post=314211"},{"taxonomy":"product_cat","embeddable":true,"href":"https:\/\/cycle.rizoma.com\/fr\/wp-json\/wp\/v2\/product_cat?post=314211"},{"taxonomy":"product_tag","embeddable":true,"href":"https:\/\/cycle.rizoma.com\/fr\/wp-json\/wp\/v2\/product_tag?post=314211"}],"curies":[{"name":"wp","href":"https:\/\/api.w.org\/{rel}","templated":true}]}}