{"id":314336,"date":"2024-11-21T16:18:23","date_gmt":"2024-11-21T15:18:23","guid":{"rendered":"https:\/\/rwp.rizoma.com\/negozio\/kit-graphique-reservoir-zkw031\/"},"modified":"2025-12-18T00:38:40","modified_gmt":"2025-12-17T23:38:40","slug":"kit-graphique-reservoir-zkw031","status":"publish","type":"product","link":"https:\/\/cycle.rizoma.com\/fr\/negozio\/plus-pour-votre-kawasaki\/ZKW031\/kit-graphique-reservoir-zkw031\/","title":{"rendered":"Kit graphique r\u00e9servoir"},"content":{"rendered":"<p>Le kit graphique Rizoma est compos\u00e9 de cinq \u00e9l\u00e9ments. Indispensable pour am\u00e9liorer la protection du r\u00e9servoir contre les rayures accidentelles sans renoncer aux caract\u00e9ristiques esth\u00e9tiques.<\/p>\n","protected":false},"excerpt":{"rendered":"<p>Le kit graphique Rizoma est compos\u00e9 de cinq \u00e9l\u00e9ments. Indispensable pour am\u00e9liorer la protection du r\u00e9servoir contre les rayures accidentelles sans renoncer aux caract\u00e9ristiques esth\u00e9tiques.<\/p>\n","protected":false},"featured_media":295057,"template":"","meta":{"_acf_changed":false},"rizoma_assembly_time":[42742],"rizoma_bike":[42051,42001,41869],"rizoma_division":[42651],"rizoma_family":[],"rizoma_model_category":[],"rizoma_product_template":[],"product_brand":[],"product_cat":[42792],"product_tag":[],"class_list":{"0":"post-314336","1":"product","2":"type-product","3":"status-publish","4":"has-post-thumbnail","6":"rizoma_bike-z-1000-2017-20","7":"rizoma_bike-z-1000-r-2017-20","8":"rizoma_bike-z-1000-sx-abs-2014-16","9":"product_cat-plus-pour-votre-kawasaki","11":"first","12":"instock","13":"sale","14":"taxable","15":"shipping-taxable","16":"purchasable","17":"product-type-variable"},"acf":[],"_links":{"self":[{"href":"https:\/\/cycle.rizoma.com\/fr\/wp-json\/wp\/v2\/product\/314336","targetHints":{"allow":["GET"]}}],"collection":[{"href":"https:\/\/cycle.rizoma.com\/fr\/wp-json\/wp\/v2\/product"}],"about":[{"href":"https:\/\/cycle.rizoma.com\/fr\/wp-json\/wp\/v2\/types\/product"}],"wp:featuredmedia":[{"embeddable":true,"href":"https:\/\/cycle.rizoma.com\/fr\/wp-json\/wp\/v2\/media\/295057"}],"wp:attachment":[{"href":"https:\/\/cycle.rizoma.com\/fr\/wp-json\/wp\/v2\/media?parent=314336"}],"wp:term":[{"taxonomy":"rizoma_assembly_time","embeddable":true,"href":"https:\/\/cycle.rizoma.com\/fr\/wp-json\/wp\/v2\/rizoma_assembly_time?post=314336"},{"taxonomy":"rizoma_bike","embeddable":true,"href":"https:\/\/cycle.rizoma.com\/fr\/wp-json\/wp\/v2\/rizoma_bike?post=314336"},{"taxonomy":"rizoma_division","embeddable":true,"href":"https:\/\/cycle.rizoma.com\/fr\/wp-json\/wp\/v2\/rizoma_division?post=314336"},{"taxonomy":"rizoma_family","embeddable":true,"href":"https:\/\/cycle.rizoma.com\/fr\/wp-json\/wp\/v2\/rizoma_family?post=314336"},{"taxonomy":"rizoma_model_category","embeddable":true,"href":"https:\/\/cycle.rizoma.com\/fr\/wp-json\/wp\/v2\/rizoma_model_category?post=314336"},{"taxonomy":"rizoma_product_template","embeddable":true,"href":"https:\/\/cycle.rizoma.com\/fr\/wp-json\/wp\/v2\/rizoma_product_template?post=314336"},{"taxonomy":"product_brand","embeddable":true,"href":"https:\/\/cycle.rizoma.com\/fr\/wp-json\/wp\/v2\/product_brand?post=314336"},{"taxonomy":"product_cat","embeddable":true,"href":"https:\/\/cycle.rizoma.com\/fr\/wp-json\/wp\/v2\/product_cat?post=314336"},{"taxonomy":"product_tag","embeddable":true,"href":"https:\/\/cycle.rizoma.com\/fr\/wp-json\/wp\/v2\/product_tag?post=314336"}],"curies":[{"name":"wp","href":"https:\/\/api.w.org\/{rel}","templated":true}]}}