{"id":314436,"date":"2024-11-21T16:20:28","date_gmt":"2024-11-21T15:20:28","guid":{"rendered":"https:\/\/rwp.rizoma.com\/negozio\/kit-support-dimmatriculation-side-arm-pt706\/"},"modified":"2025-11-28T16:25:36","modified_gmt":"2025-11-28T15:25:36","slug":"kit-support-dimmatriculation-side-arm-pt706","status":"publish","type":"product","link":"https:\/\/cycle.rizoma.com\/fr\/negozio\/support-dimmatriculation\/PT706\/kit-support-dimmatriculation-side-arm-pt706\/","title":{"rendered":"Kit Support d\u2019immatriculation Side Arm"},"content":{"rendered":"<p>Le support d\u2019immatriculation Rizoma Side Arm, dot\u00e9 d\u2019un bras structurel taill\u00e9 dans la masse d\u2019aluminium, est en mesure de satisfaire l\u2019\u0153il critique des esth\u00e8tes les plus exigeants, gr\u00e2ce \u00e0 son design \u00e9l\u00e9gant. Il est \u00e9galement conforme aux normes europ\u00e9ennes pour l\u2019utilisation sur route. Le kit Side Arm est constitu\u00e9 d\u2019un support d\u2019immatriculation et du nouveau cache dessous de selle Rizoma qui remplace le composant du dessous de selle OEM. Le montage de ce kit requiert la d\u00e9pose du feu arri\u00e8re et des clignotants OEM, dont les fonctions peuvent \u00eatre r\u00e9tablies avec le montage des clignotants Rizoma Multifonctions S lesquels int\u00e8grent les fonctions de feu de stop, feu de positionnement et indicateur de directions homologu\u00e9s.<\/p>\n","protected":false},"excerpt":{"rendered":"<p>Le support d\u2019immatriculation Rizoma Side Arm, dot\u00e9 d\u2019un bras structurel taill\u00e9 dans la masse d\u2019aluminium, est en mesure de satisfaire l\u2019\u0153il critique des esth\u00e8tes les plus exigeants, gr\u00e2ce \u00e0 son design \u00e9l\u00e9gant. Il est \u00e9galement conforme aux normes europ\u00e9ennes pour l\u2019utilisation sur route. Le kit Side Arm est constitu\u00e9 d\u2019un support d\u2019immatriculation et du nouveau [&hellip;]<\/p>\n","protected":false},"featured_media":340582,"template":"","meta":{"_acf_changed":false},"rizoma_assembly_time":[42691],"rizoma_bike":[42296,42551,41839,42006,41979,42248,41981,41953,42297,42298,42299,42372,42003,42178],"rizoma_division":[42651],"rizoma_family":[],"rizoma_model_category":[],"rizoma_product_template":[],"product_brand":[],"product_cat":[42766],"product_tag":[],"class_list":{"0":"post-314436","1":"product","2":"type-product","3":"status-publish","4":"has-post-thumbnail","6":"rizoma_bike-r-ninet-2021-24","7":"rizoma_bike-r-ninet-100-years-2023","8":"rizoma_bike-r-ninet-1200-2014-16","9":"rizoma_bike-r-ninet-1200-2017-20","10":"rizoma_bike-r-ninet-1200-pure-2017-20","11":"rizoma_bike-r-ninet-1200-pure-2020","12":"rizoma_bike-r-ninet-1200-racer-2017-20","13":"rizoma_bike-r-ninet-1200-scrambler-2016-20","14":"rizoma_bike-r-ninet-pure-2021-24","15":"rizoma_bike-r-ninet-scrambler-2021-24","16":"rizoma_bike-r-ninet-urban-gs-2021-24","17":"rizoma_bike-r-ninet-urban-gs-1200-edition-40-years-gs-2021","18":"rizoma_bike-r-ninet-urban-gs-1200-2017-20","19":"rizoma_bike-r-ninet-5-1200-2019-20","20":"product_cat-support-dimmatriculation","22":"first","23":"instock","24":"taxable","25":"shipping-taxable","26":"purchasable","27":"product-type-variable"},"acf":[],"_links":{"self":[{"href":"https:\/\/cycle.rizoma.com\/fr\/wp-json\/wp\/v2\/product\/314436","targetHints":{"allow":["GET"]}}],"collection":[{"href":"https:\/\/cycle.rizoma.com\/fr\/wp-json\/wp\/v2\/product"}],"about":[{"href":"https:\/\/cycle.rizoma.com\/fr\/wp-json\/wp\/v2\/types\/product"}],"wp:featuredmedia":[{"embeddable":true,"href":"https:\/\/cycle.rizoma.com\/fr\/wp-json\/wp\/v2\/media\/340582"}],"wp:attachment":[{"href":"https:\/\/cycle.rizoma.com\/fr\/wp-json\/wp\/v2\/media?parent=314436"}],"wp:term":[{"taxonomy":"rizoma_assembly_time","embeddable":true,"href":"https:\/\/cycle.rizoma.com\/fr\/wp-json\/wp\/v2\/rizoma_assembly_time?post=314436"},{"taxonomy":"rizoma_bike","embeddable":true,"href":"https:\/\/cycle.rizoma.com\/fr\/wp-json\/wp\/v2\/rizoma_bike?post=314436"},{"taxonomy":"rizoma_division","embeddable":true,"href":"https:\/\/cycle.rizoma.com\/fr\/wp-json\/wp\/v2\/rizoma_division?post=314436"},{"taxonomy":"rizoma_family","embeddable":true,"href":"https:\/\/cycle.rizoma.com\/fr\/wp-json\/wp\/v2\/rizoma_family?post=314436"},{"taxonomy":"rizoma_model_category","embeddable":true,"href":"https:\/\/cycle.rizoma.com\/fr\/wp-json\/wp\/v2\/rizoma_model_category?post=314436"},{"taxonomy":"rizoma_product_template","embeddable":true,"href":"https:\/\/cycle.rizoma.com\/fr\/wp-json\/wp\/v2\/rizoma_product_template?post=314436"},{"taxonomy":"product_brand","embeddable":true,"href":"https:\/\/cycle.rizoma.com\/fr\/wp-json\/wp\/v2\/product_brand?post=314436"},{"taxonomy":"product_cat","embeddable":true,"href":"https:\/\/cycle.rizoma.com\/fr\/wp-json\/wp\/v2\/product_cat?post=314436"},{"taxonomy":"product_tag","embeddable":true,"href":"https:\/\/cycle.rizoma.com\/fr\/wp-json\/wp\/v2\/product_tag?post=314436"}],"curies":[{"name":"wp","href":"https:\/\/api.w.org\/{rel}","templated":true}]}}