{"id":314451,"date":"2024-11-21T16:20:50","date_gmt":"2024-11-21T15:20:50","guid":{"rendered":"https:\/\/rwp.rizoma.com\/negozio\/kit-support-dimmatriculation-fox-pt711\/"},"modified":"2025-01-14T11:01:18","modified_gmt":"2025-01-14T10:01:18","slug":"kit-support-dimmatriculation-fox-pt711","status":"publish","type":"product","link":"https:\/\/cycle.rizoma.com\/fr\/negozio\/support-dimmatriculation\/PT711\/kit-support-dimmatriculation-fox-pt711\/","title":{"rendered":"Kit Support d\u2019immatriculation Fox"},"content":{"rendered":"<p>R\u00e9alis\u00e9 en aluminium, chaque kit support d\u2019immatriculation Fox est sp\u00e9cifiquement con\u00e7u pour le mod\u00e8le de moto auquel il est destin\u00e9. Il s\u2019int\u00e8gre ainsi \u00e0 la perfection \u00e0 la ligne de la moto et rend en outre l\u2019installation facile et rapide. En effet, chaque kit est fourni avec tout le mat\u00e9riel n\u00e9cessaire pour un montage qui ne requiert aucune modification aux composants OEM. Une grande fonctionnalit\u00e9 et des dimensions extr\u00eamement r\u00e9duites, toujours en conformit\u00e9 avec les normes r\u00e9glementaires. Les kits comprennent\u00a0le support d\u2019immatriculation avec feu arri\u00e8re homologu\u00e9 (il r\u00e9unit dans un seul produit les fonctions d\u2019\u00e9clairage de plaque d\u2019immatriculation, de feu arri\u00e8re de position et de feu de freinage), les adaptateurs pour le repositionnement des clignotants OEM et les adaptateurs pour le montage \u00e9ventuel de clignotants Rizoma. Le support d\u2019immatriculation est r\u00e9glable et fourni avec un arr\u00eat de s\u00e9curit\u00e9, pour garantir une inclinaison correcte.<\/p>\n","protected":false},"excerpt":{"rendered":"<p>R\u00e9alis\u00e9 en aluminium, chaque kit support d\u2019immatriculation Fox est sp\u00e9cifiquement con\u00e7u pour le mod\u00e8le de moto auquel il est destin\u00e9. Il s\u2019int\u00e8gre ainsi \u00e0 la perfection \u00e0 la ligne de la moto et rend en outre l\u2019installation facile et rapide. En effet, chaque kit est fourni avec tout le mat\u00e9riel n\u00e9cessaire pour un montage qui [&hellip;]<\/p>\n","protected":false},"featured_media":340840,"template":"","meta":{"_acf_changed":false},"rizoma_assembly_time":[42742],"rizoma_bike":[42296,42551,41839,42006,41979,42248,41981,41953,42297,42298,42299,42372,42003,42178],"rizoma_division":[42651],"rizoma_family":[],"rizoma_model_category":[],"rizoma_product_template":[],"product_brand":[],"product_cat":[42766],"product_tag":[],"class_list":{"0":"post-314451","1":"product","2":"type-product","3":"status-publish","4":"has-post-thumbnail","6":"rizoma_bike-r-ninet-2021-24","7":"rizoma_bike-r-ninet-100-years-2023","8":"rizoma_bike-r-ninet-1200-2014-16","9":"rizoma_bike-r-ninet-1200-2017-20","10":"rizoma_bike-r-ninet-1200-pure-2017-20","11":"rizoma_bike-r-ninet-1200-pure-2020","12":"rizoma_bike-r-ninet-1200-racer-2017-20","13":"rizoma_bike-r-ninet-1200-scrambler-2016-20","14":"rizoma_bike-r-ninet-pure-2021-24","15":"rizoma_bike-r-ninet-scrambler-2021-24","16":"rizoma_bike-r-ninet-urban-gs-2021-24","17":"rizoma_bike-r-ninet-urban-gs-1200-edition-40-years-gs-2021","18":"rizoma_bike-r-ninet-urban-gs-1200-2017-20","19":"rizoma_bike-r-ninet-5-1200-2019-20","20":"product_cat-support-dimmatriculation","22":"first","23":"instock","24":"taxable","25":"shipping-taxable","26":"purchasable","27":"product-type-variable"},"acf":[],"_links":{"self":[{"href":"https:\/\/cycle.rizoma.com\/fr\/wp-json\/wp\/v2\/product\/314451","targetHints":{"allow":["GET"]}}],"collection":[{"href":"https:\/\/cycle.rizoma.com\/fr\/wp-json\/wp\/v2\/product"}],"about":[{"href":"https:\/\/cycle.rizoma.com\/fr\/wp-json\/wp\/v2\/types\/product"}],"wp:featuredmedia":[{"embeddable":true,"href":"https:\/\/cycle.rizoma.com\/fr\/wp-json\/wp\/v2\/media\/340840"}],"wp:attachment":[{"href":"https:\/\/cycle.rizoma.com\/fr\/wp-json\/wp\/v2\/media?parent=314451"}],"wp:term":[{"taxonomy":"rizoma_assembly_time","embeddable":true,"href":"https:\/\/cycle.rizoma.com\/fr\/wp-json\/wp\/v2\/rizoma_assembly_time?post=314451"},{"taxonomy":"rizoma_bike","embeddable":true,"href":"https:\/\/cycle.rizoma.com\/fr\/wp-json\/wp\/v2\/rizoma_bike?post=314451"},{"taxonomy":"rizoma_division","embeddable":true,"href":"https:\/\/cycle.rizoma.com\/fr\/wp-json\/wp\/v2\/rizoma_division?post=314451"},{"taxonomy":"rizoma_family","embeddable":true,"href":"https:\/\/cycle.rizoma.com\/fr\/wp-json\/wp\/v2\/rizoma_family?post=314451"},{"taxonomy":"rizoma_model_category","embeddable":true,"href":"https:\/\/cycle.rizoma.com\/fr\/wp-json\/wp\/v2\/rizoma_model_category?post=314451"},{"taxonomy":"rizoma_product_template","embeddable":true,"href":"https:\/\/cycle.rizoma.com\/fr\/wp-json\/wp\/v2\/rizoma_product_template?post=314451"},{"taxonomy":"product_brand","embeddable":true,"href":"https:\/\/cycle.rizoma.com\/fr\/wp-json\/wp\/v2\/product_brand?post=314451"},{"taxonomy":"product_cat","embeddable":true,"href":"https:\/\/cycle.rizoma.com\/fr\/wp-json\/wp\/v2\/product_cat?post=314451"},{"taxonomy":"product_tag","embeddable":true,"href":"https:\/\/cycle.rizoma.com\/fr\/wp-json\/wp\/v2\/product_tag?post=314451"}],"curies":[{"name":"wp","href":"https:\/\/api.w.org\/{rel}","templated":true}]}}