{"id":314506,"date":"2024-11-21T16:22:02","date_gmt":"2024-11-21T15:22:02","guid":{"rendered":"https:\/\/rwp.rizoma.com\/negozio\/carter-protection-bas-moteur-zbw060\/"},"modified":"2025-12-18T00:38:47","modified_gmt":"2025-12-17T23:38:47","slug":"carter-protection-bas-moteur-zbw060","status":"publish","type":"product","link":"https:\/\/cycle.rizoma.com\/fr\/negozio\/plus-pour-votre-bmw\/ZBW060\/carter-protection-bas-moteur-zbw060\/","title":{"rendered":"Carter protection bas moteur"},"content":{"rendered":"<p>Le carter de protection du bas du moteur Rizoma, en aluminium de quatre millim\u00e8tres d\u2019\u00e9paisseur permettant d&#8217;amortir les chocs, m\u00eame les plus forts, s\u2019int\u00e8gre harmonieusement au style de la moto. De plus, lorsque la b\u00e9quille est abaiss\u00e9e en cas de stationnement, l\u2019\u00e9clairage dont elle est dot\u00e9e s\u2019allume pendant soixante\u00a0secondes, ce qui facilite le positionnement correct de la moto. Fonctionnel et s\u00fbr.<\/p>\n","protected":false},"excerpt":{"rendered":"<p>Le carter de protection du bas du moteur Rizoma, en aluminium de quatre millim\u00e8tres d\u2019\u00e9paisseur permettant d&#8217;amortir les chocs, m\u00eame les plus forts, s\u2019int\u00e8gre harmonieusement au style de la moto. De plus, lorsque la b\u00e9quille est abaiss\u00e9e en cas de stationnement, l\u2019\u00e9clairage dont elle est dot\u00e9e s\u2019allume pendant soixante\u00a0secondes, ce qui facilite le positionnement correct [&hellip;]<\/p>\n","protected":false},"featured_media":294572,"template":"","meta":{"_acf_changed":false},"rizoma_assembly_time":[42789],"rizoma_bike":[41809,41970,41838,41971,42111],"rizoma_division":[42651],"rizoma_family":[],"rizoma_model_category":[],"rizoma_product_template":[],"product_brand":[],"product_cat":[42781],"product_tag":[],"class_list":{"0":"post-314506","1":"product","2":"type-product","3":"status-publish","4":"has-post-thumbnail","6":"rizoma_bike-r-1200-gs-2013-16","7":"rizoma_bike-r-1200-gs-2017-18","8":"rizoma_bike-r-1200-gs-adventure-2013-16","9":"rizoma_bike-r-1200-gs-adventure-2017-18","10":"rizoma_bike-r-1200-gs-rallye-2017-18","11":"product_cat-plus-pour-votre-bmw","13":"first","14":"outofstock","15":"sale","16":"taxable","17":"shipping-taxable","18":"purchasable","19":"product-type-variable"},"acf":[],"_links":{"self":[{"href":"https:\/\/cycle.rizoma.com\/fr\/wp-json\/wp\/v2\/product\/314506","targetHints":{"allow":["GET"]}}],"collection":[{"href":"https:\/\/cycle.rizoma.com\/fr\/wp-json\/wp\/v2\/product"}],"about":[{"href":"https:\/\/cycle.rizoma.com\/fr\/wp-json\/wp\/v2\/types\/product"}],"wp:featuredmedia":[{"embeddable":true,"href":"https:\/\/cycle.rizoma.com\/fr\/wp-json\/wp\/v2\/media\/294572"}],"wp:attachment":[{"href":"https:\/\/cycle.rizoma.com\/fr\/wp-json\/wp\/v2\/media?parent=314506"}],"wp:term":[{"taxonomy":"rizoma_assembly_time","embeddable":true,"href":"https:\/\/cycle.rizoma.com\/fr\/wp-json\/wp\/v2\/rizoma_assembly_time?post=314506"},{"taxonomy":"rizoma_bike","embeddable":true,"href":"https:\/\/cycle.rizoma.com\/fr\/wp-json\/wp\/v2\/rizoma_bike?post=314506"},{"taxonomy":"rizoma_division","embeddable":true,"href":"https:\/\/cycle.rizoma.com\/fr\/wp-json\/wp\/v2\/rizoma_division?post=314506"},{"taxonomy":"rizoma_family","embeddable":true,"href":"https:\/\/cycle.rizoma.com\/fr\/wp-json\/wp\/v2\/rizoma_family?post=314506"},{"taxonomy":"rizoma_model_category","embeddable":true,"href":"https:\/\/cycle.rizoma.com\/fr\/wp-json\/wp\/v2\/rizoma_model_category?post=314506"},{"taxonomy":"rizoma_product_template","embeddable":true,"href":"https:\/\/cycle.rizoma.com\/fr\/wp-json\/wp\/v2\/rizoma_product_template?post=314506"},{"taxonomy":"product_brand","embeddable":true,"href":"https:\/\/cycle.rizoma.com\/fr\/wp-json\/wp\/v2\/product_brand?post=314506"},{"taxonomy":"product_cat","embeddable":true,"href":"https:\/\/cycle.rizoma.com\/fr\/wp-json\/wp\/v2\/product_cat?post=314506"},{"taxonomy":"product_tag","embeddable":true,"href":"https:\/\/cycle.rizoma.com\/fr\/wp-json\/wp\/v2\/product_tag?post=314506"}],"curies":[{"name":"wp","href":"https:\/\/api.w.org\/{rel}","templated":true}]}}