{"id":314536,"date":"2024-11-21T16:22:39","date_gmt":"2024-11-21T15:22:39","guid":{"rendered":"https:\/\/rwp.rizoma.com\/negozio\/kit-support-dimmatriculation-outside-street-pt527\/"},"modified":"2025-01-14T11:10:08","modified_gmt":"2025-01-14T10:10:08","slug":"kit-support-dimmatriculation-outside-street-pt527","status":"publish","type":"product","link":"https:\/\/cycle.rizoma.com\/fr\/negozio\/support-dimmatriculation\/PT527\/kit-support-dimmatriculation-outside-street-pt527\/","title":{"rendered":"Kit Support d\u2019immatriculation Outside Street"},"content":{"rendered":"<p>Le kit support d\u2019immatriculation Outside, partie structurelle taill\u00e9e dans la masse d\u2019aluminium, remplace le composant OEM en associant des mat\u00e9riaux et des usinages diff\u00e9rents, et all\u00e8ge et embellit l\u2019arri\u00e8re de la moto pour rendre votre Scrambler unique tout en garantissant des caract\u00e9ristiques structurelles optimales. Il est facile \u00e0 monter car il a \u00e9t\u00e9 sp\u00e9cifiquement con\u00e7u pour le mod\u00e8le de moto auquel il est destin\u00e9. Le kit comprend\u00a0un support de plaque 173&#215;173 mm ainsi qu\u2019un support de plaque USA, l\u2019\u00e9clairage de plaque d\u2019immatriculation \u00e0 LED SMD (homologu\u00e9) et le catadioptre. Le support d\u2019immatriculation Outside PT527B est certifi\u00e9 ABE.<\/p>\n","protected":false},"excerpt":{"rendered":"<p>Le kit support d\u2019immatriculation Outside, partie structurelle taill\u00e9e dans la masse d\u2019aluminium, remplace le composant OEM en associant des mat\u00e9riaux et des usinages diff\u00e9rents, et all\u00e8ge et embellit l\u2019arri\u00e8re de la moto pour rendre votre Scrambler unique tout en garantissant des caract\u00e9ristiques structurelles optimales. Il est facile \u00e0 monter car il a \u00e9t\u00e9 sp\u00e9cifiquement con\u00e7u [&hellip;]<\/p>\n","protected":false},"featured_media":307451,"template":"","meta":{"_acf_changed":false},"rizoma_assembly_time":[42691],"rizoma_bike":[42010,41876,42054,41877,42055,41878,42056,42198,42326,42217,42428,41958,42066,42327,42109,41879,42429],"rizoma_division":[42651],"rizoma_family":[],"rizoma_model_category":[],"rizoma_product_template":[],"product_brand":[],"product_cat":[42766],"product_tag":[],"class_list":{"0":"post-314536","1":"product","2":"type-product","3":"status-publish","4":"has-post-thumbnail","6":"rizoma_bike-scrambler-800-cafe-racer-2017-21","7":"rizoma_bike-scrambler-800-classic-2015-16","8":"rizoma_bike-scrambler-800-classic-2017-18","9":"rizoma_bike-scrambler-800-full-throttle-2015-16","10":"rizoma_bike-scrambler-800-full-throttle-2017-21","11":"rizoma_bike-scrambler-800-icon-2015-16","12":"rizoma_bike-scrambler-800-icon-2017-20","13":"rizoma_bike-scrambler-800-icon-2019-20","14":"rizoma_bike-scrambler-800-icon-2021-22","15":"rizoma_bike-scrambler-800-icon-dark-2020","16":"rizoma_bike-scrambler-800-icon-dark-2021-22","17":"rizoma_bike-scrambler-800-italia-independent-2015-16","18":"rizoma_bike-scrambler-800-mach-2-0-2017-19","19":"rizoma_bike-scrambler-800-night-shift-2021-22","20":"rizoma_bike-scrambler-800-street-classic-2017-18","21":"rizoma_bike-scrambler-800-urban-enduro-2015-16","22":"rizoma_bike-scrambler-800-urban-motard-2022","23":"product_cat-support-dimmatriculation","25":"first","26":"instock","27":"taxable","28":"shipping-taxable","29":"purchasable","30":"product-type-variable"},"acf":[],"_links":{"self":[{"href":"https:\/\/cycle.rizoma.com\/fr\/wp-json\/wp\/v2\/product\/314536","targetHints":{"allow":["GET"]}}],"collection":[{"href":"https:\/\/cycle.rizoma.com\/fr\/wp-json\/wp\/v2\/product"}],"about":[{"href":"https:\/\/cycle.rizoma.com\/fr\/wp-json\/wp\/v2\/types\/product"}],"wp:featuredmedia":[{"embeddable":true,"href":"https:\/\/cycle.rizoma.com\/fr\/wp-json\/wp\/v2\/media\/307451"}],"wp:attachment":[{"href":"https:\/\/cycle.rizoma.com\/fr\/wp-json\/wp\/v2\/media?parent=314536"}],"wp:term":[{"taxonomy":"rizoma_assembly_time","embeddable":true,"href":"https:\/\/cycle.rizoma.com\/fr\/wp-json\/wp\/v2\/rizoma_assembly_time?post=314536"},{"taxonomy":"rizoma_bike","embeddable":true,"href":"https:\/\/cycle.rizoma.com\/fr\/wp-json\/wp\/v2\/rizoma_bike?post=314536"},{"taxonomy":"rizoma_division","embeddable":true,"href":"https:\/\/cycle.rizoma.com\/fr\/wp-json\/wp\/v2\/rizoma_division?post=314536"},{"taxonomy":"rizoma_family","embeddable":true,"href":"https:\/\/cycle.rizoma.com\/fr\/wp-json\/wp\/v2\/rizoma_family?post=314536"},{"taxonomy":"rizoma_model_category","embeddable":true,"href":"https:\/\/cycle.rizoma.com\/fr\/wp-json\/wp\/v2\/rizoma_model_category?post=314536"},{"taxonomy":"rizoma_product_template","embeddable":true,"href":"https:\/\/cycle.rizoma.com\/fr\/wp-json\/wp\/v2\/rizoma_product_template?post=314536"},{"taxonomy":"product_brand","embeddable":true,"href":"https:\/\/cycle.rizoma.com\/fr\/wp-json\/wp\/v2\/product_brand?post=314536"},{"taxonomy":"product_cat","embeddable":true,"href":"https:\/\/cycle.rizoma.com\/fr\/wp-json\/wp\/v2\/product_cat?post=314536"},{"taxonomy":"product_tag","embeddable":true,"href":"https:\/\/cycle.rizoma.com\/fr\/wp-json\/wp\/v2\/product_tag?post=314536"}],"curies":[{"name":"wp","href":"https:\/\/api.w.org\/{rel}","templated":true}]}}