{"id":314556,"date":"2024-11-21T16:23:03","date_gmt":"2024-11-21T15:23:03","guid":{"rendered":"https:\/\/rwp.rizoma.com\/negozio\/kit-reglage-deporte-pour-levier-de-frein-rizoma-lbj210-rm004\/"},"modified":"2025-12-18T00:37:01","modified_gmt":"2025-12-17T23:37:01","slug":"kit-reglage-deporte-pour-levier-de-frein-rizoma-lbj210-rm004","status":"publish","type":"product","link":"https:\/\/cycle.rizoma.com\/fr\/negozio\/leviers-de-frein-embrayage\/RM004\/kit-reglage-deporte-pour-levier-de-frein-rizoma-lbj210-rm004\/","title":{"rendered":"Kit r\u00e9glage d\u00e9port\u00e9 pour levier de frein Rizoma LBJ210"},"content":{"rendered":"<p>Comme dans le monde des courses\u00a0! Le kit de r\u00e9glage d\u00e9port\u00e9 Rizoma, en aluminium taill\u00e9 dans la masse et en Delrin\u00ae, a \u00e9t\u00e9 d\u00e9velopp\u00e9 pour permettre au pilote de r\u00e9gler la position du levier de frein avant sans utiliser la main droite, occup\u00e9e sur la poign\u00e9e de gaz.<\/p>\n","protected":false},"excerpt":{"rendered":"<p>Comme dans le monde des courses\u00a0! Le kit de r\u00e9glage d\u00e9port\u00e9 Rizoma, en aluminium taill\u00e9 dans la masse et en Delrin\u00ae, a \u00e9t\u00e9 d\u00e9velopp\u00e9 pour permettre au pilote de r\u00e9gler la position du levier de frein avant sans utiliser la main droite, occup\u00e9e sur la poign\u00e9e de gaz.<\/p>\n","protected":false},"featured_media":296077,"template":"","meta":{"_acf_changed":false},"rizoma_assembly_time":[42675],"rizoma_bike":[],"rizoma_division":[42651],"rizoma_family":[43885],"rizoma_model_category":[],"rizoma_product_template":[],"product_brand":[],"product_cat":[42807],"product_tag":[],"class_list":{"0":"post-314556","1":"product","2":"type-product","3":"status-publish","4":"has-post-thumbnail","6":"product_cat-leviers-de-frein-embrayage","8":"first","9":"instock","10":"sale","11":"taxable","12":"shipping-taxable","13":"purchasable","14":"product-type-variable"},"acf":[],"_links":{"self":[{"href":"https:\/\/cycle.rizoma.com\/fr\/wp-json\/wp\/v2\/product\/314556","targetHints":{"allow":["GET"]}}],"collection":[{"href":"https:\/\/cycle.rizoma.com\/fr\/wp-json\/wp\/v2\/product"}],"about":[{"href":"https:\/\/cycle.rizoma.com\/fr\/wp-json\/wp\/v2\/types\/product"}],"wp:featuredmedia":[{"embeddable":true,"href":"https:\/\/cycle.rizoma.com\/fr\/wp-json\/wp\/v2\/media\/296077"}],"wp:attachment":[{"href":"https:\/\/cycle.rizoma.com\/fr\/wp-json\/wp\/v2\/media?parent=314556"}],"wp:term":[{"taxonomy":"rizoma_assembly_time","embeddable":true,"href":"https:\/\/cycle.rizoma.com\/fr\/wp-json\/wp\/v2\/rizoma_assembly_time?post=314556"},{"taxonomy":"rizoma_bike","embeddable":true,"href":"https:\/\/cycle.rizoma.com\/fr\/wp-json\/wp\/v2\/rizoma_bike?post=314556"},{"taxonomy":"rizoma_division","embeddable":true,"href":"https:\/\/cycle.rizoma.com\/fr\/wp-json\/wp\/v2\/rizoma_division?post=314556"},{"taxonomy":"rizoma_family","embeddable":true,"href":"https:\/\/cycle.rizoma.com\/fr\/wp-json\/wp\/v2\/rizoma_family?post=314556"},{"taxonomy":"rizoma_model_category","embeddable":true,"href":"https:\/\/cycle.rizoma.com\/fr\/wp-json\/wp\/v2\/rizoma_model_category?post=314556"},{"taxonomy":"rizoma_product_template","embeddable":true,"href":"https:\/\/cycle.rizoma.com\/fr\/wp-json\/wp\/v2\/rizoma_product_template?post=314556"},{"taxonomy":"product_brand","embeddable":true,"href":"https:\/\/cycle.rizoma.com\/fr\/wp-json\/wp\/v2\/product_brand?post=314556"},{"taxonomy":"product_cat","embeddable":true,"href":"https:\/\/cycle.rizoma.com\/fr\/wp-json\/wp\/v2\/product_cat?post=314556"},{"taxonomy":"product_tag","embeddable":true,"href":"https:\/\/cycle.rizoma.com\/fr\/wp-json\/wp\/v2\/product_tag?post=314556"}],"curies":[{"name":"wp","href":"https:\/\/api.w.org\/{rel}","templated":true}]}}