{"id":314686,"date":"2024-11-21T16:25:45","date_gmt":"2024-11-21T15:25:45","guid":{"rendered":"https:\/\/rwp.rizoma.com\/negozio\/bouchon-de-reservoir-fluide-de-frein-avant-zhd124\/"},"modified":"2026-03-29T23:24:07","modified_gmt":"2026-03-29T21:24:07","slug":"bouchon-de-reservoir-fluide-de-frein-avant-zhd124","status":"publish","type":"product","link":"https:\/\/cycle.rizoma.com\/fr\/negozio\/reservoirs-fluide\/ZHD124\/bouchon-de-reservoir-fluide-de-frein-avant-zhd124\/","title":{"rendered":"Bouchon de r\u00e9servoir fluide de frein avant"},"content":{"rendered":"<p>Le bouchon de r\u00e9servoir du fluide de frein avant a \u00e9t\u00e9 dessin\u00e9 afin d\u2019\u00eatre parfaitement adapt\u00e9 \u00e0 la ligne Softail. Ses lignes arrondies rappellent le style de toute la ligne d\u2019accessoires. Avec le bouchon de r\u00e9servoir du fluide de frein arri\u00e8re, il compl\u00e8te la dotation de l\u2019avant-train. Taill\u00e9 dans la masse d\u2019aluminium, anodis\u00e9 et poli pour une finition parfaite.<\/p>\n","protected":false},"excerpt":{"rendered":"<p>Le bouchon de r\u00e9servoir du fluide de frein avant a \u00e9t\u00e9 dessin\u00e9 afin d\u2019\u00eatre parfaitement adapt\u00e9 \u00e0 la ligne Softail. Ses lignes arrondies rappellent le style de toute la ligne d\u2019accessoires. Avec le bouchon de r\u00e9servoir du fluide de frein arri\u00e8re, il compl\u00e8te la dotation de l\u2019avant-train. Taill\u00e9 dans la masse d\u2019aluminium, anodis\u00e9 et poli [&hellip;]<\/p>\n","protected":false},"featured_media":294867,"template":"","meta":{"_acf_changed":false},"rizoma_assembly_time":[42753],"rizoma_bike":[43787,43808,43800,43796,43798,43811,43795,43781,43820,43812,43799,43810,43806,43816],"rizoma_division":[42651],"rizoma_family":[42817],"rizoma_model_category":[],"rizoma_product_template":[],"product_brand":[],"product_cat":[42688],"product_tag":[],"class_list":{"0":"post-314686","1":"product","2":"type-product","3":"status-publish","4":"has-post-thumbnail","6":"rizoma_bike-107-breakout-2018-19-fxbr","7":"rizoma_bike-107-fat-bob-2017-20-fxfb","8":"rizoma_bike-107-fat-boy-2017-20-flfb","9":"rizoma_bike-107-low-rider-2018-20-fxlr","10":"rizoma_bike-107-slim-2018-20-flsl","11":"rizoma_bike-107-street-bob-2018-20-fxbb","12":"rizoma_bike-114-breakout-2018-20-fxbrs","13":"rizoma_bike-114-fat-bob-2018-20-fxfbs","14":"rizoma_bike-114-fat-boy-2018-20-flfbs","15":"rizoma_bike-114-fxdr-2019-20","16":"rizoma_bike-114-low-rider-s-2020-fxlrs","17":"rizoma_bike-low-rider-s-2022-24","18":"rizoma_bike-low-rider-st-2022-24","19":"rizoma_bike-softail-slim-2011-17-fls","20":"product_cat-reservoirs-fluide","22":"first","23":"instock","24":"sale","25":"taxable","26":"shipping-taxable","27":"purchasable","28":"product-type-variable"},"acf":[],"_links":{"self":[{"href":"https:\/\/cycle.rizoma.com\/fr\/wp-json\/wp\/v2\/product\/314686","targetHints":{"allow":["GET"]}}],"collection":[{"href":"https:\/\/cycle.rizoma.com\/fr\/wp-json\/wp\/v2\/product"}],"about":[{"href":"https:\/\/cycle.rizoma.com\/fr\/wp-json\/wp\/v2\/types\/product"}],"wp:featuredmedia":[{"embeddable":true,"href":"https:\/\/cycle.rizoma.com\/fr\/wp-json\/wp\/v2\/media\/294867"}],"wp:attachment":[{"href":"https:\/\/cycle.rizoma.com\/fr\/wp-json\/wp\/v2\/media?parent=314686"}],"wp:term":[{"taxonomy":"rizoma_assembly_time","embeddable":true,"href":"https:\/\/cycle.rizoma.com\/fr\/wp-json\/wp\/v2\/rizoma_assembly_time?post=314686"},{"taxonomy":"rizoma_bike","embeddable":true,"href":"https:\/\/cycle.rizoma.com\/fr\/wp-json\/wp\/v2\/rizoma_bike?post=314686"},{"taxonomy":"rizoma_division","embeddable":true,"href":"https:\/\/cycle.rizoma.com\/fr\/wp-json\/wp\/v2\/rizoma_division?post=314686"},{"taxonomy":"rizoma_family","embeddable":true,"href":"https:\/\/cycle.rizoma.com\/fr\/wp-json\/wp\/v2\/rizoma_family?post=314686"},{"taxonomy":"rizoma_model_category","embeddable":true,"href":"https:\/\/cycle.rizoma.com\/fr\/wp-json\/wp\/v2\/rizoma_model_category?post=314686"},{"taxonomy":"rizoma_product_template","embeddable":true,"href":"https:\/\/cycle.rizoma.com\/fr\/wp-json\/wp\/v2\/rizoma_product_template?post=314686"},{"taxonomy":"product_brand","embeddable":true,"href":"https:\/\/cycle.rizoma.com\/fr\/wp-json\/wp\/v2\/product_brand?post=314686"},{"taxonomy":"product_cat","embeddable":true,"href":"https:\/\/cycle.rizoma.com\/fr\/wp-json\/wp\/v2\/product_cat?post=314686"},{"taxonomy":"product_tag","embeddable":true,"href":"https:\/\/cycle.rizoma.com\/fr\/wp-json\/wp\/v2\/product_tag?post=314686"}],"curies":[{"name":"wp","href":"https:\/\/api.w.org\/{rel}","templated":true}]}}