{"id":314721,"date":"2024-11-21T16:26:28","date_gmt":"2024-11-21T15:26:28","guid":{"rendered":"https:\/\/rwp.rizoma.com\/negozio\/carter-superieur-et-inferieur-de-courroie-court-zhd047\/"},"modified":"2025-12-18T00:37:18","modified_gmt":"2025-12-17T23:37:18","slug":"carter-superieur-et-inferieur-de-courroie-court-zhd047","status":"publish","type":"product","link":"https:\/\/cycle.rizoma.com\/fr\/negozio\/plus-pour-votre-harley-davidson\/ZHD047\/carter-superieur-et-inferieur-de-courroie-court-zhd047\/","title":{"rendered":"Carter sup\u00e9rieur et inf\u00e9rieur de courroie (court)"},"content":{"rendered":"<p>Le kit carter de courroie, compos\u00e9 d\u2019un \u00e9l\u00e9ment sup\u00e9rieur et inf\u00e9rieur, est r\u00e9alis\u00e9 en aluminium et thermolaqu\u00e9. Un \u00e9l\u00e9ment simple, mais qui peut pr\u00e9venir le contact accidentel avec la courroie en mouvement.<\/p>\n","protected":false},"excerpt":{"rendered":"<p>Le kit carter de courroie, compos\u00e9 d\u2019un \u00e9l\u00e9ment sup\u00e9rieur et inf\u00e9rieur, est r\u00e9alis\u00e9 en aluminium et thermolaqu\u00e9. Un \u00e9l\u00e9ment simple, mais qui peut pr\u00e9venir le contact accidentel avec la courroie en mouvement.<\/p>\n","protected":false},"featured_media":294817,"template":"","meta":{"_acf_changed":false},"rizoma_assembly_time":[42664],"rizoma_bike":[43816],"rizoma_division":[42651],"rizoma_family":[],"rizoma_model_category":[],"rizoma_product_template":[],"product_brand":[],"product_cat":[42786],"product_tag":[],"class_list":{"0":"post-314721","1":"product","2":"type-product","3":"status-publish","4":"has-post-thumbnail","6":"rizoma_bike-softail-slim-2011-17-fls","7":"product_cat-plus-pour-votre-harley-davidson","9":"first","10":"instock","11":"sale","12":"taxable","13":"shipping-taxable","14":"purchasable","15":"product-type-variable"},"acf":[],"_links":{"self":[{"href":"https:\/\/cycle.rizoma.com\/fr\/wp-json\/wp\/v2\/product\/314721","targetHints":{"allow":["GET"]}}],"collection":[{"href":"https:\/\/cycle.rizoma.com\/fr\/wp-json\/wp\/v2\/product"}],"about":[{"href":"https:\/\/cycle.rizoma.com\/fr\/wp-json\/wp\/v2\/types\/product"}],"wp:featuredmedia":[{"embeddable":true,"href":"https:\/\/cycle.rizoma.com\/fr\/wp-json\/wp\/v2\/media\/294817"}],"wp:attachment":[{"href":"https:\/\/cycle.rizoma.com\/fr\/wp-json\/wp\/v2\/media?parent=314721"}],"wp:term":[{"taxonomy":"rizoma_assembly_time","embeddable":true,"href":"https:\/\/cycle.rizoma.com\/fr\/wp-json\/wp\/v2\/rizoma_assembly_time?post=314721"},{"taxonomy":"rizoma_bike","embeddable":true,"href":"https:\/\/cycle.rizoma.com\/fr\/wp-json\/wp\/v2\/rizoma_bike?post=314721"},{"taxonomy":"rizoma_division","embeddable":true,"href":"https:\/\/cycle.rizoma.com\/fr\/wp-json\/wp\/v2\/rizoma_division?post=314721"},{"taxonomy":"rizoma_family","embeddable":true,"href":"https:\/\/cycle.rizoma.com\/fr\/wp-json\/wp\/v2\/rizoma_family?post=314721"},{"taxonomy":"rizoma_model_category","embeddable":true,"href":"https:\/\/cycle.rizoma.com\/fr\/wp-json\/wp\/v2\/rizoma_model_category?post=314721"},{"taxonomy":"rizoma_product_template","embeddable":true,"href":"https:\/\/cycle.rizoma.com\/fr\/wp-json\/wp\/v2\/rizoma_product_template?post=314721"},{"taxonomy":"product_brand","embeddable":true,"href":"https:\/\/cycle.rizoma.com\/fr\/wp-json\/wp\/v2\/product_brand?post=314721"},{"taxonomy":"product_cat","embeddable":true,"href":"https:\/\/cycle.rizoma.com\/fr\/wp-json\/wp\/v2\/product_cat?post=314721"},{"taxonomy":"product_tag","embeddable":true,"href":"https:\/\/cycle.rizoma.com\/fr\/wp-json\/wp\/v2\/product_tag?post=314721"}],"curies":[{"name":"wp","href":"https:\/\/api.w.org\/{rel}","templated":true}]}}