{"id":314726,"date":"2024-11-21T16:26:34","date_gmt":"2024-11-21T15:26:34","guid":{"rendered":"https:\/\/rwp.rizoma.com\/negozio\/plaque-dimmatriculation-pt081\/"},"modified":"2025-01-14T10:57:57","modified_gmt":"2025-01-14T09:57:57","slug":"plaque-dimmatriculation-pt081","status":"publish","type":"product","link":"https:\/\/cycle.rizoma.com\/fr\/negozio\/support-dimmatriculation\/PT081\/plaque-dimmatriculation-pt081\/","title":{"rendered":"Plaque d\u2019immatriculation"},"content":{"rendered":"<p>Les supports de plaque d&#8217;immatriculation Rizoma sont fabriqu\u00e9s en alliage d&#8217;aluminium (Peraluman 300). Obtenus par fraisage d&#8217;une feuille d&#8217;aluminium de 3 mm d&#8217;\u00e9paisseur, ils subissent un polissage de surface et une anodisation pour optimiser la finition.<br \/>L\u00e9gers et solides, ils garantissent une haute r\u00e9sistance aux vibrations.<\/p>\n","protected":false},"excerpt":{"rendered":"<p>Les supports de plaque d&#8217;immatriculation Rizoma sont fabriqu\u00e9s en alliage d&#8217;aluminium (Peraluman 300). Obtenus par fraisage d&#8217;une feuille d&#8217;aluminium de 3 mm d&#8217;\u00e9paisseur, ils subissent un polissage de surface et une anodisation pour optimiser la finition.L\u00e9gers et solides, ils garantissent une haute r\u00e9sistance aux vibrations.<\/p>\n","protected":false},"featured_media":296232,"template":"","meta":{"_acf_changed":false},"rizoma_assembly_time":[42675],"rizoma_bike":[43787,43808,43800,43798,43811,43795,43781,43820,43812,43785],"rizoma_division":[42651],"rizoma_family":[42903],"rizoma_model_category":[],"rizoma_product_template":[],"product_brand":[],"product_cat":[42766],"product_tag":[],"class_list":{"0":"post-314726","1":"product","2":"type-product","3":"status-publish","4":"has-post-thumbnail","6":"rizoma_bike-107-breakout-2018-19-fxbr","7":"rizoma_bike-107-fat-bob-2017-20-fxfb","8":"rizoma_bike-107-fat-boy-2017-20-flfb","9":"rizoma_bike-107-slim-2018-20-flsl","10":"rizoma_bike-107-street-bob-2018-20-fxbb","11":"rizoma_bike-114-breakout-2018-20-fxbrs","12":"rizoma_bike-114-fat-bob-2018-20-fxfbs","13":"rizoma_bike-114-fat-boy-2018-20-flfbs","14":"rizoma_bike-114-fxdr-2019-20","15":"rizoma_bike-1200-forty-eight-2016-20","16":"product_cat-support-dimmatriculation","18":"first","19":"instock","20":"taxable","21":"shipping-taxable","22":"purchasable","23":"product-type-variable"},"acf":[],"_links":{"self":[{"href":"https:\/\/cycle.rizoma.com\/fr\/wp-json\/wp\/v2\/product\/314726","targetHints":{"allow":["GET"]}}],"collection":[{"href":"https:\/\/cycle.rizoma.com\/fr\/wp-json\/wp\/v2\/product"}],"about":[{"href":"https:\/\/cycle.rizoma.com\/fr\/wp-json\/wp\/v2\/types\/product"}],"wp:featuredmedia":[{"embeddable":true,"href":"https:\/\/cycle.rizoma.com\/fr\/wp-json\/wp\/v2\/media\/296232"}],"wp:attachment":[{"href":"https:\/\/cycle.rizoma.com\/fr\/wp-json\/wp\/v2\/media?parent=314726"}],"wp:term":[{"taxonomy":"rizoma_assembly_time","embeddable":true,"href":"https:\/\/cycle.rizoma.com\/fr\/wp-json\/wp\/v2\/rizoma_assembly_time?post=314726"},{"taxonomy":"rizoma_bike","embeddable":true,"href":"https:\/\/cycle.rizoma.com\/fr\/wp-json\/wp\/v2\/rizoma_bike?post=314726"},{"taxonomy":"rizoma_division","embeddable":true,"href":"https:\/\/cycle.rizoma.com\/fr\/wp-json\/wp\/v2\/rizoma_division?post=314726"},{"taxonomy":"rizoma_family","embeddable":true,"href":"https:\/\/cycle.rizoma.com\/fr\/wp-json\/wp\/v2\/rizoma_family?post=314726"},{"taxonomy":"rizoma_model_category","embeddable":true,"href":"https:\/\/cycle.rizoma.com\/fr\/wp-json\/wp\/v2\/rizoma_model_category?post=314726"},{"taxonomy":"rizoma_product_template","embeddable":true,"href":"https:\/\/cycle.rizoma.com\/fr\/wp-json\/wp\/v2\/rizoma_product_template?post=314726"},{"taxonomy":"product_brand","embeddable":true,"href":"https:\/\/cycle.rizoma.com\/fr\/wp-json\/wp\/v2\/product_brand?post=314726"},{"taxonomy":"product_cat","embeddable":true,"href":"https:\/\/cycle.rizoma.com\/fr\/wp-json\/wp\/v2\/product_cat?post=314726"},{"taxonomy":"product_tag","embeddable":true,"href":"https:\/\/cycle.rizoma.com\/fr\/wp-json\/wp\/v2\/product_tag?post=314726"}],"curies":[{"name":"wp","href":"https:\/\/api.w.org\/{rel}","templated":true}]}}