{"id":314911,"date":"2024-11-21T16:30:31","date_gmt":"2024-11-21T15:30:31","guid":{"rendered":"https:\/\/rwp.rizoma.com\/negozio\/pontets-rehausseurs-avec-deport-az453\/"},"modified":"2025-01-14T11:40:50","modified_gmt":"2025-01-14T10:40:50","slug":"pontets-rehausseurs-avec-deport-az453","status":"publish","type":"product","link":"https:\/\/cycle.rizoma.com\/fr\/negozio\/kit-pour-guidons\/AZ453\/pontets-rehausseurs-avec-deport-az453\/","title":{"rendered":"Pontets r\u00e9hausseurs avec d\u00e9port"},"content":{"rendered":"<p>Le kit pontets est taill\u00e9 dans la masse d\u2019aluminium.  Il r\u00e9hausse de +10 mm et d\u00e9porte vers l\u2019arri\u00e8re de -30 mm : Une am\u00e9lioration du confort et du plaisir de conduire. Le kit de riser AZ453 est \u00e9galement compatible avec le dessus de pontet d\u2019origine (OEM).<\/p>\n","protected":false},"excerpt":{"rendered":"<p>Le kit pontets est taill\u00e9 dans la masse d\u2019aluminium. Il r\u00e9hausse de +10 mm et d\u00e9porte vers l\u2019arri\u00e8re de -30 mm : Une am\u00e9lioration du confort et du plaisir de conduire. Le kit de riser AZ453 est \u00e9galement compatible avec le dessus de pontet d\u2019origine (OEM).<\/p>\n","protected":false},"featured_media":297007,"template":"","meta":{"_acf_changed":false},"rizoma_assembly_time":[42855],"rizoma_bike":[41953,42298,42299,42372,42003],"rizoma_division":[42651],"rizoma_family":[42656],"rizoma_model_category":[],"rizoma_product_template":[],"product_brand":[],"product_cat":[42661],"product_tag":[],"class_list":{"0":"post-314911","1":"product","2":"type-product","3":"status-publish","4":"has-post-thumbnail","6":"rizoma_bike-r-ninet-1200-scrambler-2016-20","7":"rizoma_bike-r-ninet-scrambler-2021-24","8":"rizoma_bike-r-ninet-urban-gs-2021-24","9":"rizoma_bike-r-ninet-urban-gs-1200-edition-40-years-gs-2021","10":"rizoma_bike-r-ninet-urban-gs-1200-2017-20","11":"product_cat-kit-pour-guidons","13":"first","14":"instock","15":"taxable","16":"shipping-taxable","17":"purchasable","18":"product-type-variable"},"acf":[],"_links":{"self":[{"href":"https:\/\/cycle.rizoma.com\/fr\/wp-json\/wp\/v2\/product\/314911","targetHints":{"allow":["GET"]}}],"collection":[{"href":"https:\/\/cycle.rizoma.com\/fr\/wp-json\/wp\/v2\/product"}],"about":[{"href":"https:\/\/cycle.rizoma.com\/fr\/wp-json\/wp\/v2\/types\/product"}],"wp:featuredmedia":[{"embeddable":true,"href":"https:\/\/cycle.rizoma.com\/fr\/wp-json\/wp\/v2\/media\/297007"}],"wp:attachment":[{"href":"https:\/\/cycle.rizoma.com\/fr\/wp-json\/wp\/v2\/media?parent=314911"}],"wp:term":[{"taxonomy":"rizoma_assembly_time","embeddable":true,"href":"https:\/\/cycle.rizoma.com\/fr\/wp-json\/wp\/v2\/rizoma_assembly_time?post=314911"},{"taxonomy":"rizoma_bike","embeddable":true,"href":"https:\/\/cycle.rizoma.com\/fr\/wp-json\/wp\/v2\/rizoma_bike?post=314911"},{"taxonomy":"rizoma_division","embeddable":true,"href":"https:\/\/cycle.rizoma.com\/fr\/wp-json\/wp\/v2\/rizoma_division?post=314911"},{"taxonomy":"rizoma_family","embeddable":true,"href":"https:\/\/cycle.rizoma.com\/fr\/wp-json\/wp\/v2\/rizoma_family?post=314911"},{"taxonomy":"rizoma_model_category","embeddable":true,"href":"https:\/\/cycle.rizoma.com\/fr\/wp-json\/wp\/v2\/rizoma_model_category?post=314911"},{"taxonomy":"rizoma_product_template","embeddable":true,"href":"https:\/\/cycle.rizoma.com\/fr\/wp-json\/wp\/v2\/rizoma_product_template?post=314911"},{"taxonomy":"product_brand","embeddable":true,"href":"https:\/\/cycle.rizoma.com\/fr\/wp-json\/wp\/v2\/product_brand?post=314911"},{"taxonomy":"product_cat","embeddable":true,"href":"https:\/\/cycle.rizoma.com\/fr\/wp-json\/wp\/v2\/product_cat?post=314911"},{"taxonomy":"product_tag","embeddable":true,"href":"https:\/\/cycle.rizoma.com\/fr\/wp-json\/wp\/v2\/product_tag?post=314911"}],"curies":[{"name":"wp","href":"https:\/\/api.w.org\/{rel}","templated":true}]}}