{"id":314966,"date":"2024-11-21T16:31:40","date_gmt":"2024-11-21T15:31:40","guid":{"rendered":"https:\/\/rwp.rizoma.com\/negozio\/couvercle-du-filtre-a-air-zhd130\/"},"modified":"2026-01-23T18:13:30","modified_gmt":"2026-01-23T17:13:30","slug":"couvercle-du-filtre-a-air-zhd130","status":"publish","type":"product","link":"https:\/\/cycle.rizoma.com\/fr\/negozio\/plus-pour-votre-harley-davidson\/ZHD130\/couvercle-du-filtre-a-air-zhd130\/","title":{"rendered":"Couvercle du filtre a\u0300 air"},"content":{"rendered":"<p>Le mat\u00e9riau est usin\u00e9 \u00e0 partir d\u2019une masse d\u2019aluminium pour arriver \u00e0 un poids de 0,155 kg. Enti\u00e8rement taill\u00e9 dans la masse d\u2019aluminium, finement anodis\u00e9 en noir mat pour garantir une finition parfaite et un r\u00e9sultat esth\u00e9tique plus durable, le couvercle du filtre a\u0300 air Rizoma s&#8217;int\u00e8gre parfaitement \u00e0 l&#8217;harmonie de votre FXDR.<\/p>\n","protected":false},"excerpt":{"rendered":"<p>Le mat\u00e9riau est usin\u00e9 \u00e0 partir d\u2019une masse d\u2019aluminium pour arriver \u00e0 un poids de 0,155 kg. Enti\u00e8rement taill\u00e9 dans la masse d\u2019aluminium, finement anodis\u00e9 en noir mat pour garantir une finition parfaite et un r\u00e9sultat esth\u00e9tique plus durable, le couvercle du filtre a\u0300 air Rizoma s&#8217;int\u00e8gre parfaitement \u00e0 l&#8217;harmonie de votre FXDR.<\/p>\n","protected":false},"featured_media":294932,"template":"","meta":{"_acf_changed":false},"rizoma_assembly_time":[42664],"rizoma_bike":[43812],"rizoma_division":[42651],"rizoma_family":[],"rizoma_model_category":[],"rizoma_product_template":[],"product_brand":[],"product_cat":[42786],"product_tag":[],"class_list":{"0":"post-314966","1":"product","2":"type-product","3":"status-publish","4":"has-post-thumbnail","6":"rizoma_bike-114-fxdr-2019-20","7":"product_cat-plus-pour-votre-harley-davidson","9":"first","10":"instock","11":"sale","12":"taxable","13":"shipping-taxable","14":"purchasable","15":"product-type-variable"},"acf":[],"_links":{"self":[{"href":"https:\/\/cycle.rizoma.com\/fr\/wp-json\/wp\/v2\/product\/314966","targetHints":{"allow":["GET"]}}],"collection":[{"href":"https:\/\/cycle.rizoma.com\/fr\/wp-json\/wp\/v2\/product"}],"about":[{"href":"https:\/\/cycle.rizoma.com\/fr\/wp-json\/wp\/v2\/types\/product"}],"wp:featuredmedia":[{"embeddable":true,"href":"https:\/\/cycle.rizoma.com\/fr\/wp-json\/wp\/v2\/media\/294932"}],"wp:attachment":[{"href":"https:\/\/cycle.rizoma.com\/fr\/wp-json\/wp\/v2\/media?parent=314966"}],"wp:term":[{"taxonomy":"rizoma_assembly_time","embeddable":true,"href":"https:\/\/cycle.rizoma.com\/fr\/wp-json\/wp\/v2\/rizoma_assembly_time?post=314966"},{"taxonomy":"rizoma_bike","embeddable":true,"href":"https:\/\/cycle.rizoma.com\/fr\/wp-json\/wp\/v2\/rizoma_bike?post=314966"},{"taxonomy":"rizoma_division","embeddable":true,"href":"https:\/\/cycle.rizoma.com\/fr\/wp-json\/wp\/v2\/rizoma_division?post=314966"},{"taxonomy":"rizoma_family","embeddable":true,"href":"https:\/\/cycle.rizoma.com\/fr\/wp-json\/wp\/v2\/rizoma_family?post=314966"},{"taxonomy":"rizoma_model_category","embeddable":true,"href":"https:\/\/cycle.rizoma.com\/fr\/wp-json\/wp\/v2\/rizoma_model_category?post=314966"},{"taxonomy":"rizoma_product_template","embeddable":true,"href":"https:\/\/cycle.rizoma.com\/fr\/wp-json\/wp\/v2\/rizoma_product_template?post=314966"},{"taxonomy":"product_brand","embeddable":true,"href":"https:\/\/cycle.rizoma.com\/fr\/wp-json\/wp\/v2\/product_brand?post=314966"},{"taxonomy":"product_cat","embeddable":true,"href":"https:\/\/cycle.rizoma.com\/fr\/wp-json\/wp\/v2\/product_cat?post=314966"},{"taxonomy":"product_tag","embeddable":true,"href":"https:\/\/cycle.rizoma.com\/fr\/wp-json\/wp\/v2\/product_tag?post=314966"}],"curies":[{"name":"wp","href":"https:\/\/api.w.org\/{rel}","templated":true}]}}