{"id":314986,"date":"2024-11-21T16:32:03","date_gmt":"2024-11-21T15:32:03","guid":{"rendered":"https:\/\/rwp.rizoma.com\/negozio\/guidon-race-retro-ma054\/"},"modified":"2025-12-01T14:12:08","modified_gmt":"2025-12-01T13:12:08","slug":"guidon-race-retro-ma054","status":"publish","type":"product","link":"https:\/\/cycle.rizoma.com\/fr\/negozio\/kit-pour-guidons\/MA054\/guidon-race-retro-ma054\/","title":{"rendered":"Guidon Race Retr\u00f2"},"content":{"rendered":"<p>Point cardinal de la bonne sensation de conduite entre le pilote et sa moto, c\u2019est \u00e9galement un \u00e9l\u00e9ment central du design d\u2019une moto. Les guidons Rizoma, r\u00e9alis\u00e9s en aluminium et soumis \u00e0 un proc\u00e9d\u00e9 de production particulier, pr\u00e9sentent des caract\u00e9ristiques structurelles et une fiabilit\u00e9 optimales. La finition de grande qualit\u00e9 est obtenue gr\u00e2ce \u00e0 un traitement de surface par anodisation. Les guidons Rizoma sont certifi\u00e9s T\u00dcV.<\/p>\n","protected":false},"excerpt":{"rendered":"<p>Point cardinal de la bonne sensation de conduite entre le pilote et sa moto, c\u2019est \u00e9galement un \u00e9l\u00e9ment central du design d\u2019une moto. Les guidons Rizoma, r\u00e9alis\u00e9s en aluminium et soumis \u00e0 un proc\u00e9d\u00e9 de production particulier, pr\u00e9sentent des caract\u00e9ristiques structurelles et une fiabilit\u00e9 optimales. La finition de grande qualit\u00e9 est obtenue gr\u00e2ce \u00e0 un [&hellip;]<\/p>\n","protected":false},"featured_media":296737,"template":"","meta":{"_acf_changed":false},"rizoma_assembly_time":[42911],"rizoma_bike":[42315,42136,42293,42137,42294,42587,43723,43725,43724,42296,42551,41979,42248,42297,42520,42646,42522,42169,42396,43684,42475,43683,42603,42303,42648,42634,43896,44421,42026,42114,42122,42105,42106,42012,42013,42168,42189,42241,44423,44428,44427,41778,42359,44426,42360,44430,44424,42456,44368,42457,44458,44460,44459,42083,42366,42504,42478,42104,42257,42258,42370,42505],"rizoma_division":[42651],"rizoma_family":[42930],"rizoma_model_category":[],"rizoma_product_template":[],"product_brand":[],"product_cat":[42661],"product_tag":[],"class_list":{"0":"post-314986","1":"product","2":"type-product","3":"status-publish","4":"has-post-thumbnail","6":"rizoma_bike-cb-650-r-2021-23","7":"rizoma_bike-ftr-1200-2019-20","8":"rizoma_bike-ftr-1200-2021-25","9":"rizoma_bike-ftr-1200-s-2019-20","10":"rizoma_bike-ftr-1200-s-2021-22","11":"rizoma_bike-monster-937-30-anniversario-2023-24","12":"rizoma_bike-r-12-ninet-2023-26","13":"rizoma_bike-r-12-ninet-option-719-2023-24","14":"rizoma_bike-r-12-ninet-san-remo-2023-24","15":"rizoma_bike-r-ninet-2021-24","16":"rizoma_bike-r-ninet-100-years-2023","17":"rizoma_bike-r-ninet-1200-pure-2017-20","18":"rizoma_bike-r-ninet-1200-pure-2020","19":"rizoma_bike-r-ninet-pure-2021-24","20":"rizoma_bike-scrambler-800-full-throttle-2023-24","21":"rizoma_bike-scrambler-800-full-throttle-2025-26","22":"rizoma_bike-scrambler-800-nightshift-2023-24","23":"rizoma_bike-speed-twin-1200-2019-20","24":"rizoma_bike-speed-twin-1200-2021-24","25":"rizoma_bike-speed-twin-1200-2025-26","26":"rizoma_bike-speed-twin-1200-breitling-limited-edition-2022-24","27":"rizoma_bike-speed-twin-1200-rs-2025-26","28":"rizoma_bike-speed-twin-1200-stealth-edition-2024","29":"rizoma_bike-trident-660-2021-24","30":"rizoma_bike-trident-660-2025","31":"rizoma_bike-trident-660-triple-tribute-edition-2024","32":"rizoma_bike-trident-660-triple-tribute-edition-2025-26","33":"rizoma_bike-v7-850-stone-special-abs-2021","34":"rizoma_bike-v7-iii-anniversario-2017-18","35":"rizoma_bike-v7-iii-carbon-2018-20","36":"rizoma_bike-v7-iii-limited-2018","37":"rizoma_bike-v7-iii-milano-2018-20","38":"rizoma_bike-v7-iii-rough-2018-20","39":"rizoma_bike-v7-iii-special-2017-20","40":"rizoma_bike-v7-iii-stone-2017-20","41":"rizoma_bike-v7-iii-stone-2019","42":"rizoma_bike-v7-iii-stone-night-pack-2019-20","43":"rizoma_bike-v7-iii-stone-s-2020","44":"rizoma_bike-v7-special-2021-24","45":"rizoma_bike-v7-special-2025-26","46":"rizoma_bike-v7-sport-2025-26","47":"rizoma_bike-v7-stone-2012-15","48":"rizoma_bike-v7-stone-2021-24","49":"rizoma_bike-v7-stone-2025-26","50":"rizoma_bike-v7-stone-centenario-2021-22","51":"rizoma_bike-v7-stone-special-edition-2022-25","52":"rizoma_bike-v7-stone-ten-2024-25","53":"rizoma_bike-xsr-700-2022-26","54":"rizoma_bike-xsr-700-legacy-2023-26","55":"rizoma_bike-xsr-900-2022-24","56":"rizoma_bike-z-650-rs-2022-24","57":"rizoma_bike-z-650-rs-2025-26","58":"rizoma_bike-z-650-rs-50th-anniversary-2022","59":"rizoma_bike-z-900-rs-2018-20","60":"rizoma_bike-z-900-rs-2021","61":"rizoma_bike-z-900-rs-2022-25","62":"rizoma_bike-z-900-rs-50th-anniversary-2022","63":"rizoma_bike-z-900-rs-cafe-2018-21","64":"rizoma_bike-z-900-rs-cafe-performance-2020-21","65":"rizoma_bike-z-900-rs-performance-2020","66":"rizoma_bike-z-900-rs-performance-2021-22","67":"rizoma_bike-z-900-rs-se-2022-25","68":"product_cat-kit-pour-guidons","70":"first","71":"instock","72":"taxable","73":"shipping-taxable","74":"purchasable","75":"product-type-variable"},"acf":[],"_links":{"self":[{"href":"https:\/\/cycle.rizoma.com\/fr\/wp-json\/wp\/v2\/product\/314986","targetHints":{"allow":["GET"]}}],"collection":[{"href":"https:\/\/cycle.rizoma.com\/fr\/wp-json\/wp\/v2\/product"}],"about":[{"href":"https:\/\/cycle.rizoma.com\/fr\/wp-json\/wp\/v2\/types\/product"}],"wp:featuredmedia":[{"embeddable":true,"href":"https:\/\/cycle.rizoma.com\/fr\/wp-json\/wp\/v2\/media\/296737"}],"wp:attachment":[{"href":"https:\/\/cycle.rizoma.com\/fr\/wp-json\/wp\/v2\/media?parent=314986"}],"wp:term":[{"taxonomy":"rizoma_assembly_time","embeddable":true,"href":"https:\/\/cycle.rizoma.com\/fr\/wp-json\/wp\/v2\/rizoma_assembly_time?post=314986"},{"taxonomy":"rizoma_bike","embeddable":true,"href":"https:\/\/cycle.rizoma.com\/fr\/wp-json\/wp\/v2\/rizoma_bike?post=314986"},{"taxonomy":"rizoma_division","embeddable":true,"href":"https:\/\/cycle.rizoma.com\/fr\/wp-json\/wp\/v2\/rizoma_division?post=314986"},{"taxonomy":"rizoma_family","embeddable":true,"href":"https:\/\/cycle.rizoma.com\/fr\/wp-json\/wp\/v2\/rizoma_family?post=314986"},{"taxonomy":"rizoma_model_category","embeddable":true,"href":"https:\/\/cycle.rizoma.com\/fr\/wp-json\/wp\/v2\/rizoma_model_category?post=314986"},{"taxonomy":"rizoma_product_template","embeddable":true,"href":"https:\/\/cycle.rizoma.com\/fr\/wp-json\/wp\/v2\/rizoma_product_template?post=314986"},{"taxonomy":"product_brand","embeddable":true,"href":"https:\/\/cycle.rizoma.com\/fr\/wp-json\/wp\/v2\/product_brand?post=314986"},{"taxonomy":"product_cat","embeddable":true,"href":"https:\/\/cycle.rizoma.com\/fr\/wp-json\/wp\/v2\/product_cat?post=314986"},{"taxonomy":"product_tag","embeddable":true,"href":"https:\/\/cycle.rizoma.com\/fr\/wp-json\/wp\/v2\/product_tag?post=314986"}],"curies":[{"name":"wp","href":"https:\/\/api.w.org\/{rel}","templated":true}]}}