{"id":315046,"date":"2024-11-21T16:33:24","date_gmt":"2024-11-21T15:33:24","guid":{"rendered":"https:\/\/rwp.rizoma.com\/negozio\/protection-phare-avant-zhh058\/"},"modified":"2025-12-18T00:39:13","modified_gmt":"2025-12-17T23:39:13","slug":"protection-phare-avant-zhh058","status":"publish","type":"product","link":"https:\/\/cycle.rizoma.com\/fr\/negozio\/plus-pour-votre-honda\/ZHH058\/protection-phare-avant-zhh058\/","title":{"rendered":"Protection phare avant"},"content":{"rendered":"<p>Les meilleurs raids longue distance exigent un confort optimal et une s\u00e9curit\u00e9 maximale. La protections du phare avant, r\u00e9alis\u00e9e en acier inox thermolaqu\u00e9, est un must pour cette modern enduro. Attention\u00a0: la protection de phare avant ZHH058 a \u00e9t\u00e9 d\u00e9velopp\u00e9e pour un usage tout-terrain.<\/p>\n","protected":false},"excerpt":{"rendered":"<p>Les meilleurs raids longue distance exigent un confort optimal et une s\u00e9curit\u00e9 maximale. La protections du phare avant, r\u00e9alis\u00e9e en acier inox thermolaqu\u00e9, est un must pour cette modern enduro. Attention\u00a0: la protection de phare avant ZHH058 a \u00e9t\u00e9 d\u00e9velopp\u00e9e pour un usage tout-terrain.<\/p>\n","protected":false},"featured_media":294967,"template":"","meta":{"_acf_changed":false},"rizoma_assembly_time":[42675],"rizoma_bike":[41925,42030,41926,41957,42097,42098,42187,42175,42188,42176,42031,41966,41927,42185,42032,42186,42050],"rizoma_division":[42651],"rizoma_family":[],"rizoma_model_category":[],"rizoma_product_template":[],"product_brand":[],"product_cat":[42739],"product_tag":[],"class_list":{"0":"post-315046","1":"product","2":"type-product","3":"status-publish","4":"has-post-thumbnail","6":"rizoma_bike-africa-twin-crf-1000l-2016-17","7":"rizoma_bike-africa-twin-crf-1000l-2018-19","8":"rizoma_bike-africa-twin-crf-1000l-abs-2016-17","9":"rizoma_bike-africa-twin-crf-1000l-abs-travel-edition-2016-17","10":"rizoma_bike-africa-twin-crf-1000l-adventure-sports-2018-19","11":"rizoma_bike-africa-twin-crf-1000l-adventure-sports-dct-2018-19","12":"rizoma_bike-africa-twin-crf-1000l-adventure-sports-dct-desert-track-2019","13":"rizoma_bike-africa-twin-crf-1000l-adventure-sports-dct-travel-edition-2019","14":"rizoma_bike-africa-twin-crf-1000l-adventure-sports-desert-track-2019","15":"rizoma_bike-africa-twin-crf-1000l-adventure-sports-travel-edition-2019","16":"rizoma_bike-africa-twin-crf-1000l-dct-2018-19","17":"rizoma_bike-africa-twin-crf-1000l-dct-abs-2016-17","18":"rizoma_bike-africa-twin-crf-1000l-dct-abs-travel-edition-2016-17","19":"rizoma_bike-africa-twin-crf-1000l-dct-desert-track-2019-20","20":"rizoma_bike-africa-twin-crf-1000l-dct-travel-edition-2018-19","21":"rizoma_bike-africa-twin-crf-1000l-desert-track-2019-20","22":"rizoma_bike-africa-twin-crf-1000l-travel-edition-2018-19","23":"product_cat-plus-pour-votre-honda","25":"first","26":"instock","27":"sale","28":"taxable","29":"shipping-taxable","30":"purchasable","31":"product-type-variable"},"acf":[],"_links":{"self":[{"href":"https:\/\/cycle.rizoma.com\/fr\/wp-json\/wp\/v2\/product\/315046","targetHints":{"allow":["GET"]}}],"collection":[{"href":"https:\/\/cycle.rizoma.com\/fr\/wp-json\/wp\/v2\/product"}],"about":[{"href":"https:\/\/cycle.rizoma.com\/fr\/wp-json\/wp\/v2\/types\/product"}],"wp:featuredmedia":[{"embeddable":true,"href":"https:\/\/cycle.rizoma.com\/fr\/wp-json\/wp\/v2\/media\/294967"}],"wp:attachment":[{"href":"https:\/\/cycle.rizoma.com\/fr\/wp-json\/wp\/v2\/media?parent=315046"}],"wp:term":[{"taxonomy":"rizoma_assembly_time","embeddable":true,"href":"https:\/\/cycle.rizoma.com\/fr\/wp-json\/wp\/v2\/rizoma_assembly_time?post=315046"},{"taxonomy":"rizoma_bike","embeddable":true,"href":"https:\/\/cycle.rizoma.com\/fr\/wp-json\/wp\/v2\/rizoma_bike?post=315046"},{"taxonomy":"rizoma_division","embeddable":true,"href":"https:\/\/cycle.rizoma.com\/fr\/wp-json\/wp\/v2\/rizoma_division?post=315046"},{"taxonomy":"rizoma_family","embeddable":true,"href":"https:\/\/cycle.rizoma.com\/fr\/wp-json\/wp\/v2\/rizoma_family?post=315046"},{"taxonomy":"rizoma_model_category","embeddable":true,"href":"https:\/\/cycle.rizoma.com\/fr\/wp-json\/wp\/v2\/rizoma_model_category?post=315046"},{"taxonomy":"rizoma_product_template","embeddable":true,"href":"https:\/\/cycle.rizoma.com\/fr\/wp-json\/wp\/v2\/rizoma_product_template?post=315046"},{"taxonomy":"product_brand","embeddable":true,"href":"https:\/\/cycle.rizoma.com\/fr\/wp-json\/wp\/v2\/product_brand?post=315046"},{"taxonomy":"product_cat","embeddable":true,"href":"https:\/\/cycle.rizoma.com\/fr\/wp-json\/wp\/v2\/product_cat?post=315046"},{"taxonomy":"product_tag","embeddable":true,"href":"https:\/\/cycle.rizoma.com\/fr\/wp-json\/wp\/v2\/product_tag?post=315046"}],"curies":[{"name":"wp","href":"https:\/\/api.w.org\/{rel}","templated":true}]}}