{"id":315081,"date":"2024-11-21T16:34:07","date_gmt":"2024-11-21T15:34:07","guid":{"rendered":"https:\/\/rwp.rizoma.com\/negozio\/embase-de-bequille-zmg012\/"},"modified":"2025-01-14T12:09:58","modified_gmt":"2025-01-14T11:09:58","slug":"embase-de-bequille-zmg012","status":"publish","type":"product","link":"https:\/\/cycle.rizoma.com\/fr\/negozio\/plus-pour-votre-moto-guzzi\/ZMG012\/embase-de-bequille-zmg012\/","title":{"rendered":"Embase de b\u00e9quille"},"content":{"rendered":"<p>L\u2019embase de b\u00e9quille Rizoma, taill\u00e9e dans la masse d\u2019aluminium, a une forme et des dimensions sp\u00e9cialement con\u00e7ues pour \u00e9viter toute interf\u00e9rence avec le pilote durant la conduite. Un \u00e9l\u00e9ment aussi fonctionnel que soign\u00e9 sur le plan esth\u00e9tique.<\/p>\n","protected":false},"excerpt":{"rendered":"<p>L\u2019embase de b\u00e9quille Rizoma, taill\u00e9e dans la masse d\u2019aluminium, a une forme et des dimensions sp\u00e9cialement con\u00e7ues pour \u00e9viter toute interf\u00e9rence avec le pilote durant la conduite. Un \u00e9l\u00e9ment aussi fonctionnel que soign\u00e9 sur le plan esth\u00e9tique.<\/p>\n","protected":false},"featured_media":295072,"template":"","meta":{"_acf_changed":false},"rizoma_assembly_time":[42664],"rizoma_bike":[42133,42190],"rizoma_division":[42651],"rizoma_family":[],"rizoma_model_category":[],"rizoma_product_template":[],"product_brand":[],"product_cat":[42940],"product_tag":[],"class_list":{"0":"post-315081","1":"product","2":"type-product","3":"status-publish","4":"has-post-thumbnail","6":"rizoma_bike-v85-tt-2019-20","7":"rizoma_bike-v85-tt-evocative-graphics-2019-20","8":"product_cat-plus-pour-votre-moto-guzzi","10":"first","11":"instock","12":"sale","13":"taxable","14":"shipping-taxable","15":"purchasable","16":"product-type-variable"},"acf":[],"_links":{"self":[{"href":"https:\/\/cycle.rizoma.com\/fr\/wp-json\/wp\/v2\/product\/315081","targetHints":{"allow":["GET"]}}],"collection":[{"href":"https:\/\/cycle.rizoma.com\/fr\/wp-json\/wp\/v2\/product"}],"about":[{"href":"https:\/\/cycle.rizoma.com\/fr\/wp-json\/wp\/v2\/types\/product"}],"wp:featuredmedia":[{"embeddable":true,"href":"https:\/\/cycle.rizoma.com\/fr\/wp-json\/wp\/v2\/media\/295072"}],"wp:attachment":[{"href":"https:\/\/cycle.rizoma.com\/fr\/wp-json\/wp\/v2\/media?parent=315081"}],"wp:term":[{"taxonomy":"rizoma_assembly_time","embeddable":true,"href":"https:\/\/cycle.rizoma.com\/fr\/wp-json\/wp\/v2\/rizoma_assembly_time?post=315081"},{"taxonomy":"rizoma_bike","embeddable":true,"href":"https:\/\/cycle.rizoma.com\/fr\/wp-json\/wp\/v2\/rizoma_bike?post=315081"},{"taxonomy":"rizoma_division","embeddable":true,"href":"https:\/\/cycle.rizoma.com\/fr\/wp-json\/wp\/v2\/rizoma_division?post=315081"},{"taxonomy":"rizoma_family","embeddable":true,"href":"https:\/\/cycle.rizoma.com\/fr\/wp-json\/wp\/v2\/rizoma_family?post=315081"},{"taxonomy":"rizoma_model_category","embeddable":true,"href":"https:\/\/cycle.rizoma.com\/fr\/wp-json\/wp\/v2\/rizoma_model_category?post=315081"},{"taxonomy":"rizoma_product_template","embeddable":true,"href":"https:\/\/cycle.rizoma.com\/fr\/wp-json\/wp\/v2\/rizoma_product_template?post=315081"},{"taxonomy":"product_brand","embeddable":true,"href":"https:\/\/cycle.rizoma.com\/fr\/wp-json\/wp\/v2\/product_brand?post=315081"},{"taxonomy":"product_cat","embeddable":true,"href":"https:\/\/cycle.rizoma.com\/fr\/wp-json\/wp\/v2\/product_cat?post=315081"},{"taxonomy":"product_tag","embeddable":true,"href":"https:\/\/cycle.rizoma.com\/fr\/wp-json\/wp\/v2\/product_tag?post=315081"}],"curies":[{"name":"wp","href":"https:\/\/api.w.org\/{rel}","templated":true}]}}