{"id":315101,"date":"2024-11-21T16:34:32","date_gmt":"2024-11-21T15:34:32","guid":{"rendered":"https:\/\/rwp.rizoma.com\/negozio\/enjoliveur-de-volant-zvp011\/"},"modified":"2025-06-06T06:09:19","modified_gmt":"2025-06-06T04:09:19","slug":"enjoliveur-de-volant-zvp011","status":"publish","type":"product","link":"https:\/\/cycle.rizoma.com\/fr\/negozio\/plus-pour-votre-vespa\/ZVP011\/enjoliveur-de-volant-zvp011\/","title":{"rendered":"Enjoliveur de volant"},"content":{"rendered":"<p>Rizoma r\u00e9interpr\u00e8te l&#8217;un des \u00e9l\u00e9ments distinctifs de Vespa, le couvre-volant. R\u00e9alis\u00e9 enti\u00e8rement en aluminium, il est usin\u00e9 \u00e0 partir d&#8217;un bloc massif de 10,5 kg et r\u00e9duit \u00e0 seulement 0,45 kg. La finition par anodisation garantit non seulement une meilleure performance esth\u00e9tique et qualitative dans le temps, mais souligne \u00e9galement la qualit\u00e9 de l&#8217;ex\u00e9cution. Disponible en diff\u00e9rentes couleurs.<\/p>\n","protected":false},"excerpt":{"rendered":"<p>Rizoma r\u00e9interpr\u00e8te l&#8217;un des \u00e9l\u00e9ments distinctifs de Vespa, le couvre-volant. R\u00e9alis\u00e9 enti\u00e8rement en aluminium, il est usin\u00e9 \u00e0 partir d&#8217;un bloc massif de 10,5 kg et r\u00e9duit \u00e0 seulement 0,45 kg. La finition par anodisation garantit non seulement une meilleure performance esth\u00e9tique et qualitative dans le temps, mais souligne \u00e9galement la qualit\u00e9 de l&#8217;ex\u00e9cution. Disponible [&hellip;]<\/p>\n","protected":false},"featured_media":343105,"template":"","meta":{"_acf_changed":false},"rizoma_assembly_time":[42675],"rizoma_bike":[42557,42560,42636,44397,44437,42566],"rizoma_division":[42651],"rizoma_family":[],"rizoma_model_category":[],"rizoma_product_template":[],"product_brand":[],"product_cat":[42945],"product_tag":[],"class_list":{"0":"post-315101","1":"product","2":"type-product","3":"status-publish","4":"has-post-thumbnail","6":"rizoma_bike-gts-2018-2022","7":"rizoma_bike-gts-super-2018-2022","8":"rizoma_bike-gtv-2023-2024","9":"rizoma_bike-gtv-310-2025-2026","10":"rizoma_bike-gtv-310-officina-8-2026","11":"rizoma_bike-sei-giorni-2018-2022","12":"product_cat-plus-pour-votre-vespa","14":"first","15":"instock","16":"sale","17":"taxable","18":"shipping-taxable","19":"purchasable","20":"product-type-variable"},"acf":[],"_links":{"self":[{"href":"https:\/\/cycle.rizoma.com\/fr\/wp-json\/wp\/v2\/product\/315101","targetHints":{"allow":["GET"]}}],"collection":[{"href":"https:\/\/cycle.rizoma.com\/fr\/wp-json\/wp\/v2\/product"}],"about":[{"href":"https:\/\/cycle.rizoma.com\/fr\/wp-json\/wp\/v2\/types\/product"}],"wp:featuredmedia":[{"embeddable":true,"href":"https:\/\/cycle.rizoma.com\/fr\/wp-json\/wp\/v2\/media\/343105"}],"wp:attachment":[{"href":"https:\/\/cycle.rizoma.com\/fr\/wp-json\/wp\/v2\/media?parent=315101"}],"wp:term":[{"taxonomy":"rizoma_assembly_time","embeddable":true,"href":"https:\/\/cycle.rizoma.com\/fr\/wp-json\/wp\/v2\/rizoma_assembly_time?post=315101"},{"taxonomy":"rizoma_bike","embeddable":true,"href":"https:\/\/cycle.rizoma.com\/fr\/wp-json\/wp\/v2\/rizoma_bike?post=315101"},{"taxonomy":"rizoma_division","embeddable":true,"href":"https:\/\/cycle.rizoma.com\/fr\/wp-json\/wp\/v2\/rizoma_division?post=315101"},{"taxonomy":"rizoma_family","embeddable":true,"href":"https:\/\/cycle.rizoma.com\/fr\/wp-json\/wp\/v2\/rizoma_family?post=315101"},{"taxonomy":"rizoma_model_category","embeddable":true,"href":"https:\/\/cycle.rizoma.com\/fr\/wp-json\/wp\/v2\/rizoma_model_category?post=315101"},{"taxonomy":"rizoma_product_template","embeddable":true,"href":"https:\/\/cycle.rizoma.com\/fr\/wp-json\/wp\/v2\/rizoma_product_template?post=315101"},{"taxonomy":"product_brand","embeddable":true,"href":"https:\/\/cycle.rizoma.com\/fr\/wp-json\/wp\/v2\/product_brand?post=315101"},{"taxonomy":"product_cat","embeddable":true,"href":"https:\/\/cycle.rizoma.com\/fr\/wp-json\/wp\/v2\/product_cat?post=315101"},{"taxonomy":"product_tag","embeddable":true,"href":"https:\/\/cycle.rizoma.com\/fr\/wp-json\/wp\/v2\/product_tag?post=315101"}],"curies":[{"name":"wp","href":"https:\/\/api.w.org\/{rel}","templated":true}]}}