{"id":315131,"date":"2024-11-21T16:35:10","date_gmt":"2024-11-21T15:35:10","guid":{"rendered":"https:\/\/rwp.rizoma.com\/negozio\/cache-carter-dembrayage-zhd079\/"},"modified":"2025-12-18T00:39:18","modified_gmt":"2025-12-17T23:39:18","slug":"cache-carter-dembrayage-zhd079","status":"publish","type":"product","link":"https:\/\/cycle.rizoma.com\/fr\/negozio\/plus-pour-votre-harley-davidson\/ZHD079\/cache-carter-dembrayage-zhd079\/","title":{"rendered":"Cache-carter d&#8217;embrayage"},"content":{"rendered":"<p>Le cache-carter d\u2019embrayage, enti\u00e8rement taill\u00e9 dans la masse d\u2019aluminium (0,490 kg) puis soumis \u00e0 un traitement d\u2019anodisation et de polissage, est caract\u00e9ris\u00e9 par une finition bicolore et soign\u00e9 dans les moindres d\u00e9tails. C\u2019est un \u00e9l\u00e9ment qui, bien qu\u2019il soit en parfaite harmonie avec les lignes de votre Forty-Eight ne passe pas inaper\u00e7u.<\/p>\n","protected":false},"excerpt":{"rendered":"<p>Le cache-carter d\u2019embrayage, enti\u00e8rement taill\u00e9 dans la masse d\u2019aluminium (0,490 kg) puis soumis \u00e0 un traitement d\u2019anodisation et de polissage, est caract\u00e9ris\u00e9 par une finition bicolore et soign\u00e9 dans les moindres d\u00e9tails. C\u2019est un \u00e9l\u00e9ment qui, bien qu\u2019il soit en parfaite harmonie avec les lignes de votre Forty-Eight ne passe pas inaper\u00e7u.<\/p>\n","protected":false},"featured_media":294842,"template":"","meta":{"_acf_changed":false},"rizoma_assembly_time":[42664],"rizoma_bike":[43785],"rizoma_division":[42651],"rizoma_family":[],"rizoma_model_category":[],"rizoma_product_template":[],"product_brand":[],"product_cat":[42786],"product_tag":[],"class_list":{"0":"post-315131","1":"product","2":"type-product","3":"status-publish","4":"has-post-thumbnail","6":"rizoma_bike-1200-forty-eight-2016-20","7":"product_cat-plus-pour-votre-harley-davidson","9":"first","10":"instock","11":"sale","12":"taxable","13":"shipping-taxable","14":"purchasable","15":"product-type-variable"},"acf":[],"_links":{"self":[{"href":"https:\/\/cycle.rizoma.com\/fr\/wp-json\/wp\/v2\/product\/315131","targetHints":{"allow":["GET"]}}],"collection":[{"href":"https:\/\/cycle.rizoma.com\/fr\/wp-json\/wp\/v2\/product"}],"about":[{"href":"https:\/\/cycle.rizoma.com\/fr\/wp-json\/wp\/v2\/types\/product"}],"wp:featuredmedia":[{"embeddable":true,"href":"https:\/\/cycle.rizoma.com\/fr\/wp-json\/wp\/v2\/media\/294842"}],"wp:attachment":[{"href":"https:\/\/cycle.rizoma.com\/fr\/wp-json\/wp\/v2\/media?parent=315131"}],"wp:term":[{"taxonomy":"rizoma_assembly_time","embeddable":true,"href":"https:\/\/cycle.rizoma.com\/fr\/wp-json\/wp\/v2\/rizoma_assembly_time?post=315131"},{"taxonomy":"rizoma_bike","embeddable":true,"href":"https:\/\/cycle.rizoma.com\/fr\/wp-json\/wp\/v2\/rizoma_bike?post=315131"},{"taxonomy":"rizoma_division","embeddable":true,"href":"https:\/\/cycle.rizoma.com\/fr\/wp-json\/wp\/v2\/rizoma_division?post=315131"},{"taxonomy":"rizoma_family","embeddable":true,"href":"https:\/\/cycle.rizoma.com\/fr\/wp-json\/wp\/v2\/rizoma_family?post=315131"},{"taxonomy":"rizoma_model_category","embeddable":true,"href":"https:\/\/cycle.rizoma.com\/fr\/wp-json\/wp\/v2\/rizoma_model_category?post=315131"},{"taxonomy":"rizoma_product_template","embeddable":true,"href":"https:\/\/cycle.rizoma.com\/fr\/wp-json\/wp\/v2\/rizoma_product_template?post=315131"},{"taxonomy":"product_brand","embeddable":true,"href":"https:\/\/cycle.rizoma.com\/fr\/wp-json\/wp\/v2\/product_brand?post=315131"},{"taxonomy":"product_cat","embeddable":true,"href":"https:\/\/cycle.rizoma.com\/fr\/wp-json\/wp\/v2\/product_cat?post=315131"},{"taxonomy":"product_tag","embeddable":true,"href":"https:\/\/cycle.rizoma.com\/fr\/wp-json\/wp\/v2\/product_tag?post=315131"}],"curies":[{"name":"wp","href":"https:\/\/api.w.org\/{rel}","templated":true}]}}