{"id":315136,"date":"2024-11-21T16:35:16","date_gmt":"2024-11-21T15:35:16","guid":{"rendered":"https:\/\/rwp.rizoma.com\/negozio\/cono-para-conducto-de-aspiracion-zhd082\/"},"modified":"2025-12-18T00:39:20","modified_gmt":"2025-12-17T23:39:20","slug":"cono-para-conducto-de-aspiracion-zhd082","status":"publish","type":"product","link":"https:\/\/cycle.rizoma.com\/fr\/negozio\/plus-pour-votre-harley-davidson\/ZHD082\/cono-para-conducto-de-aspiracion-zhd082\/","title":{"rendered":"Cono para conducto de aspiraci\u00f3n"},"content":{"rendered":"<p>Le cornet d&#8217;admission Rizoma remplace la bo\u00eete \u00e0 air d\u2019origine, est en aluminium anodis\u00e9 et enfin poli pour garantir une finition parfaite et un r\u00e9sultat esth\u00e9tique plus durable.  Cet \u00e9l\u00e9ment technique, au design r\u00e9tro et \u00e9l\u00e9gant compl\u00e8te avec soin le style custom la Forty-Eight.<br \/>De plus, gr\u00e2ce \u00e0 la housse de pluie Rizoma con\u00e7ue sp\u00e9cifiquement pour ce produit (AF002B, vendu s\u00e9par\u00e9ment), il est possible de prot\u00e9ger le cornet d&#8217;admission, emp\u00eachant l&#8217;entr\u00e9e accidentelle d&#8217;eau dans le moteur en cas, par exemple, d&#8217;orages soudains.<\/p>\n","protected":false},"excerpt":{"rendered":"<p>Le cornet d&#8217;admission Rizoma remplace la bo\u00eete \u00e0 air d\u2019origine, est en aluminium anodis\u00e9 et enfin poli pour garantir une finition parfaite et un r\u00e9sultat esth\u00e9tique plus durable. Cet \u00e9l\u00e9ment technique, au design r\u00e9tro et \u00e9l\u00e9gant compl\u00e8te avec soin le style custom la Forty-Eight.De plus, gr\u00e2ce \u00e0 la housse de pluie Rizoma con\u00e7ue sp\u00e9cifiquement pour [&hellip;]<\/p>\n","protected":false},"featured_media":294892,"template":"","meta":{"_acf_changed":false},"rizoma_assembly_time":[42742],"rizoma_bike":[43785],"rizoma_division":[42651],"rizoma_family":[],"rizoma_model_category":[],"rizoma_product_template":[],"product_brand":[],"product_cat":[42786],"product_tag":[],"class_list":{"0":"post-315136","1":"product","2":"type-product","3":"status-publish","4":"has-post-thumbnail","6":"rizoma_bike-1200-forty-eight-2016-20","7":"product_cat-plus-pour-votre-harley-davidson","9":"first","10":"instock","11":"sale","12":"taxable","13":"shipping-taxable","14":"purchasable","15":"product-type-variable"},"acf":[],"_links":{"self":[{"href":"https:\/\/cycle.rizoma.com\/fr\/wp-json\/wp\/v2\/product\/315136","targetHints":{"allow":["GET"]}}],"collection":[{"href":"https:\/\/cycle.rizoma.com\/fr\/wp-json\/wp\/v2\/product"}],"about":[{"href":"https:\/\/cycle.rizoma.com\/fr\/wp-json\/wp\/v2\/types\/product"}],"wp:featuredmedia":[{"embeddable":true,"href":"https:\/\/cycle.rizoma.com\/fr\/wp-json\/wp\/v2\/media\/294892"}],"wp:attachment":[{"href":"https:\/\/cycle.rizoma.com\/fr\/wp-json\/wp\/v2\/media?parent=315136"}],"wp:term":[{"taxonomy":"rizoma_assembly_time","embeddable":true,"href":"https:\/\/cycle.rizoma.com\/fr\/wp-json\/wp\/v2\/rizoma_assembly_time?post=315136"},{"taxonomy":"rizoma_bike","embeddable":true,"href":"https:\/\/cycle.rizoma.com\/fr\/wp-json\/wp\/v2\/rizoma_bike?post=315136"},{"taxonomy":"rizoma_division","embeddable":true,"href":"https:\/\/cycle.rizoma.com\/fr\/wp-json\/wp\/v2\/rizoma_division?post=315136"},{"taxonomy":"rizoma_family","embeddable":true,"href":"https:\/\/cycle.rizoma.com\/fr\/wp-json\/wp\/v2\/rizoma_family?post=315136"},{"taxonomy":"rizoma_model_category","embeddable":true,"href":"https:\/\/cycle.rizoma.com\/fr\/wp-json\/wp\/v2\/rizoma_model_category?post=315136"},{"taxonomy":"rizoma_product_template","embeddable":true,"href":"https:\/\/cycle.rizoma.com\/fr\/wp-json\/wp\/v2\/rizoma_product_template?post=315136"},{"taxonomy":"product_brand","embeddable":true,"href":"https:\/\/cycle.rizoma.com\/fr\/wp-json\/wp\/v2\/product_brand?post=315136"},{"taxonomy":"product_cat","embeddable":true,"href":"https:\/\/cycle.rizoma.com\/fr\/wp-json\/wp\/v2\/product_cat?post=315136"},{"taxonomy":"product_tag","embeddable":true,"href":"https:\/\/cycle.rizoma.com\/fr\/wp-json\/wp\/v2\/product_tag?post=315136"}],"curies":[{"name":"wp","href":"https:\/\/api.w.org\/{rel}","templated":true}]}}