{"id":315141,"date":"2024-11-21T16:35:22","date_gmt":"2024-11-21T15:35:22","guid":{"rendered":"https:\/\/rwp.rizoma.com\/negozio\/kit-de-montage-saut-vent-zhd091-zhd118\/"},"modified":"2025-05-29T04:06:33","modified_gmt":"2025-05-29T02:06:33","slug":"kit-de-montage-saut-vent-zhd091-zhd118","status":"publish","type":"product","link":"https:\/\/cycle.rizoma.com\/fr\/negozio\/saute-vents\/ZHD118\/kit-de-montage-saut-vent-zhd091-zhd118\/","title":{"rendered":"Kit de montage saut-vent ZHD091"},"content":{"rendered":"<p>L\u2019adaptateur ZHD118 permet de monter le saute-vent bas Rizoma ZHD091 sur des fourches d\u2019un diam\u00e8tre de 49 mm. Chaque adaptateur est r\u00e9alis\u00e9 sp\u00e9cifiquement pour le mod\u00e8le de moto correspondant, afin de garantir une fixation optimale.<\/p>\n","protected":false},"excerpt":{"rendered":"<p>L\u2019adaptateur ZHD118 permet de monter le saute-vent bas Rizoma ZHD091 sur des fourches d\u2019un diam\u00e8tre de 49 mm. Chaque adaptateur est r\u00e9alis\u00e9 sp\u00e9cifiquement pour le mod\u00e8le de moto correspondant, afin de garantir une fixation optimale.<\/p>\n","protected":false},"featured_media":294907,"template":"","meta":{"_acf_changed":false},"rizoma_assembly_time":[42742],"rizoma_bike":[43785],"rizoma_division":[42651],"rizoma_family":[42822],"rizoma_model_category":[],"rizoma_product_template":[],"product_brand":[],"product_cat":[42827],"product_tag":[],"class_list":{"0":"post-315141","1":"product","2":"type-product","3":"status-publish","4":"has-post-thumbnail","6":"rizoma_bike-1200-forty-eight-2016-20","7":"product_cat-saute-vents","9":"first","10":"instock","11":"sale","12":"taxable","13":"shipping-taxable","14":"purchasable","15":"product-type-variable"},"acf":[],"_links":{"self":[{"href":"https:\/\/cycle.rizoma.com\/fr\/wp-json\/wp\/v2\/product\/315141","targetHints":{"allow":["GET"]}}],"collection":[{"href":"https:\/\/cycle.rizoma.com\/fr\/wp-json\/wp\/v2\/product"}],"about":[{"href":"https:\/\/cycle.rizoma.com\/fr\/wp-json\/wp\/v2\/types\/product"}],"wp:featuredmedia":[{"embeddable":true,"href":"https:\/\/cycle.rizoma.com\/fr\/wp-json\/wp\/v2\/media\/294907"}],"wp:attachment":[{"href":"https:\/\/cycle.rizoma.com\/fr\/wp-json\/wp\/v2\/media?parent=315141"}],"wp:term":[{"taxonomy":"rizoma_assembly_time","embeddable":true,"href":"https:\/\/cycle.rizoma.com\/fr\/wp-json\/wp\/v2\/rizoma_assembly_time?post=315141"},{"taxonomy":"rizoma_bike","embeddable":true,"href":"https:\/\/cycle.rizoma.com\/fr\/wp-json\/wp\/v2\/rizoma_bike?post=315141"},{"taxonomy":"rizoma_division","embeddable":true,"href":"https:\/\/cycle.rizoma.com\/fr\/wp-json\/wp\/v2\/rizoma_division?post=315141"},{"taxonomy":"rizoma_family","embeddable":true,"href":"https:\/\/cycle.rizoma.com\/fr\/wp-json\/wp\/v2\/rizoma_family?post=315141"},{"taxonomy":"rizoma_model_category","embeddable":true,"href":"https:\/\/cycle.rizoma.com\/fr\/wp-json\/wp\/v2\/rizoma_model_category?post=315141"},{"taxonomy":"rizoma_product_template","embeddable":true,"href":"https:\/\/cycle.rizoma.com\/fr\/wp-json\/wp\/v2\/rizoma_product_template?post=315141"},{"taxonomy":"product_brand","embeddable":true,"href":"https:\/\/cycle.rizoma.com\/fr\/wp-json\/wp\/v2\/product_brand?post=315141"},{"taxonomy":"product_cat","embeddable":true,"href":"https:\/\/cycle.rizoma.com\/fr\/wp-json\/wp\/v2\/product_cat?post=315141"},{"taxonomy":"product_tag","embeddable":true,"href":"https:\/\/cycle.rizoma.com\/fr\/wp-json\/wp\/v2\/product_tag?post=315141"}],"curies":[{"name":"wp","href":"https:\/\/api.w.org\/{rel}","templated":true}]}}