{"id":315171,"date":"2024-11-21T16:35:58","date_gmt":"2024-11-21T15:35:58","guid":{"rendered":"https:\/\/rwp.rizoma.com\/negozio\/kit-de-montage-reservoir-fluide-de-frein-arriere-rizoma-ct460\/"},"modified":"2025-01-14T11:59:14","modified_gmt":"2025-01-14T10:59:14","slug":"kit-de-montage-reservoir-fluide-de-frein-arriere-rizoma-ct460","status":"publish","type":"product","link":"https:\/\/cycle.rizoma.com\/fr\/negozio\/reservoirs-fluide\/CT460\/kit-de-montage-reservoir-fluide-de-frein-arriere-rizoma-ct460\/","title":{"rendered":"Kit de montage r\u00e9servoir fluide de frein arri\u00e8re Rizoma"},"content":{"rendered":"<p>Les adaptateurs de r\u00e9servoir de fluide Rizoma permettent de trouver la solution de montage la plus appropri\u00e9e en cas de remplacement du r\u00e9servoir de fluide OEM par un mod\u00e8le Rizoma.<\/p>\n","protected":false},"excerpt":{"rendered":"<p>Les adaptateurs de r\u00e9servoir de fluide Rizoma permettent de trouver la solution de montage la plus appropri\u00e9e en cas de remplacement du r\u00e9servoir de fluide OEM par un mod\u00e8le Rizoma.<\/p>\n","protected":false},"featured_media":293572,"template":"","meta":{"_acf_changed":false},"rizoma_assembly_time":[42664],"rizoma_bike":[42150,42324,42338,42151,42339,41945,42328,42329,42473,41955,42330],"rizoma_division":[42651],"rizoma_family":[42704],"rizoma_model_category":[],"rizoma_product_template":[],"product_brand":[],"product_cat":[42688],"product_tag":[],"class_list":{"0":"post-315171","1":"product","2":"type-product","3":"status-publish","4":"has-post-thumbnail","6":"rizoma_bike-diavel-1260-2019-20","7":"rizoma_bike-diavel-1260-2021-22","8":"rizoma_bike-diavel-1260-lamborghini-2021","9":"rizoma_bike-diavel-1260-s-2019-20","10":"rizoma_bike-diavel-1260-s-2021-22","11":"rizoma_bike-xdiavel-1262-2016-20","12":"rizoma_bike-xdiavel-1262-black-star-2021","13":"rizoma_bike-xdiavel-1262-dark-2021-24","14":"rizoma_bike-xdiavel-1262-nera-2022-23","15":"rizoma_bike-xdiavel-1262-s-2016-20","16":"rizoma_bike-xdiavel-1262-s-2021-24","17":"product_cat-reservoirs-fluide","19":"first","20":"instock","21":"taxable","22":"shipping-taxable","23":"purchasable","24":"product-type-variable"},"acf":[],"_links":{"self":[{"href":"https:\/\/cycle.rizoma.com\/fr\/wp-json\/wp\/v2\/product\/315171","targetHints":{"allow":["GET"]}}],"collection":[{"href":"https:\/\/cycle.rizoma.com\/fr\/wp-json\/wp\/v2\/product"}],"about":[{"href":"https:\/\/cycle.rizoma.com\/fr\/wp-json\/wp\/v2\/types\/product"}],"wp:featuredmedia":[{"embeddable":true,"href":"https:\/\/cycle.rizoma.com\/fr\/wp-json\/wp\/v2\/media\/293572"}],"wp:attachment":[{"href":"https:\/\/cycle.rizoma.com\/fr\/wp-json\/wp\/v2\/media?parent=315171"}],"wp:term":[{"taxonomy":"rizoma_assembly_time","embeddable":true,"href":"https:\/\/cycle.rizoma.com\/fr\/wp-json\/wp\/v2\/rizoma_assembly_time?post=315171"},{"taxonomy":"rizoma_bike","embeddable":true,"href":"https:\/\/cycle.rizoma.com\/fr\/wp-json\/wp\/v2\/rizoma_bike?post=315171"},{"taxonomy":"rizoma_division","embeddable":true,"href":"https:\/\/cycle.rizoma.com\/fr\/wp-json\/wp\/v2\/rizoma_division?post=315171"},{"taxonomy":"rizoma_family","embeddable":true,"href":"https:\/\/cycle.rizoma.com\/fr\/wp-json\/wp\/v2\/rizoma_family?post=315171"},{"taxonomy":"rizoma_model_category","embeddable":true,"href":"https:\/\/cycle.rizoma.com\/fr\/wp-json\/wp\/v2\/rizoma_model_category?post=315171"},{"taxonomy":"rizoma_product_template","embeddable":true,"href":"https:\/\/cycle.rizoma.com\/fr\/wp-json\/wp\/v2\/rizoma_product_template?post=315171"},{"taxonomy":"product_brand","embeddable":true,"href":"https:\/\/cycle.rizoma.com\/fr\/wp-json\/wp\/v2\/product_brand?post=315171"},{"taxonomy":"product_cat","embeddable":true,"href":"https:\/\/cycle.rizoma.com\/fr\/wp-json\/wp\/v2\/product_cat?post=315171"},{"taxonomy":"product_tag","embeddable":true,"href":"https:\/\/cycle.rizoma.com\/fr\/wp-json\/wp\/v2\/product_tag?post=315171"}],"curies":[{"name":"wp","href":"https:\/\/api.w.org\/{rel}","templated":true}]}}