{"id":315236,"date":"2024-11-21T16:37:21","date_gmt":"2024-11-21T15:37:21","guid":{"rendered":"https:\/\/rwp.rizoma.com\/negozio\/housse-de-pluie-pour-cornet-dadmission-af002\/"},"modified":"2026-02-13T01:34:55","modified_gmt":"2026-02-13T00:34:55","slug":"housse-de-pluie-pour-cornet-dadmission-af002","status":"publish","type":"product","link":"https:\/\/cycle.rizoma.com\/fr\/negozio\/plus-pour-votre-harley-davidson\/AF002\/housse-de-pluie-pour-cornet-dadmission-af002\/","title":{"rendered":"Housse de pluie pour cornet d\u2019admission"},"content":{"rendered":"<p>Les meilleurs voyages de longue dur\u00e9e n\u00e9cessitent une s\u00e9curit\u00e9 maximale. Gr\u00e2ce \u00e0 la housse de pluie Rizoma, il est possible de prot\u00e9ger le cornet d&#8217;admission, en emp\u00eachant l&#8217;entr\u00e9e accidentelle d&#8217;eau dans le moteur en cas, par exemple, d&#8217;orages soudains.<br \/>La chaussette est en fait en tissu technique et poss\u00e8de une mousse hydrofuge sur le dessus qui emp\u00eache les \u00e9claboussures d&#8217;eau d&#8217;infiltrer l&#8217;ouverture de la trompette sans toutefois emp\u00eacher l&#8217;entr\u00e9e correcte de l&#8217;air.<\/p>\n","protected":false},"excerpt":{"rendered":"<p>Les meilleurs voyages de longue dur\u00e9e n\u00e9cessitent une s\u00e9curit\u00e9 maximale. Gr\u00e2ce \u00e0 la housse de pluie Rizoma, il est possible de prot\u00e9ger le cornet d&#8217;admission, en emp\u00eachant l&#8217;entr\u00e9e accidentelle d&#8217;eau dans le moteur en cas, par exemple, d&#8217;orages soudains.La chaussette est en fait en tissu technique et poss\u00e8de une mousse hydrofuge sur le dessus qui [&hellip;]<\/p>\n","protected":false},"featured_media":297302,"template":"","meta":{"_acf_changed":false},"rizoma_assembly_time":[42753],"rizoma_bike":[43785],"rizoma_division":[42651],"rizoma_family":[],"rizoma_model_category":[],"rizoma_product_template":[],"product_brand":[],"product_cat":[42786],"product_tag":[],"class_list":{"0":"post-315236","1":"product","2":"type-product","3":"status-publish","4":"has-post-thumbnail","6":"rizoma_bike-1200-forty-eight-2016-20","7":"product_cat-plus-pour-votre-harley-davidson","9":"first","10":"instock","11":"sale","12":"taxable","13":"shipping-taxable","14":"purchasable","15":"product-type-variable"},"acf":[],"_links":{"self":[{"href":"https:\/\/cycle.rizoma.com\/fr\/wp-json\/wp\/v2\/product\/315236","targetHints":{"allow":["GET"]}}],"collection":[{"href":"https:\/\/cycle.rizoma.com\/fr\/wp-json\/wp\/v2\/product"}],"about":[{"href":"https:\/\/cycle.rizoma.com\/fr\/wp-json\/wp\/v2\/types\/product"}],"wp:featuredmedia":[{"embeddable":true,"href":"https:\/\/cycle.rizoma.com\/fr\/wp-json\/wp\/v2\/media\/297302"}],"wp:attachment":[{"href":"https:\/\/cycle.rizoma.com\/fr\/wp-json\/wp\/v2\/media?parent=315236"}],"wp:term":[{"taxonomy":"rizoma_assembly_time","embeddable":true,"href":"https:\/\/cycle.rizoma.com\/fr\/wp-json\/wp\/v2\/rizoma_assembly_time?post=315236"},{"taxonomy":"rizoma_bike","embeddable":true,"href":"https:\/\/cycle.rizoma.com\/fr\/wp-json\/wp\/v2\/rizoma_bike?post=315236"},{"taxonomy":"rizoma_division","embeddable":true,"href":"https:\/\/cycle.rizoma.com\/fr\/wp-json\/wp\/v2\/rizoma_division?post=315236"},{"taxonomy":"rizoma_family","embeddable":true,"href":"https:\/\/cycle.rizoma.com\/fr\/wp-json\/wp\/v2\/rizoma_family?post=315236"},{"taxonomy":"rizoma_model_category","embeddable":true,"href":"https:\/\/cycle.rizoma.com\/fr\/wp-json\/wp\/v2\/rizoma_model_category?post=315236"},{"taxonomy":"rizoma_product_template","embeddable":true,"href":"https:\/\/cycle.rizoma.com\/fr\/wp-json\/wp\/v2\/rizoma_product_template?post=315236"},{"taxonomy":"product_brand","embeddable":true,"href":"https:\/\/cycle.rizoma.com\/fr\/wp-json\/wp\/v2\/product_brand?post=315236"},{"taxonomy":"product_cat","embeddable":true,"href":"https:\/\/cycle.rizoma.com\/fr\/wp-json\/wp\/v2\/product_cat?post=315236"},{"taxonomy":"product_tag","embeddable":true,"href":"https:\/\/cycle.rizoma.com\/fr\/wp-json\/wp\/v2\/product_tag?post=315236"}],"curies":[{"name":"wp","href":"https:\/\/api.w.org\/{rel}","templated":true}]}}