{"id":315291,"date":"2024-11-21T16:38:34","date_gmt":"2024-11-21T15:38:34","guid":{"rendered":"https:\/\/rwp.rizoma.com\/negozio\/kit-support-dimmatriculation-outside-street-ptl523\/"},"modified":"2025-01-14T12:10:04","modified_gmt":"2025-01-14T11:10:04","slug":"kit-support-dimmatriculation-outside-street-ptl523","status":"publish","type":"product","link":"https:\/\/cycle.rizoma.com\/fr\/negozio\/support-dimmatriculation\/PTL523\/kit-support-dimmatriculation-outside-street-ptl523\/","title":{"rendered":"Kit Support d\u2019immatriculation Outside Street"},"content":{"rendered":"<p>Le kit support d\u2019immatriculation Outside, partie structurelle taill\u00e9e dans la masse d\u2019aluminium, permet de modifier totalement l\u2019arri\u00e8re de la moto, et pr\u00e9sente \u00e0 la fois des caract\u00e9ristiques structurelles optimales et un impact esth\u00e9tique remarquable, gr\u00e2ce \u00e0 son design essentiel et au mat\u00e9riau de qualit\u00e9 utilis\u00e9. Il est facile \u00e0 monter car il a \u00e9t\u00e9 sp\u00e9cifiquement con\u00e7u pour le mod\u00e8le de moto auquel il est destin\u00e9. Le kit comprend\u00a0un support de plaque USA et l\u2019\u00e9clairage de plaque d\u2019immatriculation \u00e0 LED SMD (homologu\u00e9).<\/p>\n","protected":false},"excerpt":{"rendered":"<p>Le kit support d\u2019immatriculation Outside, partie structurelle taill\u00e9e dans la masse d\u2019aluminium, permet de modifier totalement l\u2019arri\u00e8re de la moto, et pr\u00e9sente \u00e0 la fois des caract\u00e9ristiques structurelles optimales et un impact esth\u00e9tique remarquable, gr\u00e2ce \u00e0 son design essentiel et au mat\u00e9riau de qualit\u00e9 utilis\u00e9. Il est facile \u00e0 monter car il a \u00e9t\u00e9 sp\u00e9cifiquement [&hellip;]<\/p>\n","protected":false},"featured_media":311701,"template":"","meta":{"_acf_changed":false},"rizoma_assembly_time":[42691],"rizoma_bike":[42089,42292,42281,42249,42090,42091,42250,42427],"rizoma_division":[42651],"rizoma_family":[],"rizoma_model_category":[],"rizoma_product_template":[],"product_brand":[],"product_cat":[42766],"product_tag":[],"class_list":{"0":"post-315291","1":"product","2":"type-product","3":"status-publish","4":"has-post-thumbnail","6":"rizoma_bike-scrambler-1100-2018-20","7":"rizoma_bike-scrambler-1100-dark-pro-2020-24","8":"rizoma_bike-scrambler-1100-ducati-club-italia-2020","9":"rizoma_bike-scrambler-1100-pro-2020-22","10":"rizoma_bike-scrambler-1100-special-2018-20","11":"rizoma_bike-scrambler-1100-sport-2018-20","12":"rizoma_bike-scrambler-1100-sport-pro-2020-25","13":"rizoma_bike-scrambler-1100-tribute-pro-2022-24","14":"product_cat-support-dimmatriculation","16":"first","17":"instock","18":"taxable","19":"shipping-taxable","20":"purchasable","21":"product-type-variable"},"acf":[],"_links":{"self":[{"href":"https:\/\/cycle.rizoma.com\/fr\/wp-json\/wp\/v2\/product\/315291","targetHints":{"allow":["GET"]}}],"collection":[{"href":"https:\/\/cycle.rizoma.com\/fr\/wp-json\/wp\/v2\/product"}],"about":[{"href":"https:\/\/cycle.rizoma.com\/fr\/wp-json\/wp\/v2\/types\/product"}],"wp:featuredmedia":[{"embeddable":true,"href":"https:\/\/cycle.rizoma.com\/fr\/wp-json\/wp\/v2\/media\/311701"}],"wp:attachment":[{"href":"https:\/\/cycle.rizoma.com\/fr\/wp-json\/wp\/v2\/media?parent=315291"}],"wp:term":[{"taxonomy":"rizoma_assembly_time","embeddable":true,"href":"https:\/\/cycle.rizoma.com\/fr\/wp-json\/wp\/v2\/rizoma_assembly_time?post=315291"},{"taxonomy":"rizoma_bike","embeddable":true,"href":"https:\/\/cycle.rizoma.com\/fr\/wp-json\/wp\/v2\/rizoma_bike?post=315291"},{"taxonomy":"rizoma_division","embeddable":true,"href":"https:\/\/cycle.rizoma.com\/fr\/wp-json\/wp\/v2\/rizoma_division?post=315291"},{"taxonomy":"rizoma_family","embeddable":true,"href":"https:\/\/cycle.rizoma.com\/fr\/wp-json\/wp\/v2\/rizoma_family?post=315291"},{"taxonomy":"rizoma_model_category","embeddable":true,"href":"https:\/\/cycle.rizoma.com\/fr\/wp-json\/wp\/v2\/rizoma_model_category?post=315291"},{"taxonomy":"rizoma_product_template","embeddable":true,"href":"https:\/\/cycle.rizoma.com\/fr\/wp-json\/wp\/v2\/rizoma_product_template?post=315291"},{"taxonomy":"product_brand","embeddable":true,"href":"https:\/\/cycle.rizoma.com\/fr\/wp-json\/wp\/v2\/product_brand?post=315291"},{"taxonomy":"product_cat","embeddable":true,"href":"https:\/\/cycle.rizoma.com\/fr\/wp-json\/wp\/v2\/product_cat?post=315291"},{"taxonomy":"product_tag","embeddable":true,"href":"https:\/\/cycle.rizoma.com\/fr\/wp-json\/wp\/v2\/product_tag?post=315291"}],"curies":[{"name":"wp","href":"https:\/\/api.w.org\/{rel}","templated":true}]}}