{"id":315316,"date":"2024-11-21T16:39:10","date_gmt":"2024-11-21T15:39:10","guid":{"rendered":"https:\/\/rwp.rizoma.com\/negozio\/veloce-sport-bs205\/"},"modified":"2025-06-06T04:44:23","modified_gmt":"2025-06-06T02:44:23","slug":"veloce-sport-bs205","status":"publish","type":"product","link":"https:\/\/cycle.rizoma.com\/fr\/negozio\/retroviseurs\/BS205\/veloce-sport-bs205\/","title":{"rendered":"Veloce Sport"},"content":{"rendered":"<p>Le r\u00e9troviseur Veloce est caract\u00e9ris\u00e9 par l\u2019assemblage de deux mat\u00e9riaux diff\u00e9rents. Partie structurelle taill\u00e9e dans la masse d\u2019aluminium par usinage 3D et coque a\u00e9rodynamique en polym\u00e8re. L\u2019utilisation de ces deux mat\u00e9riaux permet non seulement de le valoriser esth\u00e9tiquement mais \u00e9galement de limiter son poids. Sa forme a\u00e9rodynamique permet de limiter les turbulences caus\u00e9es par la vitesse. La large surface r\u00e9fl\u00e9chissante, conforme aux normes d\u2019homologation europ\u00e9ennes, offre une excellente visibilit\u00e9 \u00e9galement optimis\u00e9e par le syst\u00e8me de r\u00e9glage et le miroir convexe anti-\u00e9blouissement. Un design s\u00e9duisant, qui s\u2019adapte parfaitement aux super sportives les plus nerveuses.<\/p>\n","protected":false},"excerpt":{"rendered":"<p>Le r\u00e9troviseur Veloce est caract\u00e9ris\u00e9 par l\u2019assemblage de deux mat\u00e9riaux diff\u00e9rents. Partie structurelle taill\u00e9e dans la masse d\u2019aluminium par usinage 3D et coque a\u00e9rodynamique en polym\u00e8re. L\u2019utilisation de ces deux mat\u00e9riaux permet non seulement de le valoriser esth\u00e9tiquement mais \u00e9galement de limiter son poids. Sa forme a\u00e9rodynamique permet de limiter les turbulences caus\u00e9es par la [&hellip;]<\/p>\n","protected":false},"featured_media":298087,"template":"","meta":{"_acf_changed":false},"rizoma_assembly_time":[42675],"rizoma_bike":[41569,41671,41669,41674,41675,41676,41604,43718,41807,41677,41808,42166,42316,42630,42645,44005,41714,41715,41716,41865,41760,41787,42040,42578,44369,42391,44366,44377,41577,41580,41553,41748,41557,41558,41559,41782,41562,41749,41707,41708,41710,44006,44007,42284,41702,41703,41995,42139,42039,42141,42295,42346,42410,42498,41681,41922,41687,41688,41691,41791,42142,42209,42595,42614,42170,42254,42255,43972,42596,43973,42597,42615,43974,42311,42214,42401,42432,42101,42215,42425,42197,42335,42477,42545,42546,42153,42539,42433,42093,42216,42426,42162,42612,42102,43740,42233,42573,42497,42354,42355,42576,42167,42302,42574,43701,42251,42312,42336,42337,41719,41720,41721,41722,41723,41758,41724,41728,41729,41725,41615,41909],"rizoma_division":[42651],"rizoma_family":[42970],"rizoma_model_category":[],"rizoma_product_template":[],"product_brand":[],"product_cat":[43939],"product_tag":[],"class_list":{"0":"post-315316","1":"product","2":"type-product","3":"status-publish","4":"has-post-thumbnail","6":"rizoma_bike-bonneville-t100-2008-16","7":"rizoma_bike-cbr-1000-rr-fireblade-2004-05","8":"rizoma_bike-cbr-1000-rr-fireblade-2006-07","9":"rizoma_bike-cbr-600-rr-2003-04","10":"rizoma_bike-cbr-600-rr-2005-06","11":"rizoma_bike-cbr-600-rr-2007-08","12":"rizoma_bike-cbr-600-rr-2009-12","13":"rizoma_bike-cbr-600-rr-2024-26","14":"rizoma_bike-cbr-600-rr-abs-2012-16","15":"rizoma_bike-cbr-600-rr-c-abs-2009-12","16":"rizoma_bike-cbr-600-rr-ec-abs-2012-15","17":"rizoma_bike-cbr-650-r-2019-20","18":"rizoma_bike-cbr-650-r-2021-23","19":"rizoma_bike-cbr-650-r-2024-26","20":"rizoma_bike-cbr-650-r-e-clutch-2024-26","21":"rizoma_bike-cbr-900-rr-fireblade-2002-04","22":"rizoma_bike-daytona-675-2006-08","23":"rizoma_bike-daytona-675-abs-2009-13","24":"rizoma_bike-daytona-675-r-2010-12","25":"rizoma_bike-daytona-675-r-abs-2009-16","26":"rizoma_bike-er-6f-2012-13","27":"rizoma_bike-er-6f-abs-2012-16","28":"rizoma_bike-f3-800-eas-abs-2017-20","29":"rizoma_bike-f3-800-r-2023-26","30":"rizoma_bike-f3-800-rc-2022-25","31":"rizoma_bike-f3-800-rosso-2021-23","32":"rizoma_bike-f3-800-rr-2022-25","33":"rizoma_bike-f3-800-rr-ottantesimo-2025-26","34":"rizoma_bike-fz1-fazer-2006-16","35":"rizoma_bike-fz6-fazer-s2-2006-11","36":"rizoma_bike-gsf-1250-bandit-s-2006-11","37":"rizoma_bike-gsf-1250-bandit-s-traveller-2006-11","38":"rizoma_bike-gsf-650-bandit-s-2005-06","39":"rizoma_bike-gsf-650-bandit-s-2006-12","40":"rizoma_bike-gsf-650-bandit-s-abs-2005-06","41":"rizoma_bike-gsf-650-bandit-s-abs-2006-15","42":"rizoma_bike-gsx-1250-f-abs-traveller-2010-16","43":"rizoma_bike-gsx-650-f-2007-15","44":"rizoma_bike-gsx-r-600-2001-03","45":"rizoma_bike-gsx-r-600-2004-05","46":"rizoma_bike-gsx-r-600x-anniversary-2005-06","47":"rizoma_bike-gsx-r-750-1999-03","48":"rizoma_bike-gsx-r-750-2004-05","49":"rizoma_bike-gsx-r-750x-anniversary-2005","50":"rizoma_bike-gsx-r1000-2000-02","51":"rizoma_bike-gsx-r1000-2003-04","52":"rizoma_bike-gsx-r1000-2017-18","53":"rizoma_bike-gsx-r1000-2019-20","54":"rizoma_bike-gsx-r1000r-2017-18","55":"rizoma_bike-gsx-r1000r-2019-20","56":"rizoma_bike-gsx-r1000r-anniversary-2020","57":"rizoma_bike-gsx-r1000r-legend-edition-2020","58":"rizoma_bike-gsx-r1000r-phantom-2022","59":"rizoma_bike-m-1000-rr-50-years-m-2022","60":"rizoma_bike-ninja-1000-zx-10r-2004-05","61":"rizoma_bike-ninja-300-abs-2012-16","62":"rizoma_bike-ninja-600-zx-6r-2007-08","63":"rizoma_bike-ninja-600-zx-6r-2009-16","64":"rizoma_bike-ninja-636-zx-6r-2005-06","65":"rizoma_bike-ninja-636-zx-6r-2013","66":"rizoma_bike-ninja-636-zx-6r-2019-20","67":"rizoma_bike-ninja-636-zx-6r-2020","68":"rizoma_bike-ninja-636-zx-6r-2024-26","69":"rizoma_bike-ninja-636-zx-6r-40th-anniversary-edition-2024","70":"rizoma_bike-ninja-636-zx-6r-krt-2019-20","71":"rizoma_bike-ninja-636-zx-6r-krt-performance-2019-20","72":"rizoma_bike-ninja-636-zx-6r-performance-2019-20","73":"rizoma_bike-ninja-636-zx-6r-performance-2025-26","74":"rizoma_bike-ninja-zx-4r-2024-26","75":"rizoma_bike-ninja-zx-4r-performance-2025-26","76":"rizoma_bike-ninja-zx-4rr-2024-26","77":"rizoma_bike-ninja-zx-4rr-40th-anniversay-edition-2024","78":"rizoma_bike-ninja-zx-4rr-performance-2025-26","79":"rizoma_bike-panigale-v2-2021-24","80":"rizoma_bike-panigale-v2-955-2020","81":"rizoma_bike-panigale-v2-bayliss-1st-championship-20th-anniversary-2021-24","82":"rizoma_bike-panigale-v4-2022-24","83":"rizoma_bike-panigale-v4-1100-2018-19","84":"rizoma_bike-panigale-v4-1100-2020","85":"rizoma_bike-panigale-v4-1100-2021","86":"rizoma_bike-panigale-v4-1100-25-anniversario-2019-20","87":"rizoma_bike-panigale-v4-1100-sp-2021","88":"rizoma_bike-panigale-v4-1100-sp2-2022-23","89":"rizoma_bike-panigale-v4-bagnaia-2022-world-champion-replica-2023","90":"rizoma_bike-panigale-v4-bautista-2022-world-champion-replica-2023","91":"rizoma_bike-panigale-v4-r-2023-24","92":"rizoma_bike-panigale-v4-r-1000-2019-20","93":"rizoma_bike-panigale-v4-s-2022-24","94":"rizoma_bike-panigale-v4-s-1100-2018-19","95":"rizoma_bike-panigale-v4-s-1100-2020","96":"rizoma_bike-panigale-v4-s-1100-2021","97":"rizoma_bike-panigale-v4-s-1100-corse-2019","98":"rizoma_bike-panigale-v4-sp2-30-anniversario-916-2024","99":"rizoma_bike-panigale-v4-speciale-1100-2018-19","100":"rizoma_bike-rs-457-2024-26","101":"rizoma_bike-rs-660-2020-24","102":"rizoma_bike-rs-660-extrema-2023-24","103":"rizoma_bike-rs-660-limited-edition-2020-23","104":"rizoma_bike-rsv4-1100-2021-24","105":"rizoma_bike-rsv4-1100-factory-2021-24","106":"rizoma_bike-rsv4-1100-factory-speed-white-2023-24","107":"rizoma_bike-s-1000-rr-2019-20","108":"rizoma_bike-s-1000-rr-2021-22","109":"rizoma_bike-s-1000-rr-2023-24","110":"rizoma_bike-s-1000-rr-2025-26","111":"rizoma_bike-superleggera-v4-1000-2020","112":"rizoma_bike-superleggera-v4-1000-2021-23","113":"rizoma_bike-supersport-950-2021-24","114":"rizoma_bike-supersport-950-s-2021-24","115":"rizoma_bike-yzf-r1-2002-03","116":"rizoma_bike-yzf-r1-2004-05","117":"rizoma_bike-yzf-r1-2006","118":"rizoma_bike-yzf-r1-2007-08","119":"rizoma_bike-yzf-r1-2009-11","120":"rizoma_bike-yzf-r1-2012-14","121":"rizoma_bike-yzf-r1-sp1-2006","122":"rizoma_bike-yzf-r6-2003-04","123":"rizoma_bike-yzf-r6-2005-06","124":"rizoma_bike-yzf-r6-2005","125":"rizoma_bike-yzf-r6-2006-07","126":"rizoma_bike-z-300-abs-2015-16","127":"product_cat-retroviseurs","129":"first","130":"instock","131":"taxable","132":"shipping-taxable","133":"purchasable","134":"product-type-variable"},"acf":[],"_links":{"self":[{"href":"https:\/\/cycle.rizoma.com\/fr\/wp-json\/wp\/v2\/product\/315316","targetHints":{"allow":["GET"]}}],"collection":[{"href":"https:\/\/cycle.rizoma.com\/fr\/wp-json\/wp\/v2\/product"}],"about":[{"href":"https:\/\/cycle.rizoma.com\/fr\/wp-json\/wp\/v2\/types\/product"}],"wp:featuredmedia":[{"embeddable":true,"href":"https:\/\/cycle.rizoma.com\/fr\/wp-json\/wp\/v2\/media\/298087"}],"wp:attachment":[{"href":"https:\/\/cycle.rizoma.com\/fr\/wp-json\/wp\/v2\/media?parent=315316"}],"wp:term":[{"taxonomy":"rizoma_assembly_time","embeddable":true,"href":"https:\/\/cycle.rizoma.com\/fr\/wp-json\/wp\/v2\/rizoma_assembly_time?post=315316"},{"taxonomy":"rizoma_bike","embeddable":true,"href":"https:\/\/cycle.rizoma.com\/fr\/wp-json\/wp\/v2\/rizoma_bike?post=315316"},{"taxonomy":"rizoma_division","embeddable":true,"href":"https:\/\/cycle.rizoma.com\/fr\/wp-json\/wp\/v2\/rizoma_division?post=315316"},{"taxonomy":"rizoma_family","embeddable":true,"href":"https:\/\/cycle.rizoma.com\/fr\/wp-json\/wp\/v2\/rizoma_family?post=315316"},{"taxonomy":"rizoma_model_category","embeddable":true,"href":"https:\/\/cycle.rizoma.com\/fr\/wp-json\/wp\/v2\/rizoma_model_category?post=315316"},{"taxonomy":"rizoma_product_template","embeddable":true,"href":"https:\/\/cycle.rizoma.com\/fr\/wp-json\/wp\/v2\/rizoma_product_template?post=315316"},{"taxonomy":"product_brand","embeddable":true,"href":"https:\/\/cycle.rizoma.com\/fr\/wp-json\/wp\/v2\/product_brand?post=315316"},{"taxonomy":"product_cat","embeddable":true,"href":"https:\/\/cycle.rizoma.com\/fr\/wp-json\/wp\/v2\/product_cat?post=315316"},{"taxonomy":"product_tag","embeddable":true,"href":"https:\/\/cycle.rizoma.com\/fr\/wp-json\/wp\/v2\/product_tag?post=315316"}],"curies":[{"name":"wp","href":"https:\/\/api.w.org\/{rel}","templated":true}]}}