{"id":315663,"date":"2024-11-21T16:46:50","date_gmt":"2024-11-21T15:46:50","guid":{"rendered":"https:\/\/rwp.rizoma.com\/negozio\/kit-de-montage-pour-clignotants-arriere-fr214\/"},"modified":"2025-07-01T18:22:53","modified_gmt":"2025-07-01T16:22:53","slug":"kit-de-montage-pour-clignotants-arriere-fr214","status":"publish","type":"product","link":"https:\/\/cycle.rizoma.com\/fr\/negozio\/clignotants\/FR214\/kit-de-montage-pour-clignotants-arriere-fr214\/","title":{"rendered":"Kit de montage pour clignotants arri\u00e8re"},"content":{"rendered":"<p>Chaque adaptateur est r\u00e9alis\u00e9 sp\u00e9cifiquement pour le mod\u00e8le de moto correspondant, afin de garantir une fixation optimale. Ces adaptateurs sont r\u00e9alis\u00e9s en PVC.<\/p>\n","protected":false},"excerpt":{"rendered":"<p>Chaque adaptateur est r\u00e9alis\u00e9 sp\u00e9cifiquement pour le mod\u00e8le de moto correspondant, afin de garantir une fixation optimale. Ces adaptateurs sont r\u00e9alis\u00e9s en PVC.<\/p>\n","protected":false},"featured_media":295577,"template":"","meta":{"_acf_changed":false},"rizoma_assembly_time":[42675],"rizoma_bike":[41549,41550,41434,41551,41552,41553,41748,41554,41435,41555,41556,41557,41558,41559,41782,41560,41561,41781,41823,41850,41851,41824,41897,41898,41899,41900,41918,41919,41605,41701,41688,41612,41613,41869,41531],"rizoma_division":[42651],"rizoma_family":[42709],"rizoma_model_category":[],"rizoma_product_template":[],"product_brand":[],"product_cat":[42714],"product_tag":[],"class_list":{"0":"post-315663","1":"product","2":"type-product","3":"status-publish","4":"has-post-thumbnail","6":"rizoma_bike-gladius-650-sfv-2009-15","7":"rizoma_bike-gsf-1200-bandit-2001-06","8":"rizoma_bike-gsf-1200-bandit-s-2001-06","9":"rizoma_bike-gsf-1200s-bandit-2006","10":"rizoma_bike-gsf-1250-bandit-2006-11","11":"rizoma_bike-gsf-1250-bandit-s-2006-11","12":"rizoma_bike-gsf-1250-bandit-s-traveller-2006-11","13":"rizoma_bike-gsf-600-bandit-2000-05","14":"rizoma_bike-gsf-600-bandit-s-2000-05","15":"rizoma_bike-gsf-650-bandit-2005-06","16":"rizoma_bike-gsf-650-bandit-2006-11","17":"rizoma_bike-gsf-650-bandit-s-2005-06","18":"rizoma_bike-gsf-650-bandit-s-2006-12","19":"rizoma_bike-gsf-650-bandit-s-abs-2005-06","20":"rizoma_bike-gsf-650-bandit-s-abs-2006-15","21":"rizoma_bike-gsr-600-2006-11","22":"rizoma_bike-gsr-750-2010-15","23":"rizoma_bike-gsr-750-abs-2010-17","24":"rizoma_bike-gsr-750-abs-mat-black-l-e-2010-14","25":"rizoma_bike-gsr-750-acc-2014-15","26":"rizoma_bike-gsr-750-acc-abs-2014-15","27":"rizoma_bike-gsr-750-mat-black-l-e-2013-14","28":"rizoma_bike-gsr-750-sp-2015","29":"rizoma_bike-gsr-750-sp-abs-2015-17","30":"rizoma_bike-gsr-750-z-2014-15","31":"rizoma_bike-gsr-750-z-abs-2015-16","32":"rizoma_bike-gsr-750-z-sp-2015","33":"rizoma_bike-gsr-750-z-sp-abs-2015-16","34":"rizoma_bike-gsx-1300-r-hayabusa-1999-06","35":"rizoma_bike-gsx-1300-r-hayabusa-2007-12","36":"rizoma_bike-ninja-600-zx-6r-2009-16","37":"rizoma_bike-tl-1000-r-1998-02","38":"rizoma_bike-tl-1000-s-1997-03","39":"rizoma_bike-z-1000-sx-abs-2014-16","40":"rizoma_bike-z-750-r-abs-2011-12","41":"product_cat-clignotants","43":"first","44":"instock","45":"taxable","46":"shipping-taxable","47":"purchasable","48":"product-type-variable"},"acf":[],"_links":{"self":[{"href":"https:\/\/cycle.rizoma.com\/fr\/wp-json\/wp\/v2\/product\/315663","targetHints":{"allow":["GET"]}}],"collection":[{"href":"https:\/\/cycle.rizoma.com\/fr\/wp-json\/wp\/v2\/product"}],"about":[{"href":"https:\/\/cycle.rizoma.com\/fr\/wp-json\/wp\/v2\/types\/product"}],"wp:featuredmedia":[{"embeddable":true,"href":"https:\/\/cycle.rizoma.com\/fr\/wp-json\/wp\/v2\/media\/295577"}],"wp:attachment":[{"href":"https:\/\/cycle.rizoma.com\/fr\/wp-json\/wp\/v2\/media?parent=315663"}],"wp:term":[{"taxonomy":"rizoma_assembly_time","embeddable":true,"href":"https:\/\/cycle.rizoma.com\/fr\/wp-json\/wp\/v2\/rizoma_assembly_time?post=315663"},{"taxonomy":"rizoma_bike","embeddable":true,"href":"https:\/\/cycle.rizoma.com\/fr\/wp-json\/wp\/v2\/rizoma_bike?post=315663"},{"taxonomy":"rizoma_division","embeddable":true,"href":"https:\/\/cycle.rizoma.com\/fr\/wp-json\/wp\/v2\/rizoma_division?post=315663"},{"taxonomy":"rizoma_family","embeddable":true,"href":"https:\/\/cycle.rizoma.com\/fr\/wp-json\/wp\/v2\/rizoma_family?post=315663"},{"taxonomy":"rizoma_model_category","embeddable":true,"href":"https:\/\/cycle.rizoma.com\/fr\/wp-json\/wp\/v2\/rizoma_model_category?post=315663"},{"taxonomy":"rizoma_product_template","embeddable":true,"href":"https:\/\/cycle.rizoma.com\/fr\/wp-json\/wp\/v2\/rizoma_product_template?post=315663"},{"taxonomy":"product_brand","embeddable":true,"href":"https:\/\/cycle.rizoma.com\/fr\/wp-json\/wp\/v2\/product_brand?post=315663"},{"taxonomy":"product_cat","embeddable":true,"href":"https:\/\/cycle.rizoma.com\/fr\/wp-json\/wp\/v2\/product_cat?post=315663"},{"taxonomy":"product_tag","embeddable":true,"href":"https:\/\/cycle.rizoma.com\/fr\/wp-json\/wp\/v2\/product_tag?post=315663"}],"curies":[{"name":"wp","href":"https:\/\/api.w.org\/{rel}","templated":true}]}}