{"id":315723,"date":"2024-11-21T16:48:06","date_gmt":"2024-11-21T15:48:06","guid":{"rendered":"https:\/\/rwp.rizoma.com\/negozio\/kit-de-montage-pour-clignotants-arriere-fr232\/"},"modified":"2026-02-16T10:57:25","modified_gmt":"2026-02-16T09:57:25","slug":"kit-de-montage-pour-clignotants-arriere-fr232","status":"publish","type":"product","link":"https:\/\/cycle.rizoma.com\/fr\/negozio\/clignotants\/FR232\/kit-de-montage-pour-clignotants-arriere-fr232\/","title":{"rendered":"Kit de montage pour clignotants arri\u00e8re"},"content":{"rendered":"<p>Chaque adaptateur est r\u00e9alis\u00e9 sp\u00e9cifiquement pour le mod\u00e8le de moto correspondant, afin de garantir une fixation optimale. Ces adaptateurs sont r\u00e9alis\u00e9s en PVC.<\/p>\n","protected":false},"excerpt":{"rendered":"<p>Chaque adaptateur est r\u00e9alis\u00e9 sp\u00e9cifiquement pour le mod\u00e8le de moto correspondant, afin de garantir une fixation optimale. Ces adaptateurs sont r\u00e9alis\u00e9s en PVC.<\/p>\n","protected":false},"featured_media":295647,"template":"","meta":{"_acf_changed":false},"rizoma_assembly_time":[42664],"rizoma_bike":[41912,42070,41913,41972,41949,42092,42442,42637,42592,42625,42517,44018,42007,42124,41929,42008,42009,42156,42157,42082,41923,42152,41924,44468,44469,42341,42342,42587,42635,42518,41888,42043,42067,41889,42069,42085,42143,42088,42086,42087,42213,44000,44001,44002,44003,44004,42311,43753,42214,42401,44431,44420,43754,42432,43699,42101,42215,42425,42197,42335,42477,42545,42546,44015,42153,44017,42539,42433,43700,42093,42216,42426,42162,43704,43705,42612,42102,44014,44016,42089,42292,42281,42249,42090,42091,42250,42427,42430,43893,42499,43894,42527,43755,42218,42313,42219,42314,42431,42580,42523,43756,42524,42014,42251,42312,41998,42052,42336,42337,42020],"rizoma_division":[42651],"rizoma_family":[42709],"rizoma_model_category":[],"rizoma_product_template":[],"product_brand":[],"product_cat":[42714],"product_tag":[],"class_list":{"0":"post-315723","1":"product","2":"type-product","3":"status-publish","4":"has-post-thumbnail","6":"rizoma_bike-1299-panigale-2015-17","7":"rizoma_bike-1299-panigale-r-final-edition-2017-20","8":"rizoma_bike-1299-panigale-s-2015-18","9":"rizoma_bike-1299-panigale-s-anniversario-2016","10":"rizoma_bike-959-panigale-2016-19","11":"rizoma_bike-959-panigale-corse-2018-19","12":"rizoma_bike-desertx-2022-25","13":"rizoma_bike-desertx-discovery-2025","14":"rizoma_bike-desertx-rally-2024-25","15":"rizoma_bike-diavel-for-bentley-2024","16":"rizoma_bike-diavel-v4-2023-26","17":"rizoma_bike-diavel-v4-rs-2026","18":"rizoma_bike-monster-1200-2017-21","19":"rizoma_bike-monster-1200-25-anniversario-2018-19","20":"rizoma_bike-monster-1200-r-2016-19","21":"rizoma_bike-monster-1200-s-2017-21","22":"rizoma_bike-monster-797-2017-18","23":"rizoma_bike-monster-797-2019-20","24":"rizoma_bike-monster-797-plus-2019","25":"rizoma_bike-monster-821-2018-20","26":"rizoma_bike-monster-821-dark-abs-2014-16","27":"rizoma_bike-monster-821-stealth-2019-20","28":"rizoma_bike-monster-821-stripe-abs-2015-17","29":"rizoma_bike-monster-890-2026","30":"rizoma_bike-monster-890-2026-1","31":"rizoma_bike-monster-937-2021-25","32":"rizoma_bike-monster-937-2021-25-1","33":"rizoma_bike-monster-937-30-anniversario-2023-24","34":"rizoma_bike-monster-937-senna-2024","35":"rizoma_bike-monster-937-sp-2023-25","36":"rizoma_bike-multistrada-1200-abs-2015-17","37":"rizoma_bike-multistrada-1200-enduro-2016-18","38":"rizoma_bike-multistrada-1200-enduro-pro-2017-18","39":"rizoma_bike-multistrada-1200-s-2015-17","40":"rizoma_bike-multistrada-1200-s-d-air-2017-18","41":"rizoma_bike-multistrada-1260-2018-20","42":"rizoma_bike-multistrada-1260-enduro-2019-21","43":"rizoma_bike-multistrada-1260-pikes-peak-2018-20","44":"rizoma_bike-multistrada-1260-s-2018-20","45":"rizoma_bike-multistrada-1260-s-d-air-2018-20","46":"rizoma_bike-multistrada-1260-s-grand-tour-2020","47":"rizoma_bike-multistrada-950-2018","48":"rizoma_bike-multistrada-950-2019-20","49":"rizoma_bike-multistrada-950-2021","50":"rizoma_bike-multistrada-950-s-2019-20","51":"rizoma_bike-multistrada-950-s-2021","52":"rizoma_bike-panigale-v2-2021-24","53":"rizoma_bike-panigale-v2-2025-26","54":"rizoma_bike-panigale-v2-955-2020","55":"rizoma_bike-panigale-v2-bayliss-1st-championship-20th-anniversary-2021-24","56":"rizoma_bike-panigale-v2-fb63-2026","57":"rizoma_bike-panigale-v2-mm93-2026","58":"rizoma_bike-panigale-v2-s-2025-26","59":"rizoma_bike-panigale-v4-2022-24","60":"rizoma_bike-panigale-v4-2025-26","61":"rizoma_bike-panigale-v4-1100-2018-19","62":"rizoma_bike-panigale-v4-1100-2020","63":"rizoma_bike-panigale-v4-1100-2021","64":"rizoma_bike-panigale-v4-1100-25-anniversario-2019-20","65":"rizoma_bike-panigale-v4-1100-sp-2021","66":"rizoma_bike-panigale-v4-1100-sp2-2022-23","67":"rizoma_bike-panigale-v4-bagnaia-2022-world-champion-replica-2023","68":"rizoma_bike-panigale-v4-bautista-2022-world-champion-replica-2023","69":"rizoma_bike-panigale-v4-lamborghini-2026","70":"rizoma_bike-panigale-v4-r-2023-24","71":"rizoma_bike-panigale-v4-r-2026","72":"rizoma_bike-panigale-v4-r-1000-2019-20","73":"rizoma_bike-panigale-v4-s-2022-24","74":"rizoma_bike-panigale-v4-s-2025-26","75":"rizoma_bike-panigale-v4-s-1100-2018-19","76":"rizoma_bike-panigale-v4-s-1100-2020","77":"rizoma_bike-panigale-v4-s-1100-2021","78":"rizoma_bike-panigale-v4-s-1100-corse-2019","79":"rizoma_bike-panigale-v4-s-carbon-2025-26","80":"rizoma_bike-panigale-v4-s-carbon-pro-2025-26","81":"rizoma_bike-panigale-v4-sp2-30-anniversario-916-2024","82":"rizoma_bike-panigale-v4-speciale-1100-2018-19","83":"rizoma_bike-panigale-v4-tricolore-2025-26","84":"rizoma_bike-panigale-v4-tricolore-italia-2025-26","85":"rizoma_bike-scrambler-1100-2018-20","86":"rizoma_bike-scrambler-1100-dark-pro-2020-24","87":"rizoma_bike-scrambler-1100-ducati-club-italia-2020","88":"rizoma_bike-scrambler-1100-pro-2020-22","89":"rizoma_bike-scrambler-1100-special-2018-20","90":"rizoma_bike-scrambler-1100-sport-2018-20","91":"rizoma_bike-scrambler-1100-sport-pro-2020-25","92":"rizoma_bike-scrambler-1100-tribute-pro-2022-24","93":"rizoma_bike-streetfighter-v2-2022-24","94":"rizoma_bike-streetfighter-v2-2025-26","95":"rizoma_bike-streetfighter-v2-955-green-2022-23","96":"rizoma_bike-streetfighter-v2-s-2025-26","97":"rizoma_bike-streetfighter-v4-2023-24","98":"rizoma_bike-streetfighter-v4-2025-26","99":"rizoma_bike-streetfighter-v4-1100-2020","100":"rizoma_bike-streetfighter-v4-1100-2021-22","101":"rizoma_bike-streetfighter-v4-1100-s-2020","102":"rizoma_bike-streetfighter-v4-1100-s-2021-22","103":"rizoma_bike-streetfighter-v4-1100-sp-2022","104":"rizoma_bike-streetfighter-v4-lamborghini-2023-24","105":"rizoma_bike-streetfighter-v4-s-2023-24","106":"rizoma_bike-streetfighter-v4-s-2025-26","107":"rizoma_bike-streetfighter-v4-sp2-2023-24","108":"rizoma_bike-superleggera-1299-2017","109":"rizoma_bike-superleggera-v4-1000-2020","110":"rizoma_bike-superleggera-v4-1000-2021-23","111":"rizoma_bike-supersport-939-2017-20","112":"rizoma_bike-supersport-939-s-2017-20","113":"rizoma_bike-supersport-950-2021-24","114":"rizoma_bike-supersport-950-s-2021-24","115":"rizoma_bike-versys-x-300-2017-20","116":"product_cat-clignotants","118":"first","119":"instock","120":"taxable","121":"shipping-taxable","122":"purchasable","123":"product-type-variable"},"acf":[],"_links":{"self":[{"href":"https:\/\/cycle.rizoma.com\/fr\/wp-json\/wp\/v2\/product\/315723","targetHints":{"allow":["GET"]}}],"collection":[{"href":"https:\/\/cycle.rizoma.com\/fr\/wp-json\/wp\/v2\/product"}],"about":[{"href":"https:\/\/cycle.rizoma.com\/fr\/wp-json\/wp\/v2\/types\/product"}],"wp:featuredmedia":[{"embeddable":true,"href":"https:\/\/cycle.rizoma.com\/fr\/wp-json\/wp\/v2\/media\/295647"}],"wp:attachment":[{"href":"https:\/\/cycle.rizoma.com\/fr\/wp-json\/wp\/v2\/media?parent=315723"}],"wp:term":[{"taxonomy":"rizoma_assembly_time","embeddable":true,"href":"https:\/\/cycle.rizoma.com\/fr\/wp-json\/wp\/v2\/rizoma_assembly_time?post=315723"},{"taxonomy":"rizoma_bike","embeddable":true,"href":"https:\/\/cycle.rizoma.com\/fr\/wp-json\/wp\/v2\/rizoma_bike?post=315723"},{"taxonomy":"rizoma_division","embeddable":true,"href":"https:\/\/cycle.rizoma.com\/fr\/wp-json\/wp\/v2\/rizoma_division?post=315723"},{"taxonomy":"rizoma_family","embeddable":true,"href":"https:\/\/cycle.rizoma.com\/fr\/wp-json\/wp\/v2\/rizoma_family?post=315723"},{"taxonomy":"rizoma_model_category","embeddable":true,"href":"https:\/\/cycle.rizoma.com\/fr\/wp-json\/wp\/v2\/rizoma_model_category?post=315723"},{"taxonomy":"rizoma_product_template","embeddable":true,"href":"https:\/\/cycle.rizoma.com\/fr\/wp-json\/wp\/v2\/rizoma_product_template?post=315723"},{"taxonomy":"product_brand","embeddable":true,"href":"https:\/\/cycle.rizoma.com\/fr\/wp-json\/wp\/v2\/product_brand?post=315723"},{"taxonomy":"product_cat","embeddable":true,"href":"https:\/\/cycle.rizoma.com\/fr\/wp-json\/wp\/v2\/product_cat?post=315723"},{"taxonomy":"product_tag","embeddable":true,"href":"https:\/\/cycle.rizoma.com\/fr\/wp-json\/wp\/v2\/product_tag?post=315723"}],"curies":[{"name":"wp","href":"https:\/\/api.w.org\/{rel}","templated":true}]}}