{"id":315728,"date":"2024-11-21T16:48:12","date_gmt":"2024-11-21T15:48:12","guid":{"rendered":"https:\/\/rwp.rizoma.com\/negozio\/kit-de-montage-pour-clignotants-avant-fr233\/"},"modified":"2025-05-29T04:05:17","modified_gmt":"2025-05-29T02:05:17","slug":"kit-de-montage-pour-clignotants-avant-fr233","status":"publish","type":"product","link":"https:\/\/cycle.rizoma.com\/fr\/negozio\/clignotants\/FR233\/kit-de-montage-pour-clignotants-avant-fr233\/","title":{"rendered":"Kit de montage pour clignotants avant"},"content":{"rendered":"<p>Chaque adaptateur est r\u00e9alis\u00e9 sp\u00e9cifiquement pour le mod\u00e8le de moto correspondant, afin de garantir une fixation optimale. Ces adaptateurs sont r\u00e9alis\u00e9s en PVC.<\/p>\n","protected":false},"excerpt":{"rendered":"<p>Chaque adaptateur est r\u00e9alis\u00e9 sp\u00e9cifiquement pour le mod\u00e8le de moto correspondant, afin de garantir une fixation optimale. Ces adaptateurs sont r\u00e9alis\u00e9s en PVC.<\/p>\n","protected":false},"featured_media":295652,"template":"","meta":{"_acf_changed":false},"rizoma_assembly_time":[42664],"rizoma_bike":[41884,42063,42423,42424,42390,41883,42062,44373,42421,42422,42395],"rizoma_division":[42651],"rizoma_family":[42709],"rizoma_model_category":[],"rizoma_product_template":[],"product_brand":[],"product_cat":[42714],"product_tag":[],"class_list":{"0":"post-315728","1":"product","2":"type-product","3":"status-publish","4":"has-post-thumbnail","6":"rizoma_bike-gsx-s-1000-f-abs-2014-17","7":"rizoma_bike-gsx-s-1000-f-abs-2017-20","8":"rizoma_bike-gsx-s-950-gp-2022","9":"rizoma_bike-gsx-s-950-sert-edition-2022","10":"rizoma_bike-gsx-s1000-2021-25","11":"rizoma_bike-gsx-s1000-abs-2015-17","12":"rizoma_bike-gsx-s1000-abs-2017-20","13":"rizoma_bike-gsx-s1000-evo-2025-26","14":"rizoma_bike-gsx-s1000-gp-2022","15":"rizoma_bike-gsx-s1000-sert-edition-2022","16":"rizoma_bike-gsx-s1000-web-edition-2021","17":"product_cat-clignotants","19":"first","20":"instock","21":"taxable","22":"shipping-taxable","23":"purchasable","24":"product-type-variable"},"acf":[],"_links":{"self":[{"href":"https:\/\/cycle.rizoma.com\/fr\/wp-json\/wp\/v2\/product\/315728","targetHints":{"allow":["GET"]}}],"collection":[{"href":"https:\/\/cycle.rizoma.com\/fr\/wp-json\/wp\/v2\/product"}],"about":[{"href":"https:\/\/cycle.rizoma.com\/fr\/wp-json\/wp\/v2\/types\/product"}],"wp:featuredmedia":[{"embeddable":true,"href":"https:\/\/cycle.rizoma.com\/fr\/wp-json\/wp\/v2\/media\/295652"}],"wp:attachment":[{"href":"https:\/\/cycle.rizoma.com\/fr\/wp-json\/wp\/v2\/media?parent=315728"}],"wp:term":[{"taxonomy":"rizoma_assembly_time","embeddable":true,"href":"https:\/\/cycle.rizoma.com\/fr\/wp-json\/wp\/v2\/rizoma_assembly_time?post=315728"},{"taxonomy":"rizoma_bike","embeddable":true,"href":"https:\/\/cycle.rizoma.com\/fr\/wp-json\/wp\/v2\/rizoma_bike?post=315728"},{"taxonomy":"rizoma_division","embeddable":true,"href":"https:\/\/cycle.rizoma.com\/fr\/wp-json\/wp\/v2\/rizoma_division?post=315728"},{"taxonomy":"rizoma_family","embeddable":true,"href":"https:\/\/cycle.rizoma.com\/fr\/wp-json\/wp\/v2\/rizoma_family?post=315728"},{"taxonomy":"rizoma_model_category","embeddable":true,"href":"https:\/\/cycle.rizoma.com\/fr\/wp-json\/wp\/v2\/rizoma_model_category?post=315728"},{"taxonomy":"rizoma_product_template","embeddable":true,"href":"https:\/\/cycle.rizoma.com\/fr\/wp-json\/wp\/v2\/rizoma_product_template?post=315728"},{"taxonomy":"product_brand","embeddable":true,"href":"https:\/\/cycle.rizoma.com\/fr\/wp-json\/wp\/v2\/product_brand?post=315728"},{"taxonomy":"product_cat","embeddable":true,"href":"https:\/\/cycle.rizoma.com\/fr\/wp-json\/wp\/v2\/product_cat?post=315728"},{"taxonomy":"product_tag","embeddable":true,"href":"https:\/\/cycle.rizoma.com\/fr\/wp-json\/wp\/v2\/product_tag?post=315728"}],"curies":[{"name":"wp","href":"https:\/\/api.w.org\/{rel}","templated":true}]}}