{"id":315733,"date":"2024-11-21T16:48:18","date_gmt":"2024-11-21T15:48:18","guid":{"rendered":"https:\/\/rwp.rizoma.com\/negozio\/kit-de-montage-pour-clignotants-arriere-fr234\/"},"modified":"2025-05-29T04:09:55","modified_gmt":"2025-05-29T02:09:55","slug":"kit-de-montage-pour-clignotants-arriere-fr234","status":"publish","type":"product","link":"https:\/\/cycle.rizoma.com\/fr\/negozio\/clignotants\/FR234\/kit-de-montage-pour-clignotants-arriere-fr234\/","title":{"rendered":"Kit de montage pour clignotants arri\u00e8re"},"content":{"rendered":"<p>Chaque adaptateur est r\u00e9alis\u00e9 sp\u00e9cifiquement pour le mod\u00e8le de moto correspondant, afin de garantir une fixation optimale. Ces adaptateurs sont r\u00e9alis\u00e9s en polyamide.<\/p>\n","protected":false},"excerpt":{"rendered":"<p>Chaque adaptateur est r\u00e9alis\u00e9 sp\u00e9cifiquement pour le mod\u00e8le de moto correspondant, afin de garantir une fixation optimale. Ces adaptateurs sont r\u00e9alis\u00e9s en polyamide.<\/p>\n","protected":false},"featured_media":295657,"template":"","meta":{"_acf_changed":false},"rizoma_assembly_time":[42664],"rizoma_bike":[41884,42063,42002,42118,42110,42193,43418,44375,44378,43419,43420,41883,42062],"rizoma_division":[42651],"rizoma_family":[42709],"rizoma_model_category":[],"rizoma_product_template":[],"product_brand":[],"product_cat":[42714],"product_tag":[],"class_list":{"0":"post-315733","1":"product","2":"type-product","3":"status-publish","4":"has-post-thumbnail","6":"rizoma_bike-gsx-s-1000-f-abs-2014-17","7":"rizoma_bike-gsx-s-1000-f-abs-2017-20","8":"rizoma_bike-gsx-s-750-abs-2017-20","9":"rizoma_bike-gsx-s-750-yugen-2018-20","10":"rizoma_bike-gsx-s-750-z-abs-2017-20","11":"rizoma_bike-gsx-s-750-z-yugen-2018-20","12":"rizoma_bike-gsx-8s-2023-24","13":"rizoma_bike-gsx-8s-2025-26","14":"rizoma_bike-gsx-8s-evo-2025-26","15":"rizoma_bike-gsx-8s-kevin-schwantz-edition-2023","16":"rizoma_bike-gsx-8s-team-suzuki-edition-2024","17":"rizoma_bike-gsx-s1000-abs-2015-17","18":"rizoma_bike-gsx-s1000-abs-2017-20","19":"product_cat-clignotants","21":"first","22":"instock","23":"taxable","24":"shipping-taxable","25":"purchasable","26":"product-type-variable"},"acf":[],"_links":{"self":[{"href":"https:\/\/cycle.rizoma.com\/fr\/wp-json\/wp\/v2\/product\/315733","targetHints":{"allow":["GET"]}}],"collection":[{"href":"https:\/\/cycle.rizoma.com\/fr\/wp-json\/wp\/v2\/product"}],"about":[{"href":"https:\/\/cycle.rizoma.com\/fr\/wp-json\/wp\/v2\/types\/product"}],"wp:featuredmedia":[{"embeddable":true,"href":"https:\/\/cycle.rizoma.com\/fr\/wp-json\/wp\/v2\/media\/295657"}],"wp:attachment":[{"href":"https:\/\/cycle.rizoma.com\/fr\/wp-json\/wp\/v2\/media?parent=315733"}],"wp:term":[{"taxonomy":"rizoma_assembly_time","embeddable":true,"href":"https:\/\/cycle.rizoma.com\/fr\/wp-json\/wp\/v2\/rizoma_assembly_time?post=315733"},{"taxonomy":"rizoma_bike","embeddable":true,"href":"https:\/\/cycle.rizoma.com\/fr\/wp-json\/wp\/v2\/rizoma_bike?post=315733"},{"taxonomy":"rizoma_division","embeddable":true,"href":"https:\/\/cycle.rizoma.com\/fr\/wp-json\/wp\/v2\/rizoma_division?post=315733"},{"taxonomy":"rizoma_family","embeddable":true,"href":"https:\/\/cycle.rizoma.com\/fr\/wp-json\/wp\/v2\/rizoma_family?post=315733"},{"taxonomy":"rizoma_model_category","embeddable":true,"href":"https:\/\/cycle.rizoma.com\/fr\/wp-json\/wp\/v2\/rizoma_model_category?post=315733"},{"taxonomy":"rizoma_product_template","embeddable":true,"href":"https:\/\/cycle.rizoma.com\/fr\/wp-json\/wp\/v2\/rizoma_product_template?post=315733"},{"taxonomy":"product_brand","embeddable":true,"href":"https:\/\/cycle.rizoma.com\/fr\/wp-json\/wp\/v2\/product_brand?post=315733"},{"taxonomy":"product_cat","embeddable":true,"href":"https:\/\/cycle.rizoma.com\/fr\/wp-json\/wp\/v2\/product_cat?post=315733"},{"taxonomy":"product_tag","embeddable":true,"href":"https:\/\/cycle.rizoma.com\/fr\/wp-json\/wp\/v2\/product_tag?post=315733"}],"curies":[{"name":"wp","href":"https:\/\/api.w.org\/{rel}","templated":true}]}}