{"id":315788,"date":"2024-11-21T16:49:28","date_gmt":"2024-11-21T15:49:28","guid":{"rendered":"https:\/\/rwp.rizoma.com\/negozio\/kit-de-montage-pour-clignotants-fr415\/"},"modified":"2026-02-04T17:24:07","modified_gmt":"2026-02-04T16:24:07","slug":"kit-de-montage-pour-clignotants-fr415","status":"publish","type":"product","link":"https:\/\/cycle.rizoma.com\/fr\/negozio\/clignotants\/FR415\/kit-de-montage-pour-clignotants-fr415\/","title":{"rendered":"Kit de montage pour clignotants"},"content":{"rendered":"<p>Chaque adaptateur est r\u00e9alis\u00e9 sp\u00e9cifiquement pour le mod\u00e8le de moto correspondant, afin de garantir une fixation optimale. Ces adaptateurs sont r\u00e9alis\u00e9s en PVC.<\/p>\n","protected":false},"excerpt":{"rendered":"<p>Chaque adaptateur est r\u00e9alis\u00e9 sp\u00e9cifiquement pour le mod\u00e8le de moto correspondant, afin de garantir une fixation optimale. Ces adaptateurs sont r\u00e9alis\u00e9s en PVC.<\/p>\n","protected":false},"featured_media":295727,"template":"","meta":{"_acf_changed":false},"rizoma_assembly_time":[42675],"rizoma_bike":[41760,41787,41759,41984,42367,42515,42613,42048,42126,42572,43689,42117,42129,42629,41985,42130,42368,42644,43688,41922,41791,42142,42209,42595,42614,42170,42254,42255,43972,41982,42596,43973,42597,42615,43974,42042,41773,42020,41528,42051,41784,41846,42001,43993,41869,44399,44400,41909,42037,42237,42340,42502,43687,42464,42210,42256,42369,44370,44458,44460,44459,42581,44371,42582,41800,41803,42038,42171,42238,42317,42500,43745,42465,42172,42318,42503,43746,42344,42173,42319,42343,43916,42174,42320,42083,42366,42504,42478,42104,42257,42258,42370,42505,42501,42443,43747,42583,43917],"rizoma_division":[42651],"rizoma_family":[42709],"rizoma_model_category":[],"rizoma_product_template":[],"product_brand":[],"product_cat":[42714],"product_tag":[],"class_list":{"0":"post-315788","1":"product","2":"type-product","3":"status-publish","4":"has-post-thumbnail","6":"rizoma_bike-er-6f-2012-13","7":"rizoma_bike-er-6f-abs-2012-16","8":"rizoma_bike-er-6n-abs-2012-16","9":"rizoma_bike-ninja-1000-zx-10r-2017-18","10":"rizoma_bike-ninja-1000-zx-10r-2021-22","11":"rizoma_bike-ninja-1000-zx-10r-2021-25","12":"rizoma_bike-ninja-1000-zx-10r-40th-anniversary-edition-2024","13":"rizoma_bike-ninja-1000-zx-10r-krt-replica-2017-18","14":"rizoma_bike-ninja-1000-zx-10r-krt-replica-2019-20","15":"rizoma_bike-ninja-1000-zx-10r-performance-2021-24","16":"rizoma_bike-ninja-1000-zx-10r-performance-2025","17":"rizoma_bike-ninja-1000-zx-10r-se-2018","18":"rizoma_bike-ninja-1000-zx-10r-se-2019-20","19":"rizoma_bike-ninja-1000-zx-10rr-winter-test-limited-edition-2024","20":"rizoma_bike-ninja-1000-zx-10rr-2017-18","21":"rizoma_bike-ninja-1000-zx-10rr-2019-20","22":"rizoma_bike-ninja-1000-zx-10rr-2021-23","23":"rizoma_bike-ninja-1000-zx-10rr-2025","24":"rizoma_bike-ninja-1000-zx-10rr-performance-2025","25":"rizoma_bike-ninja-300-abs-2012-16","26":"rizoma_bike-ninja-636-zx-6r-2013","27":"rizoma_bike-ninja-636-zx-6r-2019-20","28":"rizoma_bike-ninja-636-zx-6r-2020","29":"rizoma_bike-ninja-636-zx-6r-2024-26","30":"rizoma_bike-ninja-636-zx-6r-40th-anniversary-edition-2024","31":"rizoma_bike-ninja-636-zx-6r-krt-2019-20","32":"rizoma_bike-ninja-636-zx-6r-krt-performance-2019-20","33":"rizoma_bike-ninja-636-zx-6r-performance-2019-20","34":"rizoma_bike-ninja-636-zx-6r-performance-2025-26","35":"rizoma_bike-ninja-650-2017-19","36":"rizoma_bike-ninja-zx-4r-2024-26","37":"rizoma_bike-ninja-zx-4r-performance-2025-26","38":"rizoma_bike-ninja-zx-4rr-2024-26","39":"rizoma_bike-ninja-zx-4rr-40th-anniversay-edition-2024","40":"rizoma_bike-ninja-zx-4rr-performance-2025-26","41":"rizoma_bike-versys-1000-2017-18","42":"rizoma_bike-versys-1000-abs-2011-14","43":"rizoma_bike-versys-x-300-2017-20","44":"rizoma_bike-z-1000-2010-13","45":"rizoma_bike-z-1000-2017-20","46":"rizoma_bike-z-1000-abs-2010-13","47":"rizoma_bike-z-1000-abs-2014-16","48":"rizoma_bike-z-1000-r-2017-20","49":"rizoma_bike-z-1000-sx-abs-2011-13","50":"rizoma_bike-z-1000-sx-abs-2014-16","51":"rizoma_bike-z-1100-2026","52":"rizoma_bike-z-1100-se-2026","53":"rizoma_bike-z-300-abs-2015-16","54":"rizoma_bike-z-650-2017-19","55":"rizoma_bike-z-650-2020","56":"rizoma_bike-z-650-2021-22","57":"rizoma_bike-z-650-2023-24","58":"rizoma_bike-z-650-2025-26","59":"rizoma_bike-z-650-50th-anniversary-2022-23","60":"rizoma_bike-z-650-performance-2019-20","61":"rizoma_bike-z-650-performance-2020","62":"rizoma_bike-z-650-performance-2021-24","63":"rizoma_bike-z-650-performance-arrow-2025-26","64":"rizoma_bike-z-650-rs-2022-24","65":"rizoma_bike-z-650-rs-2025-26","66":"rizoma_bike-z-650-rs-50th-anniversary-2022","67":"rizoma_bike-z-650-sport-2021-24","68":"rizoma_bike-z-650-sport-2025-26","69":"rizoma_bike-z-650-urban-2021-24","70":"rizoma_bike-z-800-2012-13","71":"rizoma_bike-z-800-abs-2012-16","72":"rizoma_bike-z-900-2017-18","73":"rizoma_bike-z-900-2019","74":"rizoma_bike-z-900-2020-22","75":"rizoma_bike-z-900-2020","76":"rizoma_bike-z-900-2023-24","77":"rizoma_bike-z-900-2025-26","78":"rizoma_bike-z-900-50th-anniversary-2022-23","79":"rizoma_bike-z-900-a2-2019","80":"rizoma_bike-z-900-a2-2020","81":"rizoma_bike-z-900-a2-2021-24","82":"rizoma_bike-z-900-a2-2025-26","83":"rizoma_bike-z-900-a2-performance-2021-24","84":"rizoma_bike-z-900-performance-2019","85":"rizoma_bike-z-900-performance-2020","86":"rizoma_bike-z-900-performance-2021-24","87":"rizoma_bike-z-900-performance-2025-26","88":"rizoma_bike-z-900-performance-a2-2019","89":"rizoma_bike-z-900-performance-a2-2020","90":"rizoma_bike-z-900-rs-2018-20","91":"rizoma_bike-z-900-rs-2021","92":"rizoma_bike-z-900-rs-2022-25","93":"rizoma_bike-z-900-rs-50th-anniversary-2022","94":"rizoma_bike-z-900-rs-cafe-2018-21","95":"rizoma_bike-z-900-rs-cafe-performance-2020-21","96":"rizoma_bike-z-900-rs-performance-2020","97":"rizoma_bike-z-900-rs-performance-2021-22","98":"rizoma_bike-z-900-rs-se-2022-25","99":"rizoma_bike-z-900-se-2022-24","100":"rizoma_bike-z-900-se-2022","101":"rizoma_bike-z-900-se-2025-26","102":"rizoma_bike-z-900-se-performance-2023-24","103":"rizoma_bike-z-900-se-performance-2025-26","104":"product_cat-clignotants","106":"first","107":"instock","108":"taxable","109":"shipping-taxable","110":"purchasable","111":"product-type-variable"},"acf":[],"_links":{"self":[{"href":"https:\/\/cycle.rizoma.com\/fr\/wp-json\/wp\/v2\/product\/315788","targetHints":{"allow":["GET"]}}],"collection":[{"href":"https:\/\/cycle.rizoma.com\/fr\/wp-json\/wp\/v2\/product"}],"about":[{"href":"https:\/\/cycle.rizoma.com\/fr\/wp-json\/wp\/v2\/types\/product"}],"wp:featuredmedia":[{"embeddable":true,"href":"https:\/\/cycle.rizoma.com\/fr\/wp-json\/wp\/v2\/media\/295727"}],"wp:attachment":[{"href":"https:\/\/cycle.rizoma.com\/fr\/wp-json\/wp\/v2\/media?parent=315788"}],"wp:term":[{"taxonomy":"rizoma_assembly_time","embeddable":true,"href":"https:\/\/cycle.rizoma.com\/fr\/wp-json\/wp\/v2\/rizoma_assembly_time?post=315788"},{"taxonomy":"rizoma_bike","embeddable":true,"href":"https:\/\/cycle.rizoma.com\/fr\/wp-json\/wp\/v2\/rizoma_bike?post=315788"},{"taxonomy":"rizoma_division","embeddable":true,"href":"https:\/\/cycle.rizoma.com\/fr\/wp-json\/wp\/v2\/rizoma_division?post=315788"},{"taxonomy":"rizoma_family","embeddable":true,"href":"https:\/\/cycle.rizoma.com\/fr\/wp-json\/wp\/v2\/rizoma_family?post=315788"},{"taxonomy":"rizoma_model_category","embeddable":true,"href":"https:\/\/cycle.rizoma.com\/fr\/wp-json\/wp\/v2\/rizoma_model_category?post=315788"},{"taxonomy":"rizoma_product_template","embeddable":true,"href":"https:\/\/cycle.rizoma.com\/fr\/wp-json\/wp\/v2\/rizoma_product_template?post=315788"},{"taxonomy":"product_brand","embeddable":true,"href":"https:\/\/cycle.rizoma.com\/fr\/wp-json\/wp\/v2\/product_brand?post=315788"},{"taxonomy":"product_cat","embeddable":true,"href":"https:\/\/cycle.rizoma.com\/fr\/wp-json\/wp\/v2\/product_cat?post=315788"},{"taxonomy":"product_tag","embeddable":true,"href":"https:\/\/cycle.rizoma.com\/fr\/wp-json\/wp\/v2\/product_tag?post=315788"}],"curies":[{"name":"wp","href":"https:\/\/api.w.org\/{rel}","templated":true}]}}