{"id":315863,"date":"2024-11-21T16:51:08","date_gmt":"2024-11-21T15:51:08","guid":{"rendered":"https:\/\/rwp.rizoma.com\/negozio\/legend-25-4-pour-triumph-gr235\/"},"modified":"2025-05-29T04:08:59","modified_gmt":"2025-05-29T02:08:59","slug":"legend-25-4-pour-triumph-gr235","status":"publish","type":"product","link":"https:\/\/cycle.rizoma.com\/fr\/negozio\/kit-pour-guidons\/GR235\/legend-25-4-pour-triumph-gr235\/","title":{"rendered":"Legend 25.4 (pour Triumph)"},"content":{"rendered":"<p>Enti\u00e8rement taill\u00e9e dans la masse d\u2019aluminium, la poign\u00e9e Legend (\u00d8 25.4 mm) exprime bien son caract\u00e8re classique actualis\u00e9 par des lignes simples et sinueuses. Le caoutchouc sp\u00e9cial garantit adh\u00e9rence et confort.<\/p>\n","protected":false},"excerpt":{"rendered":"<p>Enti\u00e8rement taill\u00e9e dans la masse d\u2019aluminium, la poign\u00e9e Legend (\u00d8 25.4 mm) exprime bien son caract\u00e8re classique actualis\u00e9 par des lignes simples et sinueuses. Le caoutchouc sp\u00e9cial garantit adh\u00e9rence et confort.<\/p>\n","protected":false},"featured_media":293957,"template":"","meta":{"_acf_changed":false},"rizoma_assembly_time":[42742],"rizoma_bike":[41569,41575,41886],"rizoma_division":[42651],"rizoma_family":[42980],"rizoma_model_category":[],"rizoma_product_template":[],"product_brand":[],"product_cat":[42661],"product_tag":[],"class_list":{"0":"post-315863","1":"product","2":"type-product","3":"status-publish","4":"has-post-thumbnail","6":"rizoma_bike-bonneville-t100-2008-16","7":"rizoma_bike-thruxton-900-2004-15","8":"rizoma_bike-thruxton-900-ace-2014-15","9":"product_cat-kit-pour-guidons","11":"first","12":"instock","13":"sale","14":"taxable","15":"shipping-taxable","16":"purchasable","17":"product-type-variable"},"acf":[],"_links":{"self":[{"href":"https:\/\/cycle.rizoma.com\/fr\/wp-json\/wp\/v2\/product\/315863","targetHints":{"allow":["GET"]}}],"collection":[{"href":"https:\/\/cycle.rizoma.com\/fr\/wp-json\/wp\/v2\/product"}],"about":[{"href":"https:\/\/cycle.rizoma.com\/fr\/wp-json\/wp\/v2\/types\/product"}],"wp:featuredmedia":[{"embeddable":true,"href":"https:\/\/cycle.rizoma.com\/fr\/wp-json\/wp\/v2\/media\/293957"}],"wp:attachment":[{"href":"https:\/\/cycle.rizoma.com\/fr\/wp-json\/wp\/v2\/media?parent=315863"}],"wp:term":[{"taxonomy":"rizoma_assembly_time","embeddable":true,"href":"https:\/\/cycle.rizoma.com\/fr\/wp-json\/wp\/v2\/rizoma_assembly_time?post=315863"},{"taxonomy":"rizoma_bike","embeddable":true,"href":"https:\/\/cycle.rizoma.com\/fr\/wp-json\/wp\/v2\/rizoma_bike?post=315863"},{"taxonomy":"rizoma_division","embeddable":true,"href":"https:\/\/cycle.rizoma.com\/fr\/wp-json\/wp\/v2\/rizoma_division?post=315863"},{"taxonomy":"rizoma_family","embeddable":true,"href":"https:\/\/cycle.rizoma.com\/fr\/wp-json\/wp\/v2\/rizoma_family?post=315863"},{"taxonomy":"rizoma_model_category","embeddable":true,"href":"https:\/\/cycle.rizoma.com\/fr\/wp-json\/wp\/v2\/rizoma_model_category?post=315863"},{"taxonomy":"rizoma_product_template","embeddable":true,"href":"https:\/\/cycle.rizoma.com\/fr\/wp-json\/wp\/v2\/rizoma_product_template?post=315863"},{"taxonomy":"product_brand","embeddable":true,"href":"https:\/\/cycle.rizoma.com\/fr\/wp-json\/wp\/v2\/product_brand?post=315863"},{"taxonomy":"product_cat","embeddable":true,"href":"https:\/\/cycle.rizoma.com\/fr\/wp-json\/wp\/v2\/product_cat?post=315863"},{"taxonomy":"product_tag","embeddable":true,"href":"https:\/\/cycle.rizoma.com\/fr\/wp-json\/wp\/v2\/product_tag?post=315863"}],"curies":[{"name":"wp","href":"https:\/\/api.w.org\/{rel}","templated":true}]}}