{"id":315913,"date":"2024-11-21T16:52:13","date_gmt":"2024-11-21T15:52:13","guid":{"rendered":"https:\/\/rwp.rizoma.com\/negozio\/kit-de-montage-excentrique-pour-repose-pieds-rizoma-pe664\/"},"modified":"2025-01-14T11:53:31","modified_gmt":"2025-01-14T10:53:31","slug":"kit-de-montage-excentrique-pour-repose-pieds-rizoma-pe664","status":"publish","type":"product","link":"https:\/\/cycle.rizoma.com\/fr\/negozio\/repose-pieds\/PE664\/kit-de-montage-excentrique-pour-repose-pieds-rizoma-pe664\/","title":{"rendered":"Kit de montage excentrique pour repose-pieds Rizoma"},"content":{"rendered":"<p>Tous les adaptateurs de repose-pieds sont taill\u00e9s dans la masse d\u2019aluminium et sp\u00e9cifiquement con\u00e7us pour les diff\u00e9rents mod\u00e8les de moto, ce qui garantit une compatibilit\u00e9 parfaite et une solution de fixation optimale. Les adaptateurs Rizoma permettent de monter les repose-pieds Rizoma sur les repose-pieds OEM. L\u2019adaptateur excentrique permet \u00e9galement de r\u00e9gler la position du repose-pied par rapport au repose-pied fixe OEM et de b\u00e9n\u00e9ficier du meilleur confort de conduite. Adaptateurs certifi\u00e9s T\u00dcV.<\/p>\n","protected":false},"excerpt":{"rendered":"<p>Tous les adaptateurs de repose-pieds sont taill\u00e9s dans la masse d\u2019aluminium et sp\u00e9cifiquement con\u00e7us pour les diff\u00e9rents mod\u00e8les de moto, ce qui garantit une compatibilit\u00e9 parfaite et une solution de fixation optimale. Les adaptateurs Rizoma permettent de monter les repose-pieds Rizoma sur les repose-pieds OEM. L\u2019adaptateur excentrique permet \u00e9galement de r\u00e9gler la position du repose-pied [&hellip;]<\/p>\n","protected":false},"featured_media":328963,"template":"","meta":{"_acf_changed":false},"rizoma_assembly_time":[42664],"rizoma_bike":[43702,43703,41780,42145,41516,42348,42099,42165,42315,43869,43870,42534,43697,42228,42483,43719,42229,42540,43720,42550,42373,43721,43718,42166,42316,42630,42645,41984,42367,42515,42613,42048,42126,42572,43689,42117,42129,42629,41985,42130,42368,42644,43688,42596,43973,42597,42615,43974],"rizoma_division":[42651],"rizoma_family":[44315],"rizoma_model_category":[],"rizoma_product_template":[],"product_brand":[],"product_cat":[42750],"product_tag":[],"class_list":{"0":"post-315913","1":"product","2":"type-product","3":"status-publish","4":"has-post-thumbnail","6":"rizoma_bike-cb-1000-hornet-2025-26","7":"rizoma_bike-cb-1000-hornet-sp-2025-26","8":"rizoma_bike-cb-1000-r-2011-14","9":"rizoma_bike-cb-1000-r-neo-sport-cafe-2019-20","10":"rizoma_bike-cb-1000-r-abs-2011-17","11":"rizoma_bike-cb-1000-r-black-edition-2021-22","12":"rizoma_bike-cb-1000-r-neo-sport-cafe-2018-20","13":"rizoma_bike-cb-650-r-2019-20","14":"rizoma_bike-cb-650-r-2021-23","15":"rizoma_bike-cb-650-r-2024-25","16":"rizoma_bike-cb-650-r-e-clutch-2024-26","17":"rizoma_bike-cb-750-hornet-2023-24","18":"rizoma_bike-cb-750-hornet-2025","19":"rizoma_bike-cbr-1000-rr-r-fireblade-2020-21","20":"rizoma_bike-cbr-1000-rr-r-fireblade-2022-23","21":"rizoma_bike-cbr-1000-rr-r-fireblade-2024-26","22":"rizoma_bike-cbr-1000-rr-r-fireblade-sp-2020-21","23":"rizoma_bike-cbr-1000-rr-r-fireblade-sp-2022-23","24":"rizoma_bike-cbr-1000-rr-r-fireblade-sp-2024-26","25":"rizoma_bike-cbr-1000-rr-r-fireblade-sp-30th-anniversary-2022-23","26":"rizoma_bike-cbr-1000-rr-r-fireblade-sp-carbon-2021","27":"rizoma_bike-cbr-1000-rr-r-fireblade-sp-carbon-edition-2024-26","28":"rizoma_bike-cbr-600-rr-2024-26","29":"rizoma_bike-cbr-650-r-2019-20","30":"rizoma_bike-cbr-650-r-2021-23","31":"rizoma_bike-cbr-650-r-2024-26","32":"rizoma_bike-cbr-650-r-e-clutch-2024-26","33":"rizoma_bike-ninja-1000-zx-10r-2017-18","34":"rizoma_bike-ninja-1000-zx-10r-2021-22","35":"rizoma_bike-ninja-1000-zx-10r-2021-25","36":"rizoma_bike-ninja-1000-zx-10r-40th-anniversary-edition-2024","37":"rizoma_bike-ninja-1000-zx-10r-krt-replica-2017-18","38":"rizoma_bike-ninja-1000-zx-10r-krt-replica-2019-20","39":"rizoma_bike-ninja-1000-zx-10r-performance-2021-24","40":"rizoma_bike-ninja-1000-zx-10r-performance-2025","41":"rizoma_bike-ninja-1000-zx-10r-se-2018","42":"rizoma_bike-ninja-1000-zx-10r-se-2019-20","43":"rizoma_bike-ninja-1000-zx-10rr-winter-test-limited-edition-2024","44":"rizoma_bike-ninja-1000-zx-10rr-2017-18","45":"rizoma_bike-ninja-1000-zx-10rr-2019-20","46":"rizoma_bike-ninja-1000-zx-10rr-2021-23","47":"rizoma_bike-ninja-1000-zx-10rr-2025","48":"rizoma_bike-ninja-1000-zx-10rr-performance-2025","49":"rizoma_bike-ninja-zx-4r-2024-26","50":"rizoma_bike-ninja-zx-4r-performance-2025-26","51":"rizoma_bike-ninja-zx-4rr-2024-26","52":"rizoma_bike-ninja-zx-4rr-40th-anniversay-edition-2024","53":"rizoma_bike-ninja-zx-4rr-performance-2025-26","54":"product_cat-repose-pieds","56":"first","57":"instock","58":"taxable","59":"shipping-taxable","60":"purchasable","61":"product-type-variable"},"acf":[],"_links":{"self":[{"href":"https:\/\/cycle.rizoma.com\/fr\/wp-json\/wp\/v2\/product\/315913","targetHints":{"allow":["GET"]}}],"collection":[{"href":"https:\/\/cycle.rizoma.com\/fr\/wp-json\/wp\/v2\/product"}],"about":[{"href":"https:\/\/cycle.rizoma.com\/fr\/wp-json\/wp\/v2\/types\/product"}],"wp:featuredmedia":[{"embeddable":true,"href":"https:\/\/cycle.rizoma.com\/fr\/wp-json\/wp\/v2\/media\/328963"}],"wp:attachment":[{"href":"https:\/\/cycle.rizoma.com\/fr\/wp-json\/wp\/v2\/media?parent=315913"}],"wp:term":[{"taxonomy":"rizoma_assembly_time","embeddable":true,"href":"https:\/\/cycle.rizoma.com\/fr\/wp-json\/wp\/v2\/rizoma_assembly_time?post=315913"},{"taxonomy":"rizoma_bike","embeddable":true,"href":"https:\/\/cycle.rizoma.com\/fr\/wp-json\/wp\/v2\/rizoma_bike?post=315913"},{"taxonomy":"rizoma_division","embeddable":true,"href":"https:\/\/cycle.rizoma.com\/fr\/wp-json\/wp\/v2\/rizoma_division?post=315913"},{"taxonomy":"rizoma_family","embeddable":true,"href":"https:\/\/cycle.rizoma.com\/fr\/wp-json\/wp\/v2\/rizoma_family?post=315913"},{"taxonomy":"rizoma_model_category","embeddable":true,"href":"https:\/\/cycle.rizoma.com\/fr\/wp-json\/wp\/v2\/rizoma_model_category?post=315913"},{"taxonomy":"rizoma_product_template","embeddable":true,"href":"https:\/\/cycle.rizoma.com\/fr\/wp-json\/wp\/v2\/rizoma_product_template?post=315913"},{"taxonomy":"product_brand","embeddable":true,"href":"https:\/\/cycle.rizoma.com\/fr\/wp-json\/wp\/v2\/product_brand?post=315913"},{"taxonomy":"product_cat","embeddable":true,"href":"https:\/\/cycle.rizoma.com\/fr\/wp-json\/wp\/v2\/product_cat?post=315913"},{"taxonomy":"product_tag","embeddable":true,"href":"https:\/\/cycle.rizoma.com\/fr\/wp-json\/wp\/v2\/product_tag?post=315913"}],"curies":[{"name":"wp","href":"https:\/\/api.w.org\/{rel}","templated":true}]}}