{"id":316518,"date":"2024-11-21T17:05:46","date_gmt":"2024-11-21T16:05:46","guid":{"rendered":"https:\/\/rwp.rizoma.com\/negozio\/bouchon-de-reservoir-de-fluide-tp042\/"},"modified":"2025-12-18T00:38:52","modified_gmt":"2025-12-17T23:38:52","slug":"bouchon-de-reservoir-de-fluide-tp042","status":"publish","type":"product","link":"https:\/\/cycle.rizoma.com\/fr\/negozio\/reservoirs-fluide\/TP042\/bouchon-de-reservoir-de-fluide-tp042\/motorbike\/6002\/honda\/cb-1000-r\/","title":{"rendered":"Bouchon de r\u00e9servoir de fluide"},"content":{"rendered":"<p>Les bouchons de r\u00e9servoir de fluide Rizoma, taill\u00e9s dans la masse d\u2019aluminium, sont disponibles en diff\u00e9rentes couleurs gr\u00e2ce \u00e0 la finition obtenue par un traitement de surface par anodisation qui garantit \u00e9galement un r\u00e9sultat esth\u00e9tique plus durable. Le design \u00e9pur\u00e9, soign\u00e9 dans les moindres d\u00e9tails, s\u2019adapte parfaitement \u00e0 tous les styles, du plus sportif aux plus classiques.<\/p>\n","protected":false},"excerpt":{"rendered":"<p>Les bouchons de r\u00e9servoir de fluide Rizoma, taill\u00e9s dans la masse d\u2019aluminium, sont disponibles en diff\u00e9rentes couleurs gr\u00e2ce \u00e0 la finition obtenue par un traitement de surface par anodisation qui garantit \u00e9galement un r\u00e9sultat esth\u00e9tique plus durable. Le design \u00e9pur\u00e9, soign\u00e9 dans les moindres d\u00e9tails, s\u2019adapte parfaitement \u00e0 tous les styles, du plus sportif aux [&hellip;]<\/p>\n","protected":false},"featured_media":296172,"template":"","meta":{"_acf_changed":false},"rizoma_assembly_time":[42753],"rizoma_bike":[42138,42239,42371,41837,42021,41939],"rizoma_division":[42651],"rizoma_family":[42817],"rizoma_model_category":[],"rizoma_product_template":[],"product_brand":[],"product_cat":[42688],"product_tag":[],"class_list":{"0":"post-316518","1":"product","2":"type-product","3":"status-publish","4":"has-post-thumbnail","6":"rizoma_bike-1290-super-duke-r-2019","7":"rizoma_bike-1290-super-duke-r-2020","8":"rizoma_bike-1290-super-duke-r-2021","9":"rizoma_bike-1290-super-duke-r-abs-2014-16","10":"rizoma_bike-1290-super-duke-r-abs-2017-18","11":"rizoma_bike-1290-super-duke-r-se-abs-2016","12":"product_cat-reservoirs-fluide","14":"first","15":"instock","16":"sale","17":"taxable","18":"shipping-taxable","19":"purchasable","20":"product-type-variable"},"acf":[],"_links":{"self":[{"href":"https:\/\/cycle.rizoma.com\/fr\/wp-json\/wp\/v2\/product\/316518","targetHints":{"allow":["GET"]}}],"collection":[{"href":"https:\/\/cycle.rizoma.com\/fr\/wp-json\/wp\/v2\/product"}],"about":[{"href":"https:\/\/cycle.rizoma.com\/fr\/wp-json\/wp\/v2\/types\/product"}],"wp:featuredmedia":[{"embeddable":true,"href":"https:\/\/cycle.rizoma.com\/fr\/wp-json\/wp\/v2\/media\/296172"}],"wp:attachment":[{"href":"https:\/\/cycle.rizoma.com\/fr\/wp-json\/wp\/v2\/media?parent=316518"}],"wp:term":[{"taxonomy":"rizoma_assembly_time","embeddable":true,"href":"https:\/\/cycle.rizoma.com\/fr\/wp-json\/wp\/v2\/rizoma_assembly_time?post=316518"},{"taxonomy":"rizoma_bike","embeddable":true,"href":"https:\/\/cycle.rizoma.com\/fr\/wp-json\/wp\/v2\/rizoma_bike?post=316518"},{"taxonomy":"rizoma_division","embeddable":true,"href":"https:\/\/cycle.rizoma.com\/fr\/wp-json\/wp\/v2\/rizoma_division?post=316518"},{"taxonomy":"rizoma_family","embeddable":true,"href":"https:\/\/cycle.rizoma.com\/fr\/wp-json\/wp\/v2\/rizoma_family?post=316518"},{"taxonomy":"rizoma_model_category","embeddable":true,"href":"https:\/\/cycle.rizoma.com\/fr\/wp-json\/wp\/v2\/rizoma_model_category?post=316518"},{"taxonomy":"rizoma_product_template","embeddable":true,"href":"https:\/\/cycle.rizoma.com\/fr\/wp-json\/wp\/v2\/rizoma_product_template?post=316518"},{"taxonomy":"product_brand","embeddable":true,"href":"https:\/\/cycle.rizoma.com\/fr\/wp-json\/wp\/v2\/product_brand?post=316518"},{"taxonomy":"product_cat","embeddable":true,"href":"https:\/\/cycle.rizoma.com\/fr\/wp-json\/wp\/v2\/product_cat?post=316518"},{"taxonomy":"product_tag","embeddable":true,"href":"https:\/\/cycle.rizoma.com\/fr\/wp-json\/wp\/v2\/product_tag?post=316518"}],"curies":[{"name":"wp","href":"https:\/\/api.w.org\/{rel}","templated":true}]}}