{"id":316528,"date":"2024-11-21T17:05:59","date_gmt":"2024-11-21T16:05:59","guid":{"rendered":"https:\/\/rwp.rizoma.com\/negozio\/bouchon-dhuile-moteur-avec-jauge-de-niveau-tp100\/"},"modified":"2025-12-21T15:44:20","modified_gmt":"2025-12-21T14:44:20","slug":"bouchon-dhuile-moteur-avec-jauge-de-niveau-tp100","status":"publish","type":"product","link":"https:\/\/cycle.rizoma.com\/fr\/negozio\/bouchons-dhuile-moteur\/TP100\/bouchon-dhuile-moteur-avec-jauge-de-niveau-tp100\/","title":{"rendered":"Bouchon d&#8217;huile moteur (avec jauge de niveau)"},"content":{"rendered":"<p>Alliance de technique et de style pour ceux qui souhaitent enrichir leur moto de d\u00e9tails haut de gamme sans renoncer \u00e0 la fonctionnalit\u00e9.<br \/>Le bouchon d\u2019huile de Rizoma, issu du monde de la comp\u00e9tition, est dot\u00e9 d\u2019une fermeture de s\u00e9curit\u00e9 pour un serrage optimal, d\u2019un syst\u00e8me d\u2019ouverture rapide et d\u2019une jauge de niveau. Enti\u00e8rement taill\u00e9 dans la masse d\u2019aluminium, il est soumis \u00e0 un traitement de surface par anodisation qui garantit \u00e0 ce produit une qualit\u00e9 durable.<\/p>\n","protected":false},"excerpt":{"rendered":"<p>Alliance de technique et de style pour ceux qui souhaitent enrichir leur moto de d\u00e9tails haut de gamme sans renoncer \u00e0 la fonctionnalit\u00e9.Le bouchon d\u2019huile de Rizoma, issu du monde de la comp\u00e9tition, est dot\u00e9 d\u2019une fermeture de s\u00e9curit\u00e9 pour un serrage optimal, d\u2019un syst\u00e8me d\u2019ouverture rapide et d\u2019une jauge de niveau. Enti\u00e8rement taill\u00e9 dans [&hellip;]<\/p>\n","protected":false},"featured_media":296222,"template":"","meta":{"_acf_changed":false},"rizoma_assembly_time":[42664],"rizoma_bike":[41827,41762,41828,41847,41801,42220,41829,41950,41848,41959,41880,41849,42040,42578,44369,42391,44366,44377,41794,42221,41864,42259,42041,44365,42579,42147,42016,44367],"rizoma_division":[42651],"rizoma_family":[42920],"rizoma_model_category":[],"rizoma_product_template":[],"product_brand":[],"product_cat":[42898],"product_tag":[],"class_list":{"0":"post-316528","1":"product","2":"type-product","3":"status-publish","4":"has-post-thumbnail","6":"rizoma_bike-brutale-1090-rr-abs-2009-19","7":"rizoma_bike-brutale-675-2011-15","8":"rizoma_bike-brutale-675-eas-2011-14","9":"rizoma_bike-brutale-675-eas-abs-2011-16","10":"rizoma_bike-brutale-800-2012-15","11":"rizoma_bike-brutale-800-2020","12":"rizoma_bike-brutale-800-eas-2012-14","13":"rizoma_bike-brutale-800-eas-2015","14":"rizoma_bike-brutale-800-eas-abs-2012-15","15":"rizoma_bike-brutale-800-eas-abs-2016-19","16":"rizoma_bike-brutale-800-rr-2015-16","17":"rizoma_bike-dragster-800-2014-19","18":"rizoma_bike-f3-800-eas-abs-2017-20","19":"rizoma_bike-f3-800-r-2023-26","20":"rizoma_bike-f3-800-rc-2022-25","21":"rizoma_bike-f3-800-rosso-2021-23","22":"rizoma_bike-f3-800-rr-2022-25","23":"rizoma_bike-f3-800-rr-ottantesimo-2025-26","24":"rizoma_bike-rivale-800-eas-2013-15","25":"rizoma_bike-turismo-veloce-800-2020","26":"rizoma_bike-turismo-veloce-800-lusso-2014-16","27":"rizoma_bike-turismo-veloce-800-lusso-2020","28":"rizoma_bike-turismo-veloce-800-lusso-scs-2017-20","29":"rizoma_bike-turismo-veloce-800-lusso-scs-2021-26","30":"rizoma_bike-turismo-veloce-800-r-2023-26","31":"rizoma_bike-turismo-veloce-800-rc-2019","32":"rizoma_bike-turismo-veloce-800-rc-scs-2017-20","33":"rizoma_bike-turismo-veloce-800-rc-scs-2022-26","34":"product_cat-bouchons-dhuile-moteur","36":"first","37":"instock","38":"sale","39":"taxable","40":"shipping-taxable","41":"purchasable","42":"product-type-variable"},"acf":[],"_links":{"self":[{"href":"https:\/\/cycle.rizoma.com\/fr\/wp-json\/wp\/v2\/product\/316528","targetHints":{"allow":["GET"]}}],"collection":[{"href":"https:\/\/cycle.rizoma.com\/fr\/wp-json\/wp\/v2\/product"}],"about":[{"href":"https:\/\/cycle.rizoma.com\/fr\/wp-json\/wp\/v2\/types\/product"}],"wp:featuredmedia":[{"embeddable":true,"href":"https:\/\/cycle.rizoma.com\/fr\/wp-json\/wp\/v2\/media\/296222"}],"wp:attachment":[{"href":"https:\/\/cycle.rizoma.com\/fr\/wp-json\/wp\/v2\/media?parent=316528"}],"wp:term":[{"taxonomy":"rizoma_assembly_time","embeddable":true,"href":"https:\/\/cycle.rizoma.com\/fr\/wp-json\/wp\/v2\/rizoma_assembly_time?post=316528"},{"taxonomy":"rizoma_bike","embeddable":true,"href":"https:\/\/cycle.rizoma.com\/fr\/wp-json\/wp\/v2\/rizoma_bike?post=316528"},{"taxonomy":"rizoma_division","embeddable":true,"href":"https:\/\/cycle.rizoma.com\/fr\/wp-json\/wp\/v2\/rizoma_division?post=316528"},{"taxonomy":"rizoma_family","embeddable":true,"href":"https:\/\/cycle.rizoma.com\/fr\/wp-json\/wp\/v2\/rizoma_family?post=316528"},{"taxonomy":"rizoma_model_category","embeddable":true,"href":"https:\/\/cycle.rizoma.com\/fr\/wp-json\/wp\/v2\/rizoma_model_category?post=316528"},{"taxonomy":"rizoma_product_template","embeddable":true,"href":"https:\/\/cycle.rizoma.com\/fr\/wp-json\/wp\/v2\/rizoma_product_template?post=316528"},{"taxonomy":"product_brand","embeddable":true,"href":"https:\/\/cycle.rizoma.com\/fr\/wp-json\/wp\/v2\/product_brand?post=316528"},{"taxonomy":"product_cat","embeddable":true,"href":"https:\/\/cycle.rizoma.com\/fr\/wp-json\/wp\/v2\/product_cat?post=316528"},{"taxonomy":"product_tag","embeddable":true,"href":"https:\/\/cycle.rizoma.com\/fr\/wp-json\/wp\/v2\/product_tag?post=316528"}],"curies":[{"name":"wp","href":"https:\/\/api.w.org\/{rel}","templated":true}]}}