{"id":316543,"date":"2024-11-21T17:06:19","date_gmt":"2024-11-21T16:06:19","guid":{"rendered":"https:\/\/rwp.rizoma.com\/negozio\/kit-de-montage-pour-saute-vent-zdm131\/"},"modified":"2025-01-14T11:10:27","modified_gmt":"2025-01-14T10:10:27","slug":"kit-de-montage-pour-saute-vent-zdm131","status":"publish","type":"product","link":"https:\/\/cycle.rizoma.com\/fr\/negozio\/saute-vents\/ZDM131\/kit-de-montage-pour-saute-vent-zdm131\/","title":{"rendered":"Kit de montage pour Saute-vent"},"content":{"rendered":"<p>L\u2019adaptateur ZDM131 permet de monter le saute-vent bas Rizoma CF010 sur un guidon conique, associ\u00e9 au kit de pontets AZ203. Chaque adaptateur est r\u00e9alis\u00e9 sp\u00e9cifiquement pour le mod\u00e8le de moto correspondant, afin de garantir une fixation optimale.<\/p>\n","protected":false},"excerpt":{"rendered":"<p>L\u2019adaptateur ZDM131 permet de monter le saute-vent bas Rizoma CF010 sur un guidon conique, associ\u00e9 au kit de pontets AZ203. Chaque adaptateur est r\u00e9alis\u00e9 sp\u00e9cifiquement pour le mod\u00e8le de moto correspondant, afin de garantir une fixation optimale.<\/p>\n","protected":false},"featured_media":294762,"template":"","meta":{"_acf_changed":false},"rizoma_assembly_time":[42742],"rizoma_bike":[41944,41876,42054,42005,42325,42388,41943,41877,42055,41878,42056,42198,42326,42217,42428,42066,42109,41879,42429],"rizoma_division":[42651],"rizoma_family":[42822],"rizoma_model_category":[],"rizoma_product_template":[],"product_brand":[],"product_cat":[42827],"product_tag":[],"class_list":{"0":"post-316543","1":"product","2":"type-product","3":"status-publish","4":"has-post-thumbnail","6":"rizoma_bike-scrambler-400-sixty-2-2016-21","7":"rizoma_bike-scrambler-800-classic-2015-16","8":"rizoma_bike-scrambler-800-classic-2017-18","9":"rizoma_bike-scrambler-800-desert-sled-2017-20","10":"rizoma_bike-scrambler-800-desert-sled-2021-22","11":"rizoma_bike-scrambler-800-desert-sled-fasthouse-2021-22","12":"rizoma_bike-scrambler-800-flat-track-pro-2016-17","13":"rizoma_bike-scrambler-800-full-throttle-2015-16","14":"rizoma_bike-scrambler-800-full-throttle-2017-21","15":"rizoma_bike-scrambler-800-icon-2015-16","16":"rizoma_bike-scrambler-800-icon-2017-20","17":"rizoma_bike-scrambler-800-icon-2019-20","18":"rizoma_bike-scrambler-800-icon-2021-22","19":"rizoma_bike-scrambler-800-icon-dark-2020","20":"rizoma_bike-scrambler-800-icon-dark-2021-22","21":"rizoma_bike-scrambler-800-mach-2-0-2017-19","22":"rizoma_bike-scrambler-800-street-classic-2017-18","23":"rizoma_bike-scrambler-800-urban-enduro-2015-16","24":"rizoma_bike-scrambler-800-urban-motard-2022","25":"product_cat-saute-vents","27":"first","28":"instock","29":"taxable","30":"shipping-taxable","31":"purchasable","32":"product-type-variable"},"acf":[],"_links":{"self":[{"href":"https:\/\/cycle.rizoma.com\/fr\/wp-json\/wp\/v2\/product\/316543","targetHints":{"allow":["GET"]}}],"collection":[{"href":"https:\/\/cycle.rizoma.com\/fr\/wp-json\/wp\/v2\/product"}],"about":[{"href":"https:\/\/cycle.rizoma.com\/fr\/wp-json\/wp\/v2\/types\/product"}],"wp:featuredmedia":[{"embeddable":true,"href":"https:\/\/cycle.rizoma.com\/fr\/wp-json\/wp\/v2\/media\/294762"}],"wp:attachment":[{"href":"https:\/\/cycle.rizoma.com\/fr\/wp-json\/wp\/v2\/media?parent=316543"}],"wp:term":[{"taxonomy":"rizoma_assembly_time","embeddable":true,"href":"https:\/\/cycle.rizoma.com\/fr\/wp-json\/wp\/v2\/rizoma_assembly_time?post=316543"},{"taxonomy":"rizoma_bike","embeddable":true,"href":"https:\/\/cycle.rizoma.com\/fr\/wp-json\/wp\/v2\/rizoma_bike?post=316543"},{"taxonomy":"rizoma_division","embeddable":true,"href":"https:\/\/cycle.rizoma.com\/fr\/wp-json\/wp\/v2\/rizoma_division?post=316543"},{"taxonomy":"rizoma_family","embeddable":true,"href":"https:\/\/cycle.rizoma.com\/fr\/wp-json\/wp\/v2\/rizoma_family?post=316543"},{"taxonomy":"rizoma_model_category","embeddable":true,"href":"https:\/\/cycle.rizoma.com\/fr\/wp-json\/wp\/v2\/rizoma_model_category?post=316543"},{"taxonomy":"rizoma_product_template","embeddable":true,"href":"https:\/\/cycle.rizoma.com\/fr\/wp-json\/wp\/v2\/rizoma_product_template?post=316543"},{"taxonomy":"product_brand","embeddable":true,"href":"https:\/\/cycle.rizoma.com\/fr\/wp-json\/wp\/v2\/product_brand?post=316543"},{"taxonomy":"product_cat","embeddable":true,"href":"https:\/\/cycle.rizoma.com\/fr\/wp-json\/wp\/v2\/product_cat?post=316543"},{"taxonomy":"product_tag","embeddable":true,"href":"https:\/\/cycle.rizoma.com\/fr\/wp-json\/wp\/v2\/product_tag?post=316543"}],"curies":[{"name":"wp","href":"https:\/\/api.w.org\/{rel}","templated":true}]}}