{"id":316548,"date":"2024-11-21T17:06:26","date_gmt":"2024-11-21T16:06:26","guid":{"rendered":"https:\/\/rwp.rizoma.com\/negozio\/cache-ecrous-axe-de-roue-arriere-zhd086\/"},"modified":"2025-12-18T00:37:21","modified_gmt":"2025-12-17T23:37:21","slug":"cache-ecrous-axe-de-roue-arriere-zhd086","status":"publish","type":"product","link":"https:\/\/cycle.rizoma.com\/fr\/negozio\/plus-pour-votre-harley-davidson\/ZHD086\/cache-ecrous-axe-de-roue-arriere-zhd086\/motorbike\/6002\/honda\/cb-1000-r\/","title":{"rendered":"Cache-\u00e9crous axe de roue arri\u00e8re"},"content":{"rendered":"<p>Le kit cache-\u00e9crous pour axe de roue avant est compos\u00e9 de deux \u00e9l\u00e9ments, droit et gauche. R\u00e9alis\u00e9 en aluminium, finement anodis\u00e9 et poli. Ils compl\u00e8tent la gamme d\u2019accessoires pour votre Softail. Le ZHD086BS est compatible uniquement avec le kit support d\u2019immatriculation Rizoma \u00ab\u00a0Outside\u00a0\u00bb.<\/p>\n","protected":false},"excerpt":{"rendered":"<p>Le kit cache-\u00e9crous pour axe de roue avant est compos\u00e9 de deux \u00e9l\u00e9ments, droit et gauche. R\u00e9alis\u00e9 en aluminium, finement anodis\u00e9 et poli. Ils compl\u00e8tent la gamme d\u2019accessoires pour votre Softail. Le ZHD086BS est compatible uniquement avec le kit support d\u2019immatriculation Rizoma \u00ab\u00a0Outside\u00a0\u00bb.<\/p>\n","protected":false},"featured_media":294847,"template":"","meta":{"_acf_changed":false},"rizoma_assembly_time":[42753],"rizoma_bike":[43785,43816],"rizoma_division":[42651],"rizoma_family":[],"rizoma_model_category":[],"rizoma_product_template":[],"product_brand":[],"product_cat":[42786],"product_tag":[],"class_list":{"0":"post-316548","1":"product","2":"type-product","3":"status-publish","4":"has-post-thumbnail","6":"rizoma_bike-1200-forty-eight-2016-20","7":"rizoma_bike-softail-slim-2011-17-fls","8":"product_cat-plus-pour-votre-harley-davidson","10":"first","11":"instock","12":"sale","13":"taxable","14":"shipping-taxable","15":"purchasable","16":"product-type-variable"},"acf":[],"_links":{"self":[{"href":"https:\/\/cycle.rizoma.com\/fr\/wp-json\/wp\/v2\/product\/316548","targetHints":{"allow":["GET"]}}],"collection":[{"href":"https:\/\/cycle.rizoma.com\/fr\/wp-json\/wp\/v2\/product"}],"about":[{"href":"https:\/\/cycle.rizoma.com\/fr\/wp-json\/wp\/v2\/types\/product"}],"wp:featuredmedia":[{"embeddable":true,"href":"https:\/\/cycle.rizoma.com\/fr\/wp-json\/wp\/v2\/media\/294847"}],"wp:attachment":[{"href":"https:\/\/cycle.rizoma.com\/fr\/wp-json\/wp\/v2\/media?parent=316548"}],"wp:term":[{"taxonomy":"rizoma_assembly_time","embeddable":true,"href":"https:\/\/cycle.rizoma.com\/fr\/wp-json\/wp\/v2\/rizoma_assembly_time?post=316548"},{"taxonomy":"rizoma_bike","embeddable":true,"href":"https:\/\/cycle.rizoma.com\/fr\/wp-json\/wp\/v2\/rizoma_bike?post=316548"},{"taxonomy":"rizoma_division","embeddable":true,"href":"https:\/\/cycle.rizoma.com\/fr\/wp-json\/wp\/v2\/rizoma_division?post=316548"},{"taxonomy":"rizoma_family","embeddable":true,"href":"https:\/\/cycle.rizoma.com\/fr\/wp-json\/wp\/v2\/rizoma_family?post=316548"},{"taxonomy":"rizoma_model_category","embeddable":true,"href":"https:\/\/cycle.rizoma.com\/fr\/wp-json\/wp\/v2\/rizoma_model_category?post=316548"},{"taxonomy":"rizoma_product_template","embeddable":true,"href":"https:\/\/cycle.rizoma.com\/fr\/wp-json\/wp\/v2\/rizoma_product_template?post=316548"},{"taxonomy":"product_brand","embeddable":true,"href":"https:\/\/cycle.rizoma.com\/fr\/wp-json\/wp\/v2\/product_brand?post=316548"},{"taxonomy":"product_cat","embeddable":true,"href":"https:\/\/cycle.rizoma.com\/fr\/wp-json\/wp\/v2\/product_cat?post=316548"},{"taxonomy":"product_tag","embeddable":true,"href":"https:\/\/cycle.rizoma.com\/fr\/wp-json\/wp\/v2\/product_tag?post=316548"}],"curies":[{"name":"wp","href":"https:\/\/api.w.org\/{rel}","templated":true}]}}