{"id":316678,"date":"2024-11-21T17:09:20","date_gmt":"2024-11-21T16:09:20","guid":{"rendered":"https:\/\/rwp.rizoma.com\/negozio\/levier-de-frein-3d-pour-montage-dun-reglage-deporte-lbk500\/"},"modified":"2026-04-09T07:35:16","modified_gmt":"2026-04-09T05:35:16","slug":"levier-de-frein-3d-pour-montage-dun-reglage-deporte-lbk500","status":"publish","type":"product","link":"https:\/\/cycle.rizoma.com\/fr\/negozio\/leviers-de-frein-embrayage\/LBK500\/levier-de-frein-3d-pour-montage-dun-reglage-deporte-lbk500\/","title":{"rendered":"Levier de frein 3D pour montage d&#8217;un r\u00e9glage d\u00e9port\u00e9"},"content":{"rendered":"<p>ATTENTION: R\u00e9glage D\u00e9port\u00e9 non inclus<\/p>\n","protected":false},"excerpt":{"rendered":"<p>ATTENTION: R\u00e9glage D\u00e9port\u00e9 non inclus<\/p>\n","protected":false},"featured_media":294117,"template":"","meta":{"_acf_changed":false},"rizoma_assembly_time":[42675],"rizoma_bike":[42138,42239,42371,42136,42137,42059,42131,41990,42132],"rizoma_division":[42651],"rizoma_family":[42883],"rizoma_model_category":[],"rizoma_product_template":[],"product_brand":[],"product_cat":[42807],"product_tag":[],"class_list":{"0":"post-316678","1":"product","2":"type-product","3":"status-publish","4":"has-post-thumbnail","6":"rizoma_bike-1290-super-duke-r-2019","7":"rizoma_bike-1290-super-duke-r-2020","8":"rizoma_bike-1290-super-duke-r-2021","9":"rizoma_bike-ftr-1200-2019-20","10":"rizoma_bike-ftr-1200-s-2019-20","11":"rizoma_bike-tuono-v4-factory-2017-18","12":"rizoma_bike-tuono-v4-factory-2019-20","13":"rizoma_bike-tuono-v4-rr-2017-18","14":"rizoma_bike-tuono-v4-rr-2019-20","15":"product_cat-leviers-de-frein-embrayage","17":"first","18":"instock","19":"taxable","20":"shipping-taxable","21":"purchasable","22":"product-type-variable"},"acf":[],"_links":{"self":[{"href":"https:\/\/cycle.rizoma.com\/fr\/wp-json\/wp\/v2\/product\/316678","targetHints":{"allow":["GET"]}}],"collection":[{"href":"https:\/\/cycle.rizoma.com\/fr\/wp-json\/wp\/v2\/product"}],"about":[{"href":"https:\/\/cycle.rizoma.com\/fr\/wp-json\/wp\/v2\/types\/product"}],"wp:featuredmedia":[{"embeddable":true,"href":"https:\/\/cycle.rizoma.com\/fr\/wp-json\/wp\/v2\/media\/294117"}],"wp:attachment":[{"href":"https:\/\/cycle.rizoma.com\/fr\/wp-json\/wp\/v2\/media?parent=316678"}],"wp:term":[{"taxonomy":"rizoma_assembly_time","embeddable":true,"href":"https:\/\/cycle.rizoma.com\/fr\/wp-json\/wp\/v2\/rizoma_assembly_time?post=316678"},{"taxonomy":"rizoma_bike","embeddable":true,"href":"https:\/\/cycle.rizoma.com\/fr\/wp-json\/wp\/v2\/rizoma_bike?post=316678"},{"taxonomy":"rizoma_division","embeddable":true,"href":"https:\/\/cycle.rizoma.com\/fr\/wp-json\/wp\/v2\/rizoma_division?post=316678"},{"taxonomy":"rizoma_family","embeddable":true,"href":"https:\/\/cycle.rizoma.com\/fr\/wp-json\/wp\/v2\/rizoma_family?post=316678"},{"taxonomy":"rizoma_model_category","embeddable":true,"href":"https:\/\/cycle.rizoma.com\/fr\/wp-json\/wp\/v2\/rizoma_model_category?post=316678"},{"taxonomy":"rizoma_product_template","embeddable":true,"href":"https:\/\/cycle.rizoma.com\/fr\/wp-json\/wp\/v2\/rizoma_product_template?post=316678"},{"taxonomy":"product_brand","embeddable":true,"href":"https:\/\/cycle.rizoma.com\/fr\/wp-json\/wp\/v2\/product_brand?post=316678"},{"taxonomy":"product_cat","embeddable":true,"href":"https:\/\/cycle.rizoma.com\/fr\/wp-json\/wp\/v2\/product_cat?post=316678"},{"taxonomy":"product_tag","embeddable":true,"href":"https:\/\/cycle.rizoma.com\/fr\/wp-json\/wp\/v2\/product_tag?post=316678"}],"curies":[{"name":"wp","href":"https:\/\/api.w.org\/{rel}","templated":true}]}}