{"id":316698,"date":"2024-11-21T17:09:51","date_gmt":"2024-11-21T16:09:51","guid":{"rendered":"https:\/\/rwp.rizoma.com\/negozio\/saute-vent-avec-kit-de-montage-zdm149\/"},"modified":"2025-09-17T22:48:17","modified_gmt":"2025-09-17T20:48:17","slug":"saute-vent-avec-kit-de-montage-zdm149","status":"publish","type":"product","link":"https:\/\/cycle.rizoma.com\/fr\/negozio\/saute-vents\/ZDM149\/saute-vent-avec-kit-de-montage-zdm149\/","title":{"rendered":"Saute-vent avec Kit de montage"},"content":{"rendered":"<p>Design innovant pour le car\u00e9nage Rizoma, cr\u00e9\u00e9 pour capter l&#8217;attention. Fabriqu\u00e9 en carbone, un mat\u00e9riau l\u00e9ger et r\u00e9sistant, qui correspond au style dynamique de cette moto. Livr\u00e9 complet avec kit de montage.<\/p>\n","protected":false},"excerpt":{"rendered":"<p>Design innovant pour le car\u00e9nage Rizoma, cr\u00e9\u00e9 pour capter l&#8217;attention. Fabriqu\u00e9 en carbone, un mat\u00e9riau l\u00e9ger et r\u00e9sistant, qui correspond au style dynamique de cette moto. Livr\u00e9 complet avec kit de montage.<\/p>\n","protected":false},"featured_media":308791,"template":"","meta":{"_acf_changed":false},"rizoma_assembly_time":[42675],"rizoma_bike":[42527,42218,42313,42219,42314,42431,42580,42523,42524],"rizoma_division":[42651],"rizoma_family":[],"rizoma_model_category":[],"rizoma_product_template":[],"product_brand":[],"product_cat":[42827],"product_tag":[],"class_list":{"0":"post-316698","1":"product","2":"type-product","3":"status-publish","4":"has-post-thumbnail","6":"rizoma_bike-streetfighter-v4-2023-24","7":"rizoma_bike-streetfighter-v4-1100-2020","8":"rizoma_bike-streetfighter-v4-1100-2021-22","9":"rizoma_bike-streetfighter-v4-1100-s-2020","10":"rizoma_bike-streetfighter-v4-1100-s-2021-22","11":"rizoma_bike-streetfighter-v4-1100-sp-2022","12":"rizoma_bike-streetfighter-v4-lamborghini-2023-24","13":"rizoma_bike-streetfighter-v4-s-2023-24","14":"rizoma_bike-streetfighter-v4-sp2-2023-24","15":"product_cat-saute-vents","17":"first","18":"instock","19":"taxable","20":"shipping-taxable","21":"purchasable","22":"product-type-variable"},"acf":[],"_links":{"self":[{"href":"https:\/\/cycle.rizoma.com\/fr\/wp-json\/wp\/v2\/product\/316698","targetHints":{"allow":["GET"]}}],"collection":[{"href":"https:\/\/cycle.rizoma.com\/fr\/wp-json\/wp\/v2\/product"}],"about":[{"href":"https:\/\/cycle.rizoma.com\/fr\/wp-json\/wp\/v2\/types\/product"}],"wp:featuredmedia":[{"embeddable":true,"href":"https:\/\/cycle.rizoma.com\/fr\/wp-json\/wp\/v2\/media\/308791"}],"wp:attachment":[{"href":"https:\/\/cycle.rizoma.com\/fr\/wp-json\/wp\/v2\/media?parent=316698"}],"wp:term":[{"taxonomy":"rizoma_assembly_time","embeddable":true,"href":"https:\/\/cycle.rizoma.com\/fr\/wp-json\/wp\/v2\/rizoma_assembly_time?post=316698"},{"taxonomy":"rizoma_bike","embeddable":true,"href":"https:\/\/cycle.rizoma.com\/fr\/wp-json\/wp\/v2\/rizoma_bike?post=316698"},{"taxonomy":"rizoma_division","embeddable":true,"href":"https:\/\/cycle.rizoma.com\/fr\/wp-json\/wp\/v2\/rizoma_division?post=316698"},{"taxonomy":"rizoma_family","embeddable":true,"href":"https:\/\/cycle.rizoma.com\/fr\/wp-json\/wp\/v2\/rizoma_family?post=316698"},{"taxonomy":"rizoma_model_category","embeddable":true,"href":"https:\/\/cycle.rizoma.com\/fr\/wp-json\/wp\/v2\/rizoma_model_category?post=316698"},{"taxonomy":"rizoma_product_template","embeddable":true,"href":"https:\/\/cycle.rizoma.com\/fr\/wp-json\/wp\/v2\/rizoma_product_template?post=316698"},{"taxonomy":"product_brand","embeddable":true,"href":"https:\/\/cycle.rizoma.com\/fr\/wp-json\/wp\/v2\/product_brand?post=316698"},{"taxonomy":"product_cat","embeddable":true,"href":"https:\/\/cycle.rizoma.com\/fr\/wp-json\/wp\/v2\/product_cat?post=316698"},{"taxonomy":"product_tag","embeddable":true,"href":"https:\/\/cycle.rizoma.com\/fr\/wp-json\/wp\/v2\/product_tag?post=316698"}],"curies":[{"name":"wp","href":"https:\/\/api.w.org\/{rel}","templated":true}]}}