{"id":316703,"date":"2024-11-21T17:10:00","date_gmt":"2024-11-21T16:10:00","guid":{"rendered":"https:\/\/rwp.rizoma.com\/negozio\/mutation-p1-gr150\/"},"modified":"2026-02-27T19:02:13","modified_gmt":"2026-02-27T18:02:13","slug":"mutation-p1-gr150","status":"publish","type":"product","link":"https:\/\/cycle.rizoma.com\/fr\/negozio\/kit-pour-guidons\/GR150\/mutation-p1-gr150\/","title":{"rendered":"Mutation P1"},"content":{"rendered":"<p>Mutation P1 est la premi\u00e8re poign\u00e9e Rizoma enti\u00e8rement r\u00e9alis\u00e9 \u00e0 l&#8217;aide d\u2019un des plus r\u00e9cent \u00e9lastom\u00e8re, con\u00e7u pour r\u00e9pondre aux performances de grip les plus \u00e9lev\u00e9es.<br \/>Sa surface est caract\u00e9ris\u00e9e par la Texture  Altera, un design exclusif de Rizoma, cr\u00e9\u00e9 et d\u00e9velopp\u00e9 sur la base d&#8217;\u00e9tudes sensorielles tactiles entre le produit et le pilote.<br \/>La Texture Altera se r\u00e9p\u00e8te sur les plus grandes surfaces de traction de la poign\u00e9e, son inclinaison et la disposition de ses modules sont con\u00e7us pour optimiser la poign\u00e9e.<\/p>\n","protected":false},"excerpt":{"rendered":"<p>Mutation P1 est la premi\u00e8re poign\u00e9e Rizoma enti\u00e8rement r\u00e9alis\u00e9 \u00e0 l&#8217;aide d\u2019un des plus r\u00e9cent \u00e9lastom\u00e8re, con\u00e7u pour r\u00e9pondre aux performances de grip les plus \u00e9lev\u00e9es.Sa surface est caract\u00e9ris\u00e9e par la Texture Altera, un design exclusif de Rizoma, cr\u00e9\u00e9 et d\u00e9velopp\u00e9 sur la base d&#8217;\u00e9tudes sensorielles tactiles entre le produit et le pilote.La Texture Altera [&hellip;]<\/p>\n","protected":false},"featured_media":293667,"template":"","meta":{"_acf_changed":false},"rizoma_assembly_time":[42742],"rizoma_bike":[42608,42609,44468,44469,42341,42342,42587,42635,42518,42450,42304,43741,42542,43742,42321,42451,42610,42322,42452,42611,42640,42470,42471,42367,42515,42613,42572,43689,42629,41985,42130,42368,42644,43688,42596,43973,42597,42615,43974,42311,42214,42401,42432,42101,42215,42425,42197,42335,42477,42545,42546,42153,42539,42433,42093,42216,42426,42162,42612,42102,42233,42573,42497,42397,42520,42646,42521,42647,42522,42430,43893,42499,43894,42527,43755,42523,43756,42251,42312,42336,42337,42358,42466,44374,41945,42328,42329,42473,41955,42330,42456,44368,42468,42457,42626,41915,41975,42195,41965,41916,41976,42543,42196,42458,42385,42459,42411,42544,44036,42340,42502,43687,42464,42369,44370,42581,44371,42582,42238,42317,42500,42465,42318,42503,42344,42319,42343,42320,42366,42504,42478,42258,42370,42505,42501,42443,42583],"rizoma_division":[42651],"rizoma_family":[42950],"rizoma_model_category":[],"rizoma_product_template":[],"product_brand":[],"product_cat":[42661],"product_tag":[],"class_list":{"0":"post-316703","1":"product","2":"type-product","3":"status-publish","4":"has-post-thumbnail","6":"rizoma_bike-hypermotard-698-mono-2024-26","7":"rizoma_bike-hypermotard-698-mono-rve-2024-26","8":"rizoma_bike-monster-890-2026","9":"rizoma_bike-monster-890-2026-1","10":"rizoma_bike-monster-937-2021-25","11":"rizoma_bike-monster-937-2021-25-1","12":"rizoma_bike-monster-937-30-anniversario-2023-24","13":"rizoma_bike-monster-937-senna-2024","14":"rizoma_bike-monster-937-sp-2023-25","15":"rizoma_bike-mt-07-2021-24","16":"rizoma_bike-mt-07-2021","17":"rizoma_bike-mt-07-2025-26","18":"rizoma_bike-mt-07-pure-2023-25","19":"rizoma_bike-mt-07-y-amt-2025-26","20":"rizoma_bike-mt-09-2021","21":"rizoma_bike-mt-09-2022-23","22":"rizoma_bike-mt-09-2024-26","23":"rizoma_bike-mt-09-sp-2021","24":"rizoma_bike-mt-09-sp-2022-23","25":"rizoma_bike-mt-09-sp-2024-26","26":"rizoma_bike-mt-09-y-amt-2024-26","27":"rizoma_bike-mt-10-2022-26","28":"rizoma_bike-mt-10-sp-2022-25","29":"rizoma_bike-ninja-1000-zx-10r-2021-22","30":"rizoma_bike-ninja-1000-zx-10r-2021-25","31":"rizoma_bike-ninja-1000-zx-10r-40th-anniversary-edition-2024","32":"rizoma_bike-ninja-1000-zx-10r-performance-2021-24","33":"rizoma_bike-ninja-1000-zx-10r-performance-2025","34":"rizoma_bike-ninja-1000-zx-10rr-winter-test-limited-edition-2024","35":"rizoma_bike-ninja-1000-zx-10rr-2017-18","36":"rizoma_bike-ninja-1000-zx-10rr-2019-20","37":"rizoma_bike-ninja-1000-zx-10rr-2021-23","38":"rizoma_bike-ninja-1000-zx-10rr-2025","39":"rizoma_bike-ninja-1000-zx-10rr-performance-2025","40":"rizoma_bike-ninja-zx-4r-2024-26","41":"rizoma_bike-ninja-zx-4r-performance-2025-26","42":"rizoma_bike-ninja-zx-4rr-2024-26","43":"rizoma_bike-ninja-zx-4rr-40th-anniversay-edition-2024","44":"rizoma_bike-ninja-zx-4rr-performance-2025-26","45":"rizoma_bike-panigale-v2-2021-24","46":"rizoma_bike-panigale-v2-955-2020","47":"rizoma_bike-panigale-v2-bayliss-1st-championship-20th-anniversary-2021-24","48":"rizoma_bike-panigale-v4-2022-24","49":"rizoma_bike-panigale-v4-1100-2018-19","50":"rizoma_bike-panigale-v4-1100-2020","51":"rizoma_bike-panigale-v4-1100-2021","52":"rizoma_bike-panigale-v4-1100-25-anniversario-2019-20","53":"rizoma_bike-panigale-v4-1100-sp-2021","54":"rizoma_bike-panigale-v4-1100-sp2-2022-23","55":"rizoma_bike-panigale-v4-bagnaia-2022-world-champion-replica-2023","56":"rizoma_bike-panigale-v4-bautista-2022-world-champion-replica-2023","57":"rizoma_bike-panigale-v4-r-2023-24","58":"rizoma_bike-panigale-v4-r-1000-2019-20","59":"rizoma_bike-panigale-v4-s-2022-24","60":"rizoma_bike-panigale-v4-s-1100-2018-19","61":"rizoma_bike-panigale-v4-s-1100-2020","62":"rizoma_bike-panigale-v4-s-1100-2021","63":"rizoma_bike-panigale-v4-s-1100-corse-2019","64":"rizoma_bike-panigale-v4-sp2-30-anniversario-916-2024","65":"rizoma_bike-panigale-v4-speciale-1100-2018-19","66":"rizoma_bike-rs-660-2020-24","67":"rizoma_bike-rs-660-extrema-2023-24","68":"rizoma_bike-rs-660-limited-edition-2020-23","69":"rizoma_bike-rs-660-trofeo-2021-22","70":"rizoma_bike-scrambler-800-full-throttle-2023-24","71":"rizoma_bike-scrambler-800-full-throttle-2025-26","72":"rizoma_bike-scrambler-800-icon-2023-24","73":"rizoma_bike-scrambler-800-icon-dark-2025-26","74":"rizoma_bike-scrambler-800-nightshift-2023-24","75":"rizoma_bike-streetfighter-v2-2022-24","76":"rizoma_bike-streetfighter-v2-2025-26","77":"rizoma_bike-streetfighter-v2-955-green-2022-23","78":"rizoma_bike-streetfighter-v2-s-2025-26","79":"rizoma_bike-streetfighter-v4-2023-24","80":"rizoma_bike-streetfighter-v4-2025-26","81":"rizoma_bike-streetfighter-v4-s-2023-24","82":"rizoma_bike-streetfighter-v4-s-2025-26","83":"rizoma_bike-superleggera-v4-1000-2020","84":"rizoma_bike-superleggera-v4-1000-2021-23","85":"rizoma_bike-supersport-950-2021-24","86":"rizoma_bike-supersport-950-s-2021-24","87":"rizoma_bike-tuono-660-2021-25","88":"rizoma_bike-tuono-660-factory-2022-24","89":"rizoma_bike-tuono-660-factory-2025-26","90":"rizoma_bike-xdiavel-1262-2016-20","91":"rizoma_bike-xdiavel-1262-black-star-2021","92":"rizoma_bike-xdiavel-1262-dark-2021-24","93":"rizoma_bike-xdiavel-1262-nera-2022-23","94":"rizoma_bike-xdiavel-1262-s-2016-20","95":"rizoma_bike-xdiavel-1262-s-2021-24","96":"rizoma_bike-xsr-700-2022-26","97":"rizoma_bike-xsr-700-legacy-2023-26","98":"rizoma_bike-xsr-700-xtribute-2022-24","99":"rizoma_bike-xsr-900-2022-24","100":"rizoma_bike-xsr-900-gp-2024-26","101":"rizoma_bike-yzf-r1-2015-16","102":"rizoma_bike-yzf-r1-2017-19","103":"rizoma_bike-yzf-r1-2020-25","104":"rizoma_bike-yzf-r1-60th-anniversary-2015-16","105":"rizoma_bike-yzf-r1-m-2015-16","106":"rizoma_bike-yzf-r1-m-2017-19","107":"rizoma_bike-yzf-r1-world-gp-60th-anniversary-2022-23","108":"rizoma_bike-yzf-r1m-2020-25","109":"rizoma_bike-yzf-r6-gytr-2022-26","110":"rizoma_bike-yzf-r6-race-2021","111":"rizoma_bike-yzf-r6-race-2022-26","112":"rizoma_bike-yzf-r7-2021-25","113":"rizoma_bike-yzf-r7-world-gp-60th-anniversary-2022-23","114":"rizoma_bike-yzf-r9-2025-26","115":"rizoma_bike-z-650-2021-22","116":"rizoma_bike-z-650-2023-24","117":"rizoma_bike-z-650-2025-26","118":"rizoma_bike-z-650-50th-anniversary-2022-23","119":"rizoma_bike-z-650-performance-2021-24","120":"rizoma_bike-z-650-performance-arrow-2025-26","121":"rizoma_bike-z-650-sport-2021-24","122":"rizoma_bike-z-650-sport-2025-26","123":"rizoma_bike-z-650-urban-2021-24","124":"rizoma_bike-z-900-2020-22","125":"rizoma_bike-z-900-2020","126":"rizoma_bike-z-900-2023-24","127":"rizoma_bike-z-900-50th-anniversary-2022-23","128":"rizoma_bike-z-900-a2-2020","129":"rizoma_bike-z-900-a2-2021-24","130":"rizoma_bike-z-900-a2-performance-2021-24","131":"rizoma_bike-z-900-performance-2020","132":"rizoma_bike-z-900-performance-2021-24","133":"rizoma_bike-z-900-performance-a2-2020","134":"rizoma_bike-z-900-rs-2021","135":"rizoma_bike-z-900-rs-2022-25","136":"rizoma_bike-z-900-rs-50th-anniversary-2022","137":"rizoma_bike-z-900-rs-performance-2020","138":"rizoma_bike-z-900-rs-performance-2021-22","139":"rizoma_bike-z-900-rs-se-2022-25","140":"rizoma_bike-z-900-se-2022-24","141":"rizoma_bike-z-900-se-2022","142":"rizoma_bike-z-900-se-performance-2023-24","143":"product_cat-kit-pour-guidons","145":"first","146":"instock","147":"taxable","148":"shipping-taxable","149":"purchasable","150":"product-type-variable"},"acf":[],"_links":{"self":[{"href":"https:\/\/cycle.rizoma.com\/fr\/wp-json\/wp\/v2\/product\/316703","targetHints":{"allow":["GET"]}}],"collection":[{"href":"https:\/\/cycle.rizoma.com\/fr\/wp-json\/wp\/v2\/product"}],"about":[{"href":"https:\/\/cycle.rizoma.com\/fr\/wp-json\/wp\/v2\/types\/product"}],"wp:featuredmedia":[{"embeddable":true,"href":"https:\/\/cycle.rizoma.com\/fr\/wp-json\/wp\/v2\/media\/293667"}],"wp:attachment":[{"href":"https:\/\/cycle.rizoma.com\/fr\/wp-json\/wp\/v2\/media?parent=316703"}],"wp:term":[{"taxonomy":"rizoma_assembly_time","embeddable":true,"href":"https:\/\/cycle.rizoma.com\/fr\/wp-json\/wp\/v2\/rizoma_assembly_time?post=316703"},{"taxonomy":"rizoma_bike","embeddable":true,"href":"https:\/\/cycle.rizoma.com\/fr\/wp-json\/wp\/v2\/rizoma_bike?post=316703"},{"taxonomy":"rizoma_division","embeddable":true,"href":"https:\/\/cycle.rizoma.com\/fr\/wp-json\/wp\/v2\/rizoma_division?post=316703"},{"taxonomy":"rizoma_family","embeddable":true,"href":"https:\/\/cycle.rizoma.com\/fr\/wp-json\/wp\/v2\/rizoma_family?post=316703"},{"taxonomy":"rizoma_model_category","embeddable":true,"href":"https:\/\/cycle.rizoma.com\/fr\/wp-json\/wp\/v2\/rizoma_model_category?post=316703"},{"taxonomy":"rizoma_product_template","embeddable":true,"href":"https:\/\/cycle.rizoma.com\/fr\/wp-json\/wp\/v2\/rizoma_product_template?post=316703"},{"taxonomy":"product_brand","embeddable":true,"href":"https:\/\/cycle.rizoma.com\/fr\/wp-json\/wp\/v2\/product_brand?post=316703"},{"taxonomy":"product_cat","embeddable":true,"href":"https:\/\/cycle.rizoma.com\/fr\/wp-json\/wp\/v2\/product_cat?post=316703"},{"taxonomy":"product_tag","embeddable":true,"href":"https:\/\/cycle.rizoma.com\/fr\/wp-json\/wp\/v2\/product_tag?post=316703"}],"curies":[{"name":"wp","href":"https:\/\/api.w.org\/{rel}","templated":true}]}}