{"id":316718,"date":"2024-11-21T17:10:22","date_gmt":"2024-11-21T16:10:22","guid":{"rendered":"https:\/\/rwp.rizoma.com\/negozio\/kit-de-montage-pour-clignotant-rizoma-leggera-sur-carenage-fr438\/"},"modified":"2025-01-14T12:24:50","modified_gmt":"2025-01-14T11:24:50","slug":"kit-de-montage-pour-clignotant-rizoma-leggera-sur-carenage-fr438","status":"publish","type":"product","link":"https:\/\/cycle.rizoma.com\/fr\/negozio\/clignotants\/FR438\/kit-de-montage-pour-clignotant-rizoma-leggera-sur-carenage-fr438\/","title":{"rendered":"Kit de montage pour clignotant Rizoma Leggera sur car\u00e9nage"},"content":{"rendered":"<p>Chaque adaptateur est r\u00e9alis\u00e9 sp\u00e9cifiquement pour le mod\u00e8le de moto correspondant, afin de garantir une fixation optimale. Ces adaptateurs sont r\u00e9alis\u00e9s en aluminium.<\/p>\n","protected":false},"excerpt":{"rendered":"<p>Chaque adaptateur est r\u00e9alis\u00e9 sp\u00e9cifiquement pour le mod\u00e8le de moto correspondant, afin de garantir une fixation optimale. Ces adaptateurs sont r\u00e9alis\u00e9s en aluminium.<\/p>\n","protected":false},"featured_media":301732,"template":"","meta":{"_acf_changed":false},"rizoma_assembly_time":[42675],"rizoma_bike":[42311,42214,42401,42432,42101,42215,42425,42197,42335,42477,42545,42546,42153,42539,42433,42093,42216,42426,42162,42612,42102,42251,42312],"rizoma_division":[42651],"rizoma_family":[42709],"rizoma_model_category":[],"rizoma_product_template":[],"product_brand":[],"product_cat":[42714],"product_tag":[],"class_list":{"0":"post-316718","1":"product","2":"type-product","3":"status-publish","4":"has-post-thumbnail","6":"rizoma_bike-panigale-v2-2021-24","7":"rizoma_bike-panigale-v2-955-2020","8":"rizoma_bike-panigale-v2-bayliss-1st-championship-20th-anniversary-2021-24","9":"rizoma_bike-panigale-v4-2022-24","10":"rizoma_bike-panigale-v4-1100-2018-19","11":"rizoma_bike-panigale-v4-1100-2020","12":"rizoma_bike-panigale-v4-1100-2021","13":"rizoma_bike-panigale-v4-1100-25-anniversario-2019-20","14":"rizoma_bike-panigale-v4-1100-sp-2021","15":"rizoma_bike-panigale-v4-1100-sp2-2022-23","16":"rizoma_bike-panigale-v4-bagnaia-2022-world-champion-replica-2023","17":"rizoma_bike-panigale-v4-bautista-2022-world-champion-replica-2023","18":"rizoma_bike-panigale-v4-r-2023-24","19":"rizoma_bike-panigale-v4-r-1000-2019-20","20":"rizoma_bike-panigale-v4-s-2022-24","21":"rizoma_bike-panigale-v4-s-1100-2018-19","22":"rizoma_bike-panigale-v4-s-1100-2020","23":"rizoma_bike-panigale-v4-s-1100-2021","24":"rizoma_bike-panigale-v4-s-1100-corse-2019","25":"rizoma_bike-panigale-v4-sp2-30-anniversario-916-2024","26":"rizoma_bike-panigale-v4-speciale-1100-2018-19","27":"rizoma_bike-superleggera-v4-1000-2020","28":"rizoma_bike-superleggera-v4-1000-2021-23","29":"product_cat-clignotants","31":"first","32":"instock","33":"taxable","34":"shipping-taxable","35":"purchasable","36":"product-type-variable"},"acf":[],"_links":{"self":[{"href":"https:\/\/cycle.rizoma.com\/fr\/wp-json\/wp\/v2\/product\/316718","targetHints":{"allow":["GET"]}}],"collection":[{"href":"https:\/\/cycle.rizoma.com\/fr\/wp-json\/wp\/v2\/product"}],"about":[{"href":"https:\/\/cycle.rizoma.com\/fr\/wp-json\/wp\/v2\/types\/product"}],"wp:featuredmedia":[{"embeddable":true,"href":"https:\/\/cycle.rizoma.com\/fr\/wp-json\/wp\/v2\/media\/301732"}],"wp:attachment":[{"href":"https:\/\/cycle.rizoma.com\/fr\/wp-json\/wp\/v2\/media?parent=316718"}],"wp:term":[{"taxonomy":"rizoma_assembly_time","embeddable":true,"href":"https:\/\/cycle.rizoma.com\/fr\/wp-json\/wp\/v2\/rizoma_assembly_time?post=316718"},{"taxonomy":"rizoma_bike","embeddable":true,"href":"https:\/\/cycle.rizoma.com\/fr\/wp-json\/wp\/v2\/rizoma_bike?post=316718"},{"taxonomy":"rizoma_division","embeddable":true,"href":"https:\/\/cycle.rizoma.com\/fr\/wp-json\/wp\/v2\/rizoma_division?post=316718"},{"taxonomy":"rizoma_family","embeddable":true,"href":"https:\/\/cycle.rizoma.com\/fr\/wp-json\/wp\/v2\/rizoma_family?post=316718"},{"taxonomy":"rizoma_model_category","embeddable":true,"href":"https:\/\/cycle.rizoma.com\/fr\/wp-json\/wp\/v2\/rizoma_model_category?post=316718"},{"taxonomy":"rizoma_product_template","embeddable":true,"href":"https:\/\/cycle.rizoma.com\/fr\/wp-json\/wp\/v2\/rizoma_product_template?post=316718"},{"taxonomy":"product_brand","embeddable":true,"href":"https:\/\/cycle.rizoma.com\/fr\/wp-json\/wp\/v2\/product_brand?post=316718"},{"taxonomy":"product_cat","embeddable":true,"href":"https:\/\/cycle.rizoma.com\/fr\/wp-json\/wp\/v2\/product_cat?post=316718"},{"taxonomy":"product_tag","embeddable":true,"href":"https:\/\/cycle.rizoma.com\/fr\/wp-json\/wp\/v2\/product_tag?post=316718"}],"curies":[{"name":"wp","href":"https:\/\/api.w.org\/{rel}","templated":true}]}}