{"id":316723,"date":"2024-11-21T17:10:28","date_gmt":"2024-11-21T16:10:28","guid":{"rendered":"https:\/\/rwp.rizoma.com\/negozio\/support-pour-sac-zvp016\/"},"modified":"2025-06-06T06:26:49","modified_gmt":"2025-06-06T04:26:49","slug":"support-pour-sac-zvp016","status":"publish","type":"product","link":"https:\/\/cycle.rizoma.com\/fr\/negozio\/plus-pour-votre-vespa\/ZVP016\/support-pour-sac-zvp016\/","title":{"rendered":"Support pour sac"},"content":{"rendered":"<p>Le support \u00e0 sac est une solution design qui r\u00e9pond aux besoins quotidiens. Il est dot\u00e9 d&#8217;un syst\u00e8me d&#8217;ouverture et de fermeture facile \u00e0 ressort et, gr\u00e2ce \u00e0 ses profils ergonomiques, il permet d&#8217;ins\u00e9rer confortablement les poign\u00e9es d&#8217;un sac ou d&#8217;un sac \u00e0 dos. R\u00e9alis\u00e9 en aluminium avec une gravure laser contrast\u00e9e.<\/p>\n","protected":false},"excerpt":{"rendered":"<p>Le support \u00e0 sac est une solution design qui r\u00e9pond aux besoins quotidiens. Il est dot\u00e9 d&#8217;un syst\u00e8me d&#8217;ouverture et de fermeture facile \u00e0 ressort et, gr\u00e2ce \u00e0 ses profils ergonomiques, il permet d&#8217;ins\u00e9rer confortablement les poign\u00e9es d&#8217;un sac ou d&#8217;un sac \u00e0 dos. R\u00e9alis\u00e9 en aluminium avec une gravure laser contrast\u00e9e.<\/p>\n","protected":false},"featured_media":302022,"template":"","meta":{"_acf_changed":false},"rizoma_assembly_time":[42664],"rizoma_bike":[42558,42557,42561,42560,42567,42566],"rizoma_division":[42651],"rizoma_family":[],"rizoma_model_category":[],"rizoma_product_template":[],"product_brand":[],"product_cat":[42945],"product_tag":[],"class_list":{"0":"post-316723","1":"product","2":"type-product","3":"status-publish","4":"has-post-thumbnail","6":"rizoma_bike-gts-2015-2017","7":"rizoma_bike-gts-2018-2022","8":"rizoma_bike-gts-super-2015-2017","9":"rizoma_bike-gts-super-2018-2022","10":"rizoma_bike-sei-giorni-2016-2017","11":"rizoma_bike-sei-giorni-2018-2022","12":"product_cat-plus-pour-votre-vespa","14":"first","15":"instock","16":"taxable","17":"shipping-taxable","18":"purchasable","19":"product-type-variable"},"acf":[],"_links":{"self":[{"href":"https:\/\/cycle.rizoma.com\/fr\/wp-json\/wp\/v2\/product\/316723","targetHints":{"allow":["GET"]}}],"collection":[{"href":"https:\/\/cycle.rizoma.com\/fr\/wp-json\/wp\/v2\/product"}],"about":[{"href":"https:\/\/cycle.rizoma.com\/fr\/wp-json\/wp\/v2\/types\/product"}],"wp:featuredmedia":[{"embeddable":true,"href":"https:\/\/cycle.rizoma.com\/fr\/wp-json\/wp\/v2\/media\/302022"}],"wp:attachment":[{"href":"https:\/\/cycle.rizoma.com\/fr\/wp-json\/wp\/v2\/media?parent=316723"}],"wp:term":[{"taxonomy":"rizoma_assembly_time","embeddable":true,"href":"https:\/\/cycle.rizoma.com\/fr\/wp-json\/wp\/v2\/rizoma_assembly_time?post=316723"},{"taxonomy":"rizoma_bike","embeddable":true,"href":"https:\/\/cycle.rizoma.com\/fr\/wp-json\/wp\/v2\/rizoma_bike?post=316723"},{"taxonomy":"rizoma_division","embeddable":true,"href":"https:\/\/cycle.rizoma.com\/fr\/wp-json\/wp\/v2\/rizoma_division?post=316723"},{"taxonomy":"rizoma_family","embeddable":true,"href":"https:\/\/cycle.rizoma.com\/fr\/wp-json\/wp\/v2\/rizoma_family?post=316723"},{"taxonomy":"rizoma_model_category","embeddable":true,"href":"https:\/\/cycle.rizoma.com\/fr\/wp-json\/wp\/v2\/rizoma_model_category?post=316723"},{"taxonomy":"rizoma_product_template","embeddable":true,"href":"https:\/\/cycle.rizoma.com\/fr\/wp-json\/wp\/v2\/rizoma_product_template?post=316723"},{"taxonomy":"product_brand","embeddable":true,"href":"https:\/\/cycle.rizoma.com\/fr\/wp-json\/wp\/v2\/product_brand?post=316723"},{"taxonomy":"product_cat","embeddable":true,"href":"https:\/\/cycle.rizoma.com\/fr\/wp-json\/wp\/v2\/product_cat?post=316723"},{"taxonomy":"product_tag","embeddable":true,"href":"https:\/\/cycle.rizoma.com\/fr\/wp-json\/wp\/v2\/product_tag?post=316723"}],"curies":[{"name":"wp","href":"https:\/\/api.w.org\/{rel}","templated":true}]}}