{"id":316905,"date":"2024-11-21T17:14:42","date_gmt":"2024-11-21T16:14:42","guid":{"rendered":"https:\/\/rwp.rizoma.com\/negozio\/kit-cablage-de-clignotants-rizoma-ee191\/"},"modified":"2025-12-01T18:43:33","modified_gmt":"2025-12-01T17:43:33","slug":"kit-cablage-avec-resistances-pour-clignotants-rizoma-ee191","status":"publish","type":"product","link":"https:\/\/cycle.rizoma.com\/fr\/negozio\/clignotants\/EE191\/kit-cablage-avec-resistances-pour-clignotants-rizoma-ee191\/","title":{"rendered":"Kit c\u00e2blage avec r\u00e9sistances pour clignotants Rizoma"},"content":{"rendered":"<p>Le kit de c\u00e2blage \u00e9lectrique Rizoma est n\u00e9cessaire pour le montage des clignotants Rizoma.<br \/>Il est conseill\u00e9 de v\u00e9rifier les dessins techniques avant l\u2019achat. Chaque kit comprend 2 c\u00e2blages et 4 connecteurs T-Tap. Pour monter 4 clignotants, il est n\u00e9cessaire d\u2019acheter 2 kits.<\/p>\n","protected":false},"excerpt":{"rendered":"<p>Le kit de c\u00e2blage \u00e9lectrique Rizoma est n\u00e9cessaire pour le montage des clignotants Rizoma.Il est conseill\u00e9 de v\u00e9rifier les dessins techniques avant l\u2019achat. Chaque kit comprend 2 c\u00e2blages et 4 connecteurs T-Tap. Pour monter 4 clignotants, il est n\u00e9cessaire d\u2019acheter 2 kits.<\/p>\n","protected":false},"featured_media":306261,"template":"","meta":{"_acf_changed":false},"rizoma_assembly_time":[42664],"rizoma_bike":[42300,43871,42506,42590,42507,42508,42509,42414,42415,42416,42323,42484,43872,43873,42510,42417,42418,42419,43874,44012,43875],"rizoma_division":[42651],"rizoma_family":[42858],"rizoma_model_category":[],"rizoma_product_template":[],"product_brand":[],"product_cat":[42714],"product_tag":[],"class_list":{"0":"post-316905","1":"product","2":"type-product","3":"status-publish","4":"has-post-thumbnail","6":"rizoma_bike-forza-750-2021-22","7":"rizoma_bike-forza-750-2025-26","8":"rizoma_bike-forza-750-dct-2021-24","9":"rizoma_bike-forza-750-dct-special-edition-2024","10":"rizoma_bike-forza-750-dct-style-2021-24","11":"rizoma_bike-forza-750-dct-travel-2021-24","12":"rizoma_bike-forza-750-dct-urban-2021-24","13":"rizoma_bike-forza-750-style-2021-22","14":"rizoma_bike-forza-750-travel-2021-22","15":"rizoma_bike-forza-750-urban-2021-22","16":"rizoma_bike-x-adv-750-2021","17":"rizoma_bike-x-adv-750-2022","18":"rizoma_bike-x-adv-750-2025-26","19":"rizoma_bike-x-adv-750-adventure-2025-26","20":"rizoma_bike-x-adv-750-dct-2021-24","21":"rizoma_bike-x-adv-750-dct-adventure-2021-24","22":"rizoma_bike-x-adv-750-dct-gravel-2021-24","23":"rizoma_bike-x-adv-750-dct-travel-2021-24","24":"rizoma_bike-x-adv-750-gravel-2025-26","25":"rizoma_bike-x-adv-750-special-edition-2026","26":"rizoma_bike-x-adv-750-travel-2025-26","27":"product_cat-clignotants","29":"first","30":"instock","31":"taxable","32":"shipping-taxable","33":"purchasable","34":"product-type-variable"},"acf":[],"_links":{"self":[{"href":"https:\/\/cycle.rizoma.com\/fr\/wp-json\/wp\/v2\/product\/316905","targetHints":{"allow":["GET"]}}],"collection":[{"href":"https:\/\/cycle.rizoma.com\/fr\/wp-json\/wp\/v2\/product"}],"about":[{"href":"https:\/\/cycle.rizoma.com\/fr\/wp-json\/wp\/v2\/types\/product"}],"wp:featuredmedia":[{"embeddable":true,"href":"https:\/\/cycle.rizoma.com\/fr\/wp-json\/wp\/v2\/media\/306261"}],"wp:attachment":[{"href":"https:\/\/cycle.rizoma.com\/fr\/wp-json\/wp\/v2\/media?parent=316905"}],"wp:term":[{"taxonomy":"rizoma_assembly_time","embeddable":true,"href":"https:\/\/cycle.rizoma.com\/fr\/wp-json\/wp\/v2\/rizoma_assembly_time?post=316905"},{"taxonomy":"rizoma_bike","embeddable":true,"href":"https:\/\/cycle.rizoma.com\/fr\/wp-json\/wp\/v2\/rizoma_bike?post=316905"},{"taxonomy":"rizoma_division","embeddable":true,"href":"https:\/\/cycle.rizoma.com\/fr\/wp-json\/wp\/v2\/rizoma_division?post=316905"},{"taxonomy":"rizoma_family","embeddable":true,"href":"https:\/\/cycle.rizoma.com\/fr\/wp-json\/wp\/v2\/rizoma_family?post=316905"},{"taxonomy":"rizoma_model_category","embeddable":true,"href":"https:\/\/cycle.rizoma.com\/fr\/wp-json\/wp\/v2\/rizoma_model_category?post=316905"},{"taxonomy":"rizoma_product_template","embeddable":true,"href":"https:\/\/cycle.rizoma.com\/fr\/wp-json\/wp\/v2\/rizoma_product_template?post=316905"},{"taxonomy":"product_brand","embeddable":true,"href":"https:\/\/cycle.rizoma.com\/fr\/wp-json\/wp\/v2\/product_brand?post=316905"},{"taxonomy":"product_cat","embeddable":true,"href":"https:\/\/cycle.rizoma.com\/fr\/wp-json\/wp\/v2\/product_cat?post=316905"},{"taxonomy":"product_tag","embeddable":true,"href":"https:\/\/cycle.rizoma.com\/fr\/wp-json\/wp\/v2\/product_tag?post=316905"}],"curies":[{"name":"wp","href":"https:\/\/api.w.org\/{rel}","templated":true}]}}