{"id":316920,"date":"2024-11-21T17:15:02","date_gmt":"2024-11-21T16:15:02","guid":{"rendered":"https:\/\/rwp.rizoma.com\/negozio\/protection-horizontale-du-couvre-soupape-zdm151\/"},"modified":"2025-01-14T12:34:30","modified_gmt":"2025-01-14T11:34:30","slug":"protection-horizontale-du-couvre-soupape-zdm151","status":"publish","type":"product","link":"https:\/\/cycle.rizoma.com\/fr\/negozio\/plus-pour-votre-ducati\/ZDM151\/protection-horizontale-du-couvre-soupape-zdm151\/","title":{"rendered":"Protection horizontale du couvre-soupape"},"content":{"rendered":"<p>La protection horizontale du couvre-soupape Rizoma est obtenue \u00e0 partir d\u2019une plaque en aluminium de 3 mm d\u2019\u00e9paisseur, afin d\u2019amortir m\u00eame les coups les plus secs. Design \u00e9pur\u00e9 et fonctionnel, finition de surface noire obtenue par anodisation, il s&#8217;int\u00e8gre parfaitement \u00e0 l&#8217;harmonie de votre Monster 937. L\u00e9ger et solide, il garantit une haute r\u00e9sistance aux vibrations.<\/p>\n","protected":false},"excerpt":{"rendered":"<p>La protection horizontale du couvre-soupape Rizoma est obtenue \u00e0 partir d\u2019une plaque en aluminium de 3 mm d\u2019\u00e9paisseur, afin d\u2019amortir m\u00eame les coups les plus secs. Design \u00e9pur\u00e9 et fonctionnel, finition de surface noire obtenue par anodisation, il s&#8217;int\u00e8gre parfaitement \u00e0 l&#8217;harmonie de votre Monster 937. L\u00e9ger et solide, il garantit une haute r\u00e9sistance aux [&hellip;]<\/p>\n","protected":false},"featured_media":304726,"template":"","meta":{"_acf_changed":false},"rizoma_assembly_time":[42675],"rizoma_bike":[42341,42342,42587,42635,42518],"rizoma_division":[42651],"rizoma_family":[],"rizoma_model_category":[],"rizoma_product_template":[],"product_brand":[],"product_cat":[42812],"product_tag":[],"class_list":{"0":"post-316920","1":"product","2":"type-product","3":"status-publish","4":"has-post-thumbnail","6":"rizoma_bike-monster-937-2021-25","7":"rizoma_bike-monster-937-2021-25-1","8":"rizoma_bike-monster-937-30-anniversario-2023-24","9":"rizoma_bike-monster-937-senna-2024","10":"rizoma_bike-monster-937-sp-2023-25","11":"product_cat-plus-pour-votre-ducati","13":"first","14":"instock","15":"sale","16":"taxable","17":"shipping-taxable","18":"purchasable","19":"product-type-variable"},"acf":[],"_links":{"self":[{"href":"https:\/\/cycle.rizoma.com\/fr\/wp-json\/wp\/v2\/product\/316920","targetHints":{"allow":["GET"]}}],"collection":[{"href":"https:\/\/cycle.rizoma.com\/fr\/wp-json\/wp\/v2\/product"}],"about":[{"href":"https:\/\/cycle.rizoma.com\/fr\/wp-json\/wp\/v2\/types\/product"}],"wp:featuredmedia":[{"embeddable":true,"href":"https:\/\/cycle.rizoma.com\/fr\/wp-json\/wp\/v2\/media\/304726"}],"wp:attachment":[{"href":"https:\/\/cycle.rizoma.com\/fr\/wp-json\/wp\/v2\/media?parent=316920"}],"wp:term":[{"taxonomy":"rizoma_assembly_time","embeddable":true,"href":"https:\/\/cycle.rizoma.com\/fr\/wp-json\/wp\/v2\/rizoma_assembly_time?post=316920"},{"taxonomy":"rizoma_bike","embeddable":true,"href":"https:\/\/cycle.rizoma.com\/fr\/wp-json\/wp\/v2\/rizoma_bike?post=316920"},{"taxonomy":"rizoma_division","embeddable":true,"href":"https:\/\/cycle.rizoma.com\/fr\/wp-json\/wp\/v2\/rizoma_division?post=316920"},{"taxonomy":"rizoma_family","embeddable":true,"href":"https:\/\/cycle.rizoma.com\/fr\/wp-json\/wp\/v2\/rizoma_family?post=316920"},{"taxonomy":"rizoma_model_category","embeddable":true,"href":"https:\/\/cycle.rizoma.com\/fr\/wp-json\/wp\/v2\/rizoma_model_category?post=316920"},{"taxonomy":"rizoma_product_template","embeddable":true,"href":"https:\/\/cycle.rizoma.com\/fr\/wp-json\/wp\/v2\/rizoma_product_template?post=316920"},{"taxonomy":"product_brand","embeddable":true,"href":"https:\/\/cycle.rizoma.com\/fr\/wp-json\/wp\/v2\/product_brand?post=316920"},{"taxonomy":"product_cat","embeddable":true,"href":"https:\/\/cycle.rizoma.com\/fr\/wp-json\/wp\/v2\/product_cat?post=316920"},{"taxonomy":"product_tag","embeddable":true,"href":"https:\/\/cycle.rizoma.com\/fr\/wp-json\/wp\/v2\/product_tag?post=316920"}],"curies":[{"name":"wp","href":"https:\/\/api.w.org\/{rel}","templated":true}]}}