{"id":316940,"date":"2024-11-21T17:15:29","date_gmt":"2024-11-21T16:15:29","guid":{"rendered":"https:\/\/rwp.rizoma.com\/negozio\/garde-boue-arriere-zdm154\/"},"modified":"2025-01-14T12:34:45","modified_gmt":"2025-01-14T11:34:45","slug":"garde-boue-arriere-zdm154","status":"publish","type":"product","link":"https:\/\/cycle.rizoma.com\/fr\/negozio\/garde-boue\/ZDM154\/garde-boue-arriere-zdm154\/","title":{"rendered":"Garde-boue arri\u00e8re"},"content":{"rendered":"<p>Composant d\u2019une grande qualit\u00e9 esth\u00e9tique. Le garde-boue arri\u00e8re Rizoma est r\u00e9alis\u00e9 en fibre de carbone trait\u00e9e en autoclave pour une qualit\u00e9 et une finition de surface optimales, il est ensuite thermolaqu\u00e9 pour garantir une qualit\u00e9 et une fiabilit\u00e9 maximales et durables. En combinaison avec les autres protagonistes de la collection Rizoma, comme les caches bras oscillants, il souligne le caract\u00e8re dynamique et sportif de votre Monster 937.<\/p>\n","protected":false},"excerpt":{"rendered":"<p>Composant d\u2019une grande qualit\u00e9 esth\u00e9tique. Le garde-boue arri\u00e8re Rizoma est r\u00e9alis\u00e9 en fibre de carbone trait\u00e9e en autoclave pour une qualit\u00e9 et une finition de surface optimales, il est ensuite thermolaqu\u00e9 pour garantir une qualit\u00e9 et une fiabilit\u00e9 maximales et durables. En combinaison avec les autres protagonistes de la collection Rizoma, comme les caches bras [&hellip;]<\/p>\n","protected":false},"featured_media":307826,"template":"","meta":{"_acf_changed":false},"rizoma_assembly_time":[42675],"rizoma_bike":[42341,42342],"rizoma_division":[42651],"rizoma_family":[],"rizoma_model_category":[],"rizoma_product_template":[],"product_brand":[],"product_cat":[42873],"product_tag":[],"class_list":{"0":"post-316940","1":"product","2":"type-product","3":"status-publish","4":"has-post-thumbnail","6":"rizoma_bike-monster-937-2021-25","7":"rizoma_bike-monster-937-2021-25-1","8":"product_cat-garde-boue","10":"first","11":"instock","12":"sale","13":"taxable","14":"shipping-taxable","15":"purchasable","16":"product-type-variable"},"acf":[],"_links":{"self":[{"href":"https:\/\/cycle.rizoma.com\/fr\/wp-json\/wp\/v2\/product\/316940","targetHints":{"allow":["GET"]}}],"collection":[{"href":"https:\/\/cycle.rizoma.com\/fr\/wp-json\/wp\/v2\/product"}],"about":[{"href":"https:\/\/cycle.rizoma.com\/fr\/wp-json\/wp\/v2\/types\/product"}],"wp:featuredmedia":[{"embeddable":true,"href":"https:\/\/cycle.rizoma.com\/fr\/wp-json\/wp\/v2\/media\/307826"}],"wp:attachment":[{"href":"https:\/\/cycle.rizoma.com\/fr\/wp-json\/wp\/v2\/media?parent=316940"}],"wp:term":[{"taxonomy":"rizoma_assembly_time","embeddable":true,"href":"https:\/\/cycle.rizoma.com\/fr\/wp-json\/wp\/v2\/rizoma_assembly_time?post=316940"},{"taxonomy":"rizoma_bike","embeddable":true,"href":"https:\/\/cycle.rizoma.com\/fr\/wp-json\/wp\/v2\/rizoma_bike?post=316940"},{"taxonomy":"rizoma_division","embeddable":true,"href":"https:\/\/cycle.rizoma.com\/fr\/wp-json\/wp\/v2\/rizoma_division?post=316940"},{"taxonomy":"rizoma_family","embeddable":true,"href":"https:\/\/cycle.rizoma.com\/fr\/wp-json\/wp\/v2\/rizoma_family?post=316940"},{"taxonomy":"rizoma_model_category","embeddable":true,"href":"https:\/\/cycle.rizoma.com\/fr\/wp-json\/wp\/v2\/rizoma_model_category?post=316940"},{"taxonomy":"rizoma_product_template","embeddable":true,"href":"https:\/\/cycle.rizoma.com\/fr\/wp-json\/wp\/v2\/rizoma_product_template?post=316940"},{"taxonomy":"product_brand","embeddable":true,"href":"https:\/\/cycle.rizoma.com\/fr\/wp-json\/wp\/v2\/product_brand?post=316940"},{"taxonomy":"product_cat","embeddable":true,"href":"https:\/\/cycle.rizoma.com\/fr\/wp-json\/wp\/v2\/product_cat?post=316940"},{"taxonomy":"product_tag","embeddable":true,"href":"https:\/\/cycle.rizoma.com\/fr\/wp-json\/wp\/v2\/product_tag?post=316940"}],"curies":[{"name":"wp","href":"https:\/\/api.w.org\/{rel}","templated":true}]}}