{"id":316945,"date":"2024-11-21T17:15:36","date_gmt":"2024-11-21T16:15:36","guid":{"rendered":"https:\/\/rwp.rizoma.com\/negozio\/ailerons-lateraux-zdm152\/"},"modified":"2026-02-21T00:42:16","modified_gmt":"2026-02-20T23:42:16","slug":"ailerons-lateraux-zdm152","status":"publish","type":"product","link":"https:\/\/cycle.rizoma.com\/fr\/negozio\/plus-pour-votre-ducati\/ZDM152\/ailerons-lateraux-zdm152\/","title":{"rendered":"Ailerons lat\u00e9raux"},"content":{"rendered":"<p>Les ailerons lat\u00e9rales prennent formes \u00e0 partir de la volont\u00e9 de Rizoma de donner un nouveau look au Monster 937. Le r\u00e9sultat est l&#8217;une des meilleures expressions de son exp\u00e9rience en mati\u00e8re de red\u00e9finition et de mise en valeur du caract\u00e8re des ic\u00f4nes de la moto.<br \/>Le design, inspir\u00e9 du monde de la course et de la recherche dans le domaine de la dynamique des fluides, revoit compl\u00e8tement l&#8217;esth\u00e9tique de l&#8217;avant et des c\u00f4t\u00e9s de ce monstre \u00e0 deux roues, en soulignant son \u00e2me sportive et courageuse.<br \/>Les ailerons sont fabriqu\u00e9es \u00e0 partir d&#8217;une combinaison de deux mat\u00e9riaux l\u00e9gers et r\u00e9sistants. L&#8217;\u00e9l\u00e9ment de fixation du car\u00e9nage est en aluminium usin\u00e9 dans la masse et anodis\u00e9, le corps a\u00e9rodynamique est en fibre de carbone, autoclav\u00e9 pour une meilleure finition de surface. La carrosserie a\u00e9rodynamique est r\u00e9alis\u00e9e en fibre de carbone, autoclav\u00e9e pour une meilleure finition de surface, puis cuite au four pour maintenir une qualit\u00e9 et une fiabilit\u00e9 maximales dans le temps.<br \/>En combinaison avec les autres accessoires de la collection Rizoma, votre Monster 937 sera unique.<\/p>\n","protected":false},"excerpt":{"rendered":"<p>Les ailerons lat\u00e9rales prennent formes \u00e0 partir de la volont\u00e9 de Rizoma de donner un nouveau look au Monster 937. Le r\u00e9sultat est l&#8217;une des meilleures expressions de son exp\u00e9rience en mati\u00e8re de red\u00e9finition et de mise en valeur du caract\u00e8re des ic\u00f4nes de la moto.Le design, inspir\u00e9 du monde de la course et de [&hellip;]<\/p>\n","protected":false},"featured_media":313739,"template":"","meta":{"_acf_changed":false},"rizoma_assembly_time":[42675],"rizoma_bike":[42341,42342,42587,42635,42518],"rizoma_division":[42651],"rizoma_family":[],"rizoma_model_category":[],"rizoma_product_template":[],"product_brand":[],"product_cat":[42812],"product_tag":[],"class_list":{"0":"post-316945","1":"product","2":"type-product","3":"status-publish","4":"has-post-thumbnail","6":"rizoma_bike-monster-937-2021-25","7":"rizoma_bike-monster-937-2021-25-1","8":"rizoma_bike-monster-937-30-anniversario-2023-24","9":"rizoma_bike-monster-937-senna-2024","10":"rizoma_bike-monster-937-sp-2023-25","11":"product_cat-plus-pour-votre-ducati","13":"first","14":"instock","15":"sale","16":"taxable","17":"shipping-taxable","18":"purchasable","19":"product-type-variable"},"acf":[],"_links":{"self":[{"href":"https:\/\/cycle.rizoma.com\/fr\/wp-json\/wp\/v2\/product\/316945","targetHints":{"allow":["GET"]}}],"collection":[{"href":"https:\/\/cycle.rizoma.com\/fr\/wp-json\/wp\/v2\/product"}],"about":[{"href":"https:\/\/cycle.rizoma.com\/fr\/wp-json\/wp\/v2\/types\/product"}],"wp:featuredmedia":[{"embeddable":true,"href":"https:\/\/cycle.rizoma.com\/fr\/wp-json\/wp\/v2\/media\/313739"}],"wp:attachment":[{"href":"https:\/\/cycle.rizoma.com\/fr\/wp-json\/wp\/v2\/media?parent=316945"}],"wp:term":[{"taxonomy":"rizoma_assembly_time","embeddable":true,"href":"https:\/\/cycle.rizoma.com\/fr\/wp-json\/wp\/v2\/rizoma_assembly_time?post=316945"},{"taxonomy":"rizoma_bike","embeddable":true,"href":"https:\/\/cycle.rizoma.com\/fr\/wp-json\/wp\/v2\/rizoma_bike?post=316945"},{"taxonomy":"rizoma_division","embeddable":true,"href":"https:\/\/cycle.rizoma.com\/fr\/wp-json\/wp\/v2\/rizoma_division?post=316945"},{"taxonomy":"rizoma_family","embeddable":true,"href":"https:\/\/cycle.rizoma.com\/fr\/wp-json\/wp\/v2\/rizoma_family?post=316945"},{"taxonomy":"rizoma_model_category","embeddable":true,"href":"https:\/\/cycle.rizoma.com\/fr\/wp-json\/wp\/v2\/rizoma_model_category?post=316945"},{"taxonomy":"rizoma_product_template","embeddable":true,"href":"https:\/\/cycle.rizoma.com\/fr\/wp-json\/wp\/v2\/rizoma_product_template?post=316945"},{"taxonomy":"product_brand","embeddable":true,"href":"https:\/\/cycle.rizoma.com\/fr\/wp-json\/wp\/v2\/product_brand?post=316945"},{"taxonomy":"product_cat","embeddable":true,"href":"https:\/\/cycle.rizoma.com\/fr\/wp-json\/wp\/v2\/product_cat?post=316945"},{"taxonomy":"product_tag","embeddable":true,"href":"https:\/\/cycle.rizoma.com\/fr\/wp-json\/wp\/v2\/product_tag?post=316945"}],"curies":[{"name":"wp","href":"https:\/\/api.w.org\/{rel}","templated":true}]}}