{"id":317120,"date":"2024-11-21T17:19:35","date_gmt":"2024-11-21T16:19:35","guid":{"rendered":"https:\/\/rwp.rizoma.com\/negozio\/pontets-rehausseurs-avec-deport-zhd155\/"},"modified":"2025-06-06T04:11:46","modified_gmt":"2025-06-06T02:11:46","slug":"pontets-rehausseurs-avec-deport-zhd155","status":"publish","type":"product","link":"https:\/\/cycle.rizoma.com\/fr\/negozio\/plus-pour-votre-harley-davidson\/ZHD155\/pontets-rehausseurs-avec-deport-zhd155\/","title":{"rendered":"Pontets r\u00e9hausseurs avec d\u00e9port"},"content":{"rendered":"<p>Le Kit pontets Rizoma pour Harley-Davidson Pan America est r\u00e9alis\u00e9 en aluminium taill\u00e9 dans la masse. \u00c9tudi\u00e9 pour rehausser de (+28,5 mm), et reculer (-37 mm) le guidon, il garantit une position plus naturelle en augmentant le confort et plaisir de conduite.<\/p>\n","protected":false},"excerpt":{"rendered":"<p>Le Kit pontets Rizoma pour Harley-Davidson Pan America est r\u00e9alis\u00e9 en aluminium taill\u00e9 dans la masse. \u00c9tudi\u00e9 pour rehausser de (+28,5 mm), et reculer (-37 mm) le guidon, il garantit une position plus naturelle en augmentant le confort et plaisir de conduite.<\/p>\n","protected":false},"featured_media":310001,"template":"","meta":{"_acf_changed":false},"rizoma_assembly_time":[42855],"rizoma_bike":[43763,43762,43759,43760,43761],"rizoma_division":[42651],"rizoma_family":[],"rizoma_model_category":[],"rizoma_product_template":[],"product_brand":[],"product_cat":[42786],"product_tag":[],"class_list":{"0":"post-317120","1":"product","2":"type-product","3":"status-publish","4":"has-post-thumbnail","6":"rizoma_bike-cvo-pan-america-2024","7":"rizoma_bike-cvo-pan-america-2025","8":"rizoma_bike-pan-america-1250-2020-25","9":"rizoma_bike-pan-america-1250-special-2020-25","10":"rizoma_bike-pan-america-1250-st-2025","11":"product_cat-plus-pour-votre-harley-davidson","13":"first","14":"instock","15":"taxable","16":"shipping-taxable","17":"purchasable","18":"product-type-variable"},"acf":[],"_links":{"self":[{"href":"https:\/\/cycle.rizoma.com\/fr\/wp-json\/wp\/v2\/product\/317120","targetHints":{"allow":["GET"]}}],"collection":[{"href":"https:\/\/cycle.rizoma.com\/fr\/wp-json\/wp\/v2\/product"}],"about":[{"href":"https:\/\/cycle.rizoma.com\/fr\/wp-json\/wp\/v2\/types\/product"}],"wp:featuredmedia":[{"embeddable":true,"href":"https:\/\/cycle.rizoma.com\/fr\/wp-json\/wp\/v2\/media\/310001"}],"wp:attachment":[{"href":"https:\/\/cycle.rizoma.com\/fr\/wp-json\/wp\/v2\/media?parent=317120"}],"wp:term":[{"taxonomy":"rizoma_assembly_time","embeddable":true,"href":"https:\/\/cycle.rizoma.com\/fr\/wp-json\/wp\/v2\/rizoma_assembly_time?post=317120"},{"taxonomy":"rizoma_bike","embeddable":true,"href":"https:\/\/cycle.rizoma.com\/fr\/wp-json\/wp\/v2\/rizoma_bike?post=317120"},{"taxonomy":"rizoma_division","embeddable":true,"href":"https:\/\/cycle.rizoma.com\/fr\/wp-json\/wp\/v2\/rizoma_division?post=317120"},{"taxonomy":"rizoma_family","embeddable":true,"href":"https:\/\/cycle.rizoma.com\/fr\/wp-json\/wp\/v2\/rizoma_family?post=317120"},{"taxonomy":"rizoma_model_category","embeddable":true,"href":"https:\/\/cycle.rizoma.com\/fr\/wp-json\/wp\/v2\/rizoma_model_category?post=317120"},{"taxonomy":"rizoma_product_template","embeddable":true,"href":"https:\/\/cycle.rizoma.com\/fr\/wp-json\/wp\/v2\/rizoma_product_template?post=317120"},{"taxonomy":"product_brand","embeddable":true,"href":"https:\/\/cycle.rizoma.com\/fr\/wp-json\/wp\/v2\/product_brand?post=317120"},{"taxonomy":"product_cat","embeddable":true,"href":"https:\/\/cycle.rizoma.com\/fr\/wp-json\/wp\/v2\/product_cat?post=317120"},{"taxonomy":"product_tag","embeddable":true,"href":"https:\/\/cycle.rizoma.com\/fr\/wp-json\/wp\/v2\/product_tag?post=317120"}],"curies":[{"name":"wp","href":"https:\/\/api.w.org\/{rel}","templated":true}]}}