{"id":317125,"date":"2024-11-21T17:19:41","date_gmt":"2024-11-21T16:19:41","guid":{"rendered":"https:\/\/rwp.rizoma.com\/negozio\/kit-eclairage-a-led-antibrouillard-zhd157\/"},"modified":"2025-01-14T12:41:31","modified_gmt":"2025-01-14T11:41:31","slug":"kit-eclairage-a-led-antibrouillard-zhd157","status":"publish","type":"product","link":"https:\/\/cycle.rizoma.com\/fr\/negozio\/plus-pour-votre-harley-davidson\/ZHD157\/kit-eclairage-a-led-antibrouillard-zhd157\/","title":{"rendered":"Kit \u00c9clairage \u00e0 LED Antibrouillard"},"content":{"rendered":"<p>Les meilleurs raids longue distance exigent une s\u00e9curit\u00e9 maximale\u00a0: Kit d\u2019\u00e9clairage \u00e0 LED antibrouillard avec cache en aluminium. Le kit comprend les kit de fixation, les c\u00e2blages et l\u2019interrupteur \u00e0 fixer sur le guidon pour pouvoir allumer et \u00e9teindre les phares commod\u00e9ment.<\/p>\n","protected":false},"excerpt":{"rendered":"<p>Les meilleurs raids longue distance exigent une s\u00e9curit\u00e9 maximale\u00a0: Kit d\u2019\u00e9clairage \u00e0 LED antibrouillard avec cache en aluminium. Le kit comprend les kit de fixation, les c\u00e2blages et l\u2019interrupteur \u00e0 fixer sur le guidon pour pouvoir allumer et \u00e9teindre les phares commod\u00e9ment.<\/p>\n","protected":false},"featured_media":311481,"template":"","meta":{"_acf_changed":false},"rizoma_assembly_time":[42911],"rizoma_bike":[43759],"rizoma_division":[42651],"rizoma_family":[],"rizoma_model_category":[],"rizoma_product_template":[],"product_brand":[],"product_cat":[42786],"product_tag":[],"class_list":{"0":"post-317125","1":"product","2":"type-product","3":"status-publish","4":"has-post-thumbnail","6":"rizoma_bike-pan-america-1250-2020-25","7":"product_cat-plus-pour-votre-harley-davidson","9":"first","10":"instock","11":"sale","12":"taxable","13":"shipping-taxable","14":"purchasable","15":"product-type-variable"},"acf":[],"_links":{"self":[{"href":"https:\/\/cycle.rizoma.com\/fr\/wp-json\/wp\/v2\/product\/317125","targetHints":{"allow":["GET"]}}],"collection":[{"href":"https:\/\/cycle.rizoma.com\/fr\/wp-json\/wp\/v2\/product"}],"about":[{"href":"https:\/\/cycle.rizoma.com\/fr\/wp-json\/wp\/v2\/types\/product"}],"wp:featuredmedia":[{"embeddable":true,"href":"https:\/\/cycle.rizoma.com\/fr\/wp-json\/wp\/v2\/media\/311481"}],"wp:attachment":[{"href":"https:\/\/cycle.rizoma.com\/fr\/wp-json\/wp\/v2\/media?parent=317125"}],"wp:term":[{"taxonomy":"rizoma_assembly_time","embeddable":true,"href":"https:\/\/cycle.rizoma.com\/fr\/wp-json\/wp\/v2\/rizoma_assembly_time?post=317125"},{"taxonomy":"rizoma_bike","embeddable":true,"href":"https:\/\/cycle.rizoma.com\/fr\/wp-json\/wp\/v2\/rizoma_bike?post=317125"},{"taxonomy":"rizoma_division","embeddable":true,"href":"https:\/\/cycle.rizoma.com\/fr\/wp-json\/wp\/v2\/rizoma_division?post=317125"},{"taxonomy":"rizoma_family","embeddable":true,"href":"https:\/\/cycle.rizoma.com\/fr\/wp-json\/wp\/v2\/rizoma_family?post=317125"},{"taxonomy":"rizoma_model_category","embeddable":true,"href":"https:\/\/cycle.rizoma.com\/fr\/wp-json\/wp\/v2\/rizoma_model_category?post=317125"},{"taxonomy":"rizoma_product_template","embeddable":true,"href":"https:\/\/cycle.rizoma.com\/fr\/wp-json\/wp\/v2\/rizoma_product_template?post=317125"},{"taxonomy":"product_brand","embeddable":true,"href":"https:\/\/cycle.rizoma.com\/fr\/wp-json\/wp\/v2\/product_brand?post=317125"},{"taxonomy":"product_cat","embeddable":true,"href":"https:\/\/cycle.rizoma.com\/fr\/wp-json\/wp\/v2\/product_cat?post=317125"},{"taxonomy":"product_tag","embeddable":true,"href":"https:\/\/cycle.rizoma.com\/fr\/wp-json\/wp\/v2\/product_tag?post=317125"}],"curies":[{"name":"wp","href":"https:\/\/api.w.org\/{rel}","templated":true}]}}