{"id":317130,"date":"2024-11-21T17:19:48","date_gmt":"2024-11-21T16:19:48","guid":{"rendered":"https:\/\/rwp.rizoma.com\/negozio\/extension-pedale-de-frein-arriere-zhd156\/"},"modified":"2025-01-14T12:41:25","modified_gmt":"2025-01-14T11:41:25","slug":"extension-pedale-de-frein-arriere-zhd156","status":"publish","type":"product","link":"https:\/\/cycle.rizoma.com\/fr\/negozio\/plus-pour-votre-harley-davidson\/ZHD156\/extension-pedale-de-frein-arriere-zhd156\/","title":{"rendered":"Extension p\u00e9dale de frein arri\u00e8re"},"content":{"rendered":"<p>Un bon appui sur le frein est d&#8217;une importance capitale, en particulier en tout-terrain !<br \/>Gr\u00e2ce \u00e0 l\u2019extension Rizoma la surface de contact est plus large que sur l&#8217;original, la botte ne s\u2019enfonce pas dans le vide et trouve plus facilement le levier, am\u00e9liorant consid\u00e9rablement la sensibilit\u00e9 de dosage de la pression.<br \/>L\u2019extension Rizoma, qui d\u00e9j\u00e0 en configuration de base offre une majoration par rapport \u00e0 l\u2019\u00e9l\u00e9ment d&#8217;origine, permet une augmentation suppl\u00e9mentaire, puisqu\u2019elle est r\u00e9glable jusqu\u2019\u00e0 une extension maximale vers l\u2019ext\u00e9rieur de +8 mm.<br \/>Enfin, Rizoma a caract\u00e9ris\u00e9 l\u2019extension du profil dent\u00e9 fonctionnel, exactement comme pour les repose-pieds Escape, n\u00e9es pour les voyages de longue distance<\/p>\n","protected":false},"excerpt":{"rendered":"<p>Un bon appui sur le frein est d&#8217;une importance capitale, en particulier en tout-terrain !Gr\u00e2ce \u00e0 l\u2019extension Rizoma la surface de contact est plus large que sur l&#8217;original, la botte ne s\u2019enfonce pas dans le vide et trouve plus facilement le levier, am\u00e9liorant consid\u00e9rablement la sensibilit\u00e9 de dosage de la pression.L\u2019extension Rizoma, qui d\u00e9j\u00e0 en [&hellip;]<\/p>\n","protected":false},"featured_media":305931,"template":"","meta":{"_acf_changed":false},"rizoma_assembly_time":[42664],"rizoma_bike":[43759],"rizoma_division":[42651],"rizoma_family":[],"rizoma_model_category":[],"rizoma_product_template":[],"product_brand":[],"product_cat":[42786],"product_tag":[],"class_list":{"0":"post-317130","1":"product","2":"type-product","3":"status-publish","4":"has-post-thumbnail","6":"rizoma_bike-pan-america-1250-2020-25","7":"product_cat-plus-pour-votre-harley-davidson","9":"first","10":"instock","11":"sale","12":"taxable","13":"shipping-taxable","14":"purchasable","15":"product-type-variable"},"acf":[],"_links":{"self":[{"href":"https:\/\/cycle.rizoma.com\/fr\/wp-json\/wp\/v2\/product\/317130","targetHints":{"allow":["GET"]}}],"collection":[{"href":"https:\/\/cycle.rizoma.com\/fr\/wp-json\/wp\/v2\/product"}],"about":[{"href":"https:\/\/cycle.rizoma.com\/fr\/wp-json\/wp\/v2\/types\/product"}],"wp:featuredmedia":[{"embeddable":true,"href":"https:\/\/cycle.rizoma.com\/fr\/wp-json\/wp\/v2\/media\/305931"}],"wp:attachment":[{"href":"https:\/\/cycle.rizoma.com\/fr\/wp-json\/wp\/v2\/media?parent=317130"}],"wp:term":[{"taxonomy":"rizoma_assembly_time","embeddable":true,"href":"https:\/\/cycle.rizoma.com\/fr\/wp-json\/wp\/v2\/rizoma_assembly_time?post=317130"},{"taxonomy":"rizoma_bike","embeddable":true,"href":"https:\/\/cycle.rizoma.com\/fr\/wp-json\/wp\/v2\/rizoma_bike?post=317130"},{"taxonomy":"rizoma_division","embeddable":true,"href":"https:\/\/cycle.rizoma.com\/fr\/wp-json\/wp\/v2\/rizoma_division?post=317130"},{"taxonomy":"rizoma_family","embeddable":true,"href":"https:\/\/cycle.rizoma.com\/fr\/wp-json\/wp\/v2\/rizoma_family?post=317130"},{"taxonomy":"rizoma_model_category","embeddable":true,"href":"https:\/\/cycle.rizoma.com\/fr\/wp-json\/wp\/v2\/rizoma_model_category?post=317130"},{"taxonomy":"rizoma_product_template","embeddable":true,"href":"https:\/\/cycle.rizoma.com\/fr\/wp-json\/wp\/v2\/rizoma_product_template?post=317130"},{"taxonomy":"product_brand","embeddable":true,"href":"https:\/\/cycle.rizoma.com\/fr\/wp-json\/wp\/v2\/product_brand?post=317130"},{"taxonomy":"product_cat","embeddable":true,"href":"https:\/\/cycle.rizoma.com\/fr\/wp-json\/wp\/v2\/product_cat?post=317130"},{"taxonomy":"product_tag","embeddable":true,"href":"https:\/\/cycle.rizoma.com\/fr\/wp-json\/wp\/v2\/product_tag?post=317130"}],"curies":[{"name":"wp","href":"https:\/\/api.w.org\/{rel}","templated":true}]}}